{"id":1768,"date":"2024-10-24T19:13:44","date_gmt":"2024-10-24T17:13:44","guid":{"rendered":"https:\/\/skovlycamping.dk\/hytter\/"},"modified":"2026-04-28T16:45:28","modified_gmt":"2026-04-28T14:45:28","slug":"campinghuetten","status":"publish","type":"page","link":"https:\/\/skovlycamping.dk\/de\/campinghuetten\/","title":{"rendered":"Campingh\u00fctten"},"content":{"rendered":"<p>Unsere Campingh\u00fctten liegen gruppiert in der N\u00e4he des Servicegeb\u00e4udes. Unser kleines \u201eH\u00fcttenstadt\u201c besteht aus 6 H\u00fctten in den Kategorien klein, mittelgro\u00df und gro\u00df, sehen Sie Details unter jeder Kategorie. Die \u201eH\u00fcttenstadt\u201c verf\u00fcgt \u00fcber einen gemeinsamen Essbereich mit Tischen\/B\u00e4nken, der eine Erweiterung eines Spielplatzes f\u00fcr die Kleinen darstellt.<\/p>\n<h4><strong>Allgemein f\u00fcr alle H\u00fctten:<\/strong><\/h4>\n<ul>\n<li>Im Preis sind die Anzahl der Personen, Endreinigung und Strom enthalten.<\/li>\n<li>Hunde sind in den H\u00fctten erlaubt, jedoch nicht in den M\u00f6beln.<\/li>\n<li>Alle H\u00fctten sind Nichtraucherh\u00fctten.<\/li>\n<li>Die H\u00fctten werden im Winter nicht vermietet.<\/li>\n<\/ul>\n<p>In der Sommerhochsaison werden mittelgro\u00dfe und gro\u00dfe H\u00fctten ab einer Mindestaufenthaltsdauer von 4 Tagen gemietet.<\/p>\n","protected":false},"excerpt":{"rendered":"<p>Unsere Campingh\u00fctten liegen gruppiert in der N\u00e4he des Servicegeb\u00e4udes. Unser kleines \u201eH\u00fcttenstadt\u201c besteht aus 6 H\u00fctten in den Kategorien klein,&#8230;<\/p>\n","protected":false},"author":2,"featured_media":0,"parent":0,"menu_order":0,"comment_status":"closed","ping_status":"closed","template":"","meta":{"_acf_changed":false,"footnotes":""},"acf":[],"yoast_head":"<!-- This site is optimized with the Yoast SEO plugin v23.2 - https:\/\/yoast.com\/wordpress\/plugins\/seo\/ -->\n<title>Campingh\u00fctten - Skovly Camping v\/Mette Balleby<\/title>\n<meta name=\"robots\" content=\"index, follow, max-snippet:-1, max-image-preview:large, max-video-preview:-1\" \/>\n<link rel=\"canonical\" href=\"https:\/\/skovlycamping.dk\/de\/campinghuetten\/\" \/>\n<meta property=\"og:locale\" content=\"de_DE\" \/>\n<meta property=\"og:type\" content=\"article\" \/>\n<meta property=\"og:title\" content=\"Campingh\u00fctten - Skovly Camping v\/Mette Balleby\" \/>\n<meta property=\"og:description\" content=\"Unsere Campingh\u00fctten liegen gruppiert in der N\u00e4he des Servicegeb\u00e4udes. Unser kleines \u201eH\u00fcttenstadt\u201c besteht aus 6 H\u00fctten in den Kategorien klein,...\" \/>\n<meta property=\"og:url\" content=\"https:\/\/skovlycamping.dk\/de\/campinghuetten\/\" \/>\n<meta property=\"og:site_name\" content=\"Skovly Camping v\/Mette Balleby\" \/>\n<meta property=\"article:modified_time\" content=\"2026-04-28T14:45:28+00:00\" \/>\n<meta name=\"twitter:card\" content=\"summary_large_image\" \/>\n<meta name=\"twitter:label1\" content=\"Gesch\u00e4tzte Lesezeit\" \/>\n\t<meta name=\"twitter:data1\" content=\"2\u00a0Minuten\" \/>\n<!-- \/ Yoast SEO plugin. -->","yoast_head_json":{"title":"Campingh\u00fctten - Skovly Camping v\/Mette Balleby","robots":{"index":"index","follow":"follow","max-snippet":"max-snippet:-1","max-image-preview":"max-image-preview:large","max-video-preview":"max-video-preview:-1"},"canonical":"https:\/\/skovlycamping.dk\/de\/campinghuetten\/","og_locale":"de_DE","og_type":"article","og_title":"Campingh\u00fctten - Skovly Camping v\/Mette Balleby","og_description":"Unsere Campingh\u00fctten liegen gruppiert in der N\u00e4he des Servicegeb\u00e4udes. Unser kleines \u201eH\u00fcttenstadt\u201c besteht aus 6 H\u00fctten in den Kategorien klein,...","og_url":"https:\/\/skovlycamping.dk\/de\/campinghuetten\/","og_site_name":"Skovly Camping v\/Mette Balleby","article_modified_time":"2026-04-28T14:45:28+00:00","twitter_card":"summary_large_image","twitter_misc":{"Gesch\u00e4tzte Lesezeit":"2\u00a0Minuten"},"schema":{"@context":"https:\/\/schema.org","@graph":[{"@type":"WebPage","@id":"https:\/\/skovlycamping.dk\/de\/campinghuetten\/","url":"https:\/\/skovlycamping.dk\/de\/campinghuetten\/","name":"Campingh\u00fctten - Skovly Camping v\/Mette Balleby","isPartOf":{"@id":"https:\/\/skovlycamping.dk\/de\/#website"},"datePublished":"2024-10-24T17:13:44+00:00","dateModified":"2026-04-28T14:45:28+00:00","breadcrumb":{"@id":"https:\/\/skovlycamping.dk\/de\/campinghuetten\/#breadcrumb"},"inLanguage":"de","potentialAction":[{"@type":"ReadAction","target":["https:\/\/skovlycamping.dk\/de\/campinghuetten\/"]}]},{"@type":"BreadcrumbList","@id":"https:\/\/skovlycamping.dk\/de\/campinghuetten\/#breadcrumb","itemListElement":[{"@type":"ListItem","position":1,"name":"Hjem","item":"https:\/\/skovlycamping.dk\/de\/"},{"@type":"ListItem","position":2,"name":"Campingh\u00fctten"}]},{"@type":"WebSite","@id":"https:\/\/skovlycamping.dk\/de\/#website","url":"https:\/\/skovlycamping.dk\/de\/","name":"Skovly Camping v\/Mette Balleby","description":"","potentialAction":[{"@type":"SearchAction","target":{"@type":"EntryPoint","urlTemplate":"https:\/\/skovlycamping.dk\/de\/?s={search_term_string}"},"query-input":"required name=search_term_string"}],"inLanguage":"de"}]}},"_links":{"self":[{"href":"https:\/\/skovlycamping.dk\/de\/wp-json\/wp\/v2\/pages\/1768"}],"collection":[{"href":"https:\/\/skovlycamping.dk\/de\/wp-json\/wp\/v2\/pages"}],"about":[{"href":"https:\/\/skovlycamping.dk\/de\/wp-json\/wp\/v2\/types\/page"}],"author":[{"embeddable":true,"href":"https:\/\/skovlycamping.dk\/de\/wp-json\/wp\/v2\/users\/2"}],"replies":[{"embeddable":true,"href":"https:\/\/skovlycamping.dk\/de\/wp-json\/wp\/v2\/comments?post=1768"}],"version-history":[{"count":15,"href":"https:\/\/skovlycamping.dk\/de\/wp-json\/wp\/v2\/pages\/1768\/revisions"}],"predecessor-version":[{"id":6610,"href":"https:\/\/skovlycamping.dk\/de\/wp-json\/wp\/v2\/pages\/1768\/revisions\/6610"}],"wp:attachment":[{"href":"https:\/\/skovlycamping.dk\/de\/wp-json\/wp\/v2\/media?parent=1768"}],"curies":[{"name":"wp","href":"https:\/\/api.w.org\/{rel}","templated":true}]}}