{"id":1831,"date":"2024-10-31T13:54:35","date_gmt":"2024-10-31T12:54:35","guid":{"rendered":"https:\/\/skovlycamping.dk\/mellem-hytte\/"},"modified":"2026-04-19T10:47:39","modified_gmt":"2026-04-19T08:47:39","slug":"mellem-hytte","status":"publish","type":"page","link":"https:\/\/skovlycamping.dk\/de\/mellem-hytte\/","title":{"rendered":"Mittelgro\u00dfe H\u00fctte"},"content":{"rendered":"<h5><strong>&#8211; die H\u00fctten mit den roten Fenstern<\/strong><\/h5>\n<h4><\/h4>\n<p>&nbsp;<\/p>\n<h4>Praktische Informationen:<\/h4>\n<ul>\n<li><strong>Der Preis:\u00a0<\/strong>ist pro 24 Stunden inklusive Strom und maximaler Personenzahl<\/li>\n<li><strong>Anzahl Personen:\u00a0<\/strong>maximal 4 Personen<\/li>\n<li><strong>Schlafplatz: <\/strong>Schlafsofa und ein Etagenbett<\/li>\n<li><strong>Bettdecke\/Kissen:\u00a0<\/strong>ist in der h\u00fctte<\/li>\n<li><strong>Leinen (Bettlaken, Bettdecken- und Kissenbez\u00fcge):\u00a0<\/strong>Sie m\u00fcssen Ihre eigenen mitbringen. Ansonsten kann es f\u00fcr DKK 75 pro Set inklusive Handtuch gemietet werden<\/li>\n<li><strong>K\u00fcche: <\/strong>K\u00fcche mit K\u00fchlschrank mit kleinem Gefrierfach, Wasserkocher, Kaffeemaschine, Herd mit Backofen, Geschirr und K\u00fcchenutensilien (Topf, Pfanne, Sch\u00fcsseln usw.)<\/li>\n<li><strong>Toilette\/Dusche: <\/strong>Toilette, ja \/ Dusche, nein<\/li>\n<li><strong>Wasser:\u00a0<\/strong>ja<\/li>\n<li><strong>Rauchen:\u00a0<\/strong>ja, au\u00dferhalb der h\u00fctte<\/li>\n<li><strong>Haustiere:\u00a0<\/strong>ja, DKK 25 pro Tag pro Haustiere (unabh\u00e4ngig von der Gr\u00f6\u00dfe)<\/li>\n<li><strong>Anzahl der N\u00e4chte: <\/strong>vom 1. Apr \u2013 30. Jun \u2013 mindestens 1 Nacht \/\/ vom 30. Jun \u2013 15. Aug \u2013 mindestens 4 N\u00e4chte \/\/ vom 15. Aug \u2013 30. Okt \u2013 mindestens 1 Nacht<\/li>\n<li><strong>Endreinigung:<\/strong> Wir \u00fcbernehmen das, Preis DKK 350<\/li>\n<\/ul>\n","protected":false},"excerpt":{"rendered":"<p>&#8211; die H\u00fctten mit den roten Fenstern &nbsp; Praktische Informationen: Der Preis:\u00a0ist pro 24 Stunden inklusive Strom und maximaler Personenzahl&#8230;<\/p>\n","protected":false},"author":2,"featured_media":0,"parent":0,"menu_order":0,"comment_status":"closed","ping_status":"closed","template":"","meta":{"_acf_changed":false,"footnotes":""},"acf":[],"yoast_head":"<!-- This site is optimized with the Yoast SEO plugin v23.2 - https:\/\/yoast.com\/wordpress\/plugins\/seo\/ -->\n<title>Mittelgro\u00dfe H\u00fctte - Skovly Camping v\/Mette Balleby<\/title>\n<meta name=\"robots\" content=\"index, follow, max-snippet:-1, max-image-preview:large, max-video-preview:-1\" \/>\n<link rel=\"canonical\" href=\"https:\/\/skovlycamping.dk\/de\/mellem-hytte\/\" \/>\n<meta property=\"og:locale\" content=\"de_DE\" \/>\n<meta property=\"og:type\" content=\"article\" \/>\n<meta property=\"og:title\" content=\"Mittelgro\u00dfe H\u00fctte - Skovly Camping v\/Mette Balleby\" \/>\n<meta property=\"og:description\" content=\"&#8211; die H\u00fctten mit den roten Fenstern &nbsp; Praktische Informationen: Der Preis:\u00a0ist pro 24 Stunden inklusive Strom und maximaler Personenzahl...\" \/>\n<meta property=\"og:url\" content=\"https:\/\/skovlycamping.dk\/de\/mellem-hytte\/\" \/>\n<meta property=\"og:site_name\" content=\"Skovly Camping v\/Mette Balleby\" \/>\n<meta property=\"article:modified_time\" content=\"2026-04-19T08:47:39+00:00\" \/>\n<meta name=\"twitter:card\" content=\"summary_large_image\" \/>\n<meta name=\"twitter:label1\" content=\"Gesch\u00e4tzte Lesezeit\" \/>\n\t<meta name=\"twitter:data1\" content=\"2\u00a0Minuten\" \/>\n<!-- \/ Yoast SEO plugin. -->","yoast_head_json":{"title":"Mittelgro\u00dfe H\u00fctte - Skovly Camping v\/Mette Balleby","robots":{"index":"index","follow":"follow","max-snippet":"max-snippet:-1","max-image-preview":"max-image-preview:large","max-video-preview":"max-video-preview:-1"},"canonical":"https:\/\/skovlycamping.dk\/de\/mellem-hytte\/","og_locale":"de_DE","og_type":"article","og_title":"Mittelgro\u00dfe H\u00fctte - Skovly Camping v\/Mette Balleby","og_description":"&#8211; die H\u00fctten mit den roten Fenstern &nbsp; Praktische Informationen: Der Preis:\u00a0ist pro 24 Stunden inklusive Strom und maximaler Personenzahl...","og_url":"https:\/\/skovlycamping.dk\/de\/mellem-hytte\/","og_site_name":"Skovly Camping v\/Mette Balleby","article_modified_time":"2026-04-19T08:47:39+00:00","twitter_card":"summary_large_image","twitter_misc":{"Gesch\u00e4tzte Lesezeit":"2\u00a0Minuten"},"schema":{"@context":"https:\/\/schema.org","@graph":[{"@type":"WebPage","@id":"https:\/\/skovlycamping.dk\/de\/mellem-hytte\/","url":"https:\/\/skovlycamping.dk\/de\/mellem-hytte\/","name":"Mittelgro\u00dfe H\u00fctte - Skovly Camping v\/Mette Balleby","isPartOf":{"@id":"https:\/\/skovlycamping.dk\/de\/#website"},"datePublished":"2024-10-31T12:54:35+00:00","dateModified":"2026-04-19T08:47:39+00:00","breadcrumb":{"@id":"https:\/\/skovlycamping.dk\/de\/mellem-hytte\/#breadcrumb"},"inLanguage":"de","potentialAction":[{"@type":"ReadAction","target":["https:\/\/skovlycamping.dk\/de\/mellem-hytte\/"]}]},{"@type":"BreadcrumbList","@id":"https:\/\/skovlycamping.dk\/de\/mellem-hytte\/#breadcrumb","itemListElement":[{"@type":"ListItem","position":1,"name":"Hjem","item":"https:\/\/skovlycamping.dk\/de\/"},{"@type":"ListItem","position":2,"name":"Mittelgro\u00dfe H\u00fctte"}]},{"@type":"WebSite","@id":"https:\/\/skovlycamping.dk\/de\/#website","url":"https:\/\/skovlycamping.dk\/de\/","name":"Skovly Camping v\/Mette Balleby","description":"","potentialAction":[{"@type":"SearchAction","target":{"@type":"EntryPoint","urlTemplate":"https:\/\/skovlycamping.dk\/de\/?s={search_term_string}"},"query-input":"required name=search_term_string"}],"inLanguage":"de"}]}},"_links":{"self":[{"href":"https:\/\/skovlycamping.dk\/de\/wp-json\/wp\/v2\/pages\/1831"}],"collection":[{"href":"https:\/\/skovlycamping.dk\/de\/wp-json\/wp\/v2\/pages"}],"about":[{"href":"https:\/\/skovlycamping.dk\/de\/wp-json\/wp\/v2\/types\/page"}],"author":[{"embeddable":true,"href":"https:\/\/skovlycamping.dk\/de\/wp-json\/wp\/v2\/users\/2"}],"replies":[{"embeddable":true,"href":"https:\/\/skovlycamping.dk\/de\/wp-json\/wp\/v2\/comments?post=1831"}],"version-history":[{"count":16,"href":"https:\/\/skovlycamping.dk\/de\/wp-json\/wp\/v2\/pages\/1831\/revisions"}],"predecessor-version":[{"id":6520,"href":"https:\/\/skovlycamping.dk\/de\/wp-json\/wp\/v2\/pages\/1831\/revisions\/6520"}],"wp:attachment":[{"href":"https:\/\/skovlycamping.dk\/de\/wp-json\/wp\/v2\/media?parent=1831"}],"curies":[{"name":"wp","href":"https:\/\/api.w.org\/{rel}","templated":true}]}}