{"id":1870,"date":"2024-09-18T10:51:38","date_gmt":"2024-09-18T08:51:38","guid":{"rendered":"https:\/\/skovlycamping.dk\/pool\/"},"modified":"2026-04-19T16:42:36","modified_gmt":"2026-04-19T14:42:36","slug":"schwimmbad","status":"publish","type":"page","link":"https:\/\/skovlycamping.dk\/de\/schwimmbad\/","title":{"rendered":"Schwimmbad"},"content":{"rendered":"<p><strong style=\"font-size: 16px;\">Das Schwimmbad ist von Freitag 5. Jun 2026 bis Sonntag 30. Aug 2026 ge\u00f6ffnet.<br \/>\n<\/strong><strong>Jeder ist willkommen, das Schwimmbad zu nutzen, sowohl G\u00e4ste, die auf dem Campingplatz wohnen, als auch Tagesg\u00e4ste.<\/strong><\/p>\n<h4 id=\"tw-target-text\" class=\"tw-data-text tw-text-large tw-ta\" dir=\"ltr\" data-placeholder=\"Overs\u00e6ttelse\" data-ved=\"2ahUKEwjGt_b1krePAxX-Q_EDHdEfBsQQ3ewLegQIChAV\" aria-label=\"Oversat tekst: Vielen Dank f\u00fcr diese Saison \ud83d\ude42 Wir \u00f6ffnen im Juni 2026 wieder\"><span class=\"Y2IQFc\" lang=\"de\" style=\"color: #33cccc;\">Vielen Dank f\u00fcr diese Saison \ud83d\ude42 Wir \u00f6ffnen im Juni 2026 wieder<\/span><\/h4>\n<p><strong>\u00d6ffnungszeiten f\u00fcr das Schwimmbad:<\/strong><\/p>\n<p><strong>Vom 5. Jun &#8211; 25. Jun:<\/strong><\/p>\n<ul>\n<li>Montag &#8211; Donnerstag: um 14:00 &#8211; 18:30 Uhr<\/li>\n<li>Freitag: um 14:00 &#8211; 20:00 Uhr<\/li>\n<li>Samstag: um 10:00 &#8211; 20:00 Uhr<\/li>\n<li>Sonntag: um 10:00 \u2013 18:30 Uhr<\/li>\n<\/ul>\n<p><strong>Vom 26. Jun &#8211; 9. Aug<\/strong><strong>:<\/strong><\/p>\n<ul>\n<li>Jeden Tag: um 10:00 &#8211; 21:00 Uhr<\/li>\n<\/ul>\n<p><strong>Vom 10. Aug &#8211; 16. Aug:<\/strong><\/p>\n<ul>\n<li>Jeden Tag: um 10:00 &#8211; 20:00 Uhr<\/li>\n<\/ul>\n<p><strong>Vom 17. Aug &#8211; 30. Aug:<\/strong><\/p>\n<ul>\n<li>Montag &#8211; Freitag: um 14:00 &#8211; 20:00 Uhr<\/li>\n<li>Samstag &#8211; Sonntag: um 10:00 &#8211; 20:00 Uhr<\/li>\n<\/ul>\n<p>&nbsp;<\/p>\n<p><strong>Praktische Informationen:<\/strong><\/p>\n<ul>\n<li>Jeder muss sich vor der Benutzung des Schwimmbades und nach der Benutzung der Toilette waschen.<\/li>\n<li>Kinder, die Windeln tragen, M\u00dcSSEN Schwimmwindeln benutzen, diese k\u00f6nnen einzeln in der Information\/Shop gekauft werden.<\/li>\n<li>Harte B\u00e4lle d\u00fcrfen nicht gespielt werden.<\/li>\n<li>St\u00fchle und Liegest\u00fchle k\u00f6nnen gratis benutzt werden.<\/li>\n<li>Das Schwimmbad wird durch die Sonne erw\u00e4rmt.<\/li>\n<\/ul>\n<p>&nbsp;<\/p>\n<div id='gallery-1' class='gallery galleryid-1870 gallery-columns-3 gallery-size-thumbnail gallery-link-file'><figure class='gallery-item'>\r\n                <div class='gallery-icon portrait'>\r\n                    <a href='https:\/\/skovlycamping.dk\/wp-content\/uploads\/2024\/10\/pool-25-scaled.jpg'><img loading=\"lazy\" decoding=\"async\" width=\"300\" height=\"300\" src=\"https:\/\/skovlycamping.dk\/wp-content\/uploads\/2024\/10\/pool-25-300x300.jpg\" class=\"attachment-thumbnail size-thumbnail\" alt=\"\" data-stom-height=\"2048\" data-stom-width=\"1360\" \/><\/a>\r\n                <\/div><\/figure><figure class='gallery-item'>\r\n                <div class='gallery-icon landscape'>\r\n                    <a href='https:\/\/skovlycamping.dk\/wp-content\/uploads\/2024\/10\/dsc-0255-1-scaled.jpg'><img loading=\"lazy\" decoding=\"async\" width=\"300\" height=\"300\" src=\"https:\/\/skovlycamping.dk\/wp-content\/uploads\/2024\/10\/dsc-0255-1-300x300.jpg\" class=\"attachment-thumbnail size-thumbnail\" alt=\"\" data-stom-height=\"2048\" data-stom-width=\"2048\" srcset=\"https:\/\/skovlycamping.dk\/wp-content\/uploads\/2024\/10\/dsc-0255-1-300x300.jpg 300w, https:\/\/skovlycamping.dk\/wp-content\/uploads\/2024\/10\/dsc-0255-1-600x600.jpg 600w, https:\/\/skovlycamping.dk\/wp-content\/uploads\/2024\/10\/dsc-0255-1-1920x1920.jpg 1920w, https:\/\/skovlycamping.dk\/wp-content\/uploads\/2024\/10\/dsc-0255-1-768x768.jpg 768w, https:\/\/skovlycamping.dk\/wp-content\/uploads\/2024\/10\/dsc-0255-1-1536x1536.jpg 1536w, https:\/\/skovlycamping.dk\/wp-content\/uploads\/2024\/10\/dsc-0255-1-scaled.jpg 2048w, https:\/\/skovlycamping.dk\/wp-content\/uploads\/2024\/10\/dsc-0255-1-1024x1024.jpg 1024w, https:\/\/skovlycamping.dk\/wp-content\/uploads\/2024\/10\/dsc-0255-1-1200x1200.jpg 1200w, https:\/\/skovlycamping.dk\/wp-content\/uploads\/2024\/10\/dsc-0255-1-1366x1366.jpg 1366w, https:\/\/skovlycamping.dk\/wp-content\/uploads\/2024\/10\/dsc-0255-1-1600x1600.jpg 1600w\" sizes=\"(min-width: 1200px) 1200px, 100vw\" \/><\/a>\r\n                <\/div><\/figure><figure class='gallery-item'>\r\n                <div class='gallery-icon portrait'>\r\n                    <a href='https:\/\/skovlycamping.dk\/wp-content\/uploads\/2024\/10\/per-og-pool-scaled.jpg'><img loading=\"lazy\" decoding=\"async\" width=\"300\" height=\"300\" src=\"https:\/\/skovlycamping.dk\/wp-content\/uploads\/2024\/10\/per-og-pool-300x300.jpg\" class=\"attachment-thumbnail size-thumbnail\" alt=\"\" data-stom-height=\"2048\" data-stom-width=\"1536\" \/><\/a>\r\n                <\/div><\/figure>\r\n            <\/div>\n\n<p><img loading=\"lazy\" decoding=\"async\" class=\"aligncenter wp-image-2751 size-medium-large-1024\" src=\"https:\/\/skovlycamping.dk\/wp-content\/uploads\/2024\/11\/pool-1024x639.jpg\" alt=\"\" width=\"1024\" height=\"639\" srcset=\"https:\/\/skovlycamping.dk\/wp-content\/uploads\/2024\/11\/pool-1024x639.jpg 1024w, https:\/\/skovlycamping.dk\/wp-content\/uploads\/2024\/11\/pool-600x375.jpg 600w, https:\/\/skovlycamping.dk\/wp-content\/uploads\/2024\/11\/pool-1920x1199.jpg 1920w, https:\/\/skovlycamping.dk\/wp-content\/uploads\/2024\/11\/pool-768x479.jpg 768w, https:\/\/skovlycamping.dk\/wp-content\/uploads\/2024\/11\/pool-1536x959.jpg 1536w, https:\/\/skovlycamping.dk\/wp-content\/uploads\/2024\/11\/pool-scaled.jpg 2048w, https:\/\/skovlycamping.dk\/wp-content\/uploads\/2024\/11\/pool-1200x749.jpg 1200w, https:\/\/skovlycamping.dk\/wp-content\/uploads\/2024\/11\/pool-1366x853.jpg 1366w, https:\/\/skovlycamping.dk\/wp-content\/uploads\/2024\/11\/pool-1600x999.jpg 1600w\" sizes=\"(min-width: 1200px) 1200px, 100vw\" \/><\/p>\n","protected":false},"excerpt":{"rendered":"<p>Das Schwimmbad ist von Freitag 5. Jun 2026 bis Sonntag 30. Aug 2026 ge\u00f6ffnet. Jeder ist willkommen, das Schwimmbad zu&#8230;<\/p>\n","protected":false},"author":1,"featured_media":0,"parent":0,"menu_order":0,"comment_status":"closed","ping_status":"closed","template":"","meta":{"_acf_changed":false,"footnotes":""},"acf":[],"yoast_head":"<!-- This site is optimized with the Yoast SEO plugin v23.2 - https:\/\/yoast.com\/wordpress\/plugins\/seo\/ -->\n<title>Schwimmbad - Skovly Camping v\/Mette Balleby<\/title>\n<meta name=\"robots\" content=\"index, follow, max-snippet:-1, max-image-preview:large, max-video-preview:-1\" \/>\n<link rel=\"canonical\" href=\"https:\/\/skovlycamping.dk\/de\/schwimmbad\/\" \/>\n<meta property=\"og:locale\" content=\"de_DE\" \/>\n<meta property=\"og:type\" content=\"article\" \/>\n<meta property=\"og:title\" content=\"Schwimmbad - Skovly Camping v\/Mette Balleby\" \/>\n<meta property=\"og:description\" content=\"Das Schwimmbad ist von Freitag 5. Jun 2026 bis Sonntag 30. Aug 2026 ge\u00f6ffnet. Jeder ist willkommen, das Schwimmbad zu...\" \/>\n<meta property=\"og:url\" content=\"https:\/\/skovlycamping.dk\/de\/schwimmbad\/\" \/>\n<meta property=\"og:site_name\" content=\"Skovly Camping v\/Mette Balleby\" \/>\n<meta property=\"article:modified_time\" content=\"2026-04-19T14:42:36+00:00\" \/>\n<meta property=\"og:image\" content=\"https:\/\/skovlycamping.dk\/wp-content\/uploads\/2024\/11\/pool-1024x639.jpg\" \/>\n<meta name=\"twitter:card\" content=\"summary_large_image\" \/>\n<meta name=\"twitter:label1\" content=\"Gesch\u00e4tzte Lesezeit\" \/>\n\t<meta name=\"twitter:data1\" content=\"2\u00a0Minuten\" \/>\n<!-- \/ Yoast SEO plugin. -->","yoast_head_json":{"title":"Schwimmbad - Skovly Camping v\/Mette Balleby","robots":{"index":"index","follow":"follow","max-snippet":"max-snippet:-1","max-image-preview":"max-image-preview:large","max-video-preview":"max-video-preview:-1"},"canonical":"https:\/\/skovlycamping.dk\/de\/schwimmbad\/","og_locale":"de_DE","og_type":"article","og_title":"Schwimmbad - Skovly Camping v\/Mette Balleby","og_description":"Das Schwimmbad ist von Freitag 5. Jun 2026 bis Sonntag 30. Aug 2026 ge\u00f6ffnet. Jeder ist willkommen, das Schwimmbad zu...","og_url":"https:\/\/skovlycamping.dk\/de\/schwimmbad\/","og_site_name":"Skovly Camping v\/Mette Balleby","article_modified_time":"2026-04-19T14:42:36+00:00","og_image":[{"url":"https:\/\/skovlycamping.dk\/wp-content\/uploads\/2024\/11\/pool-1024x639.jpg"}],"twitter_card":"summary_large_image","twitter_misc":{"Gesch\u00e4tzte Lesezeit":"2\u00a0Minuten"},"schema":{"@context":"https:\/\/schema.org","@graph":[{"@type":"WebPage","@id":"https:\/\/skovlycamping.dk\/de\/schwimmbad\/","url":"https:\/\/skovlycamping.dk\/de\/schwimmbad\/","name":"Schwimmbad - Skovly Camping v\/Mette Balleby","isPartOf":{"@id":"https:\/\/skovlycamping.dk\/de\/#website"},"primaryImageOfPage":{"@id":"https:\/\/skovlycamping.dk\/de\/schwimmbad\/#primaryimage"},"image":{"@id":"https:\/\/skovlycamping.dk\/de\/schwimmbad\/#primaryimage"},"thumbnailUrl":"https:\/\/skovlycamping.dk\/wp-content\/uploads\/2024\/11\/pool-1024x639.jpg","datePublished":"2024-09-18T08:51:38+00:00","dateModified":"2026-04-19T14:42:36+00:00","breadcrumb":{"@id":"https:\/\/skovlycamping.dk\/de\/schwimmbad\/#breadcrumb"},"inLanguage":"de","potentialAction":[{"@type":"ReadAction","target":["https:\/\/skovlycamping.dk\/de\/schwimmbad\/"]}]},{"@type":"ImageObject","inLanguage":"de","@id":"https:\/\/skovlycamping.dk\/de\/schwimmbad\/#primaryimage","url":"https:\/\/skovlycamping.dk\/wp-content\/uploads\/2024\/11\/pool-1024x639.jpg","contentUrl":"https:\/\/skovlycamping.dk\/wp-content\/uploads\/2024\/11\/pool-1024x639.jpg"},{"@type":"BreadcrumbList","@id":"https:\/\/skovlycamping.dk\/de\/schwimmbad\/#breadcrumb","itemListElement":[{"@type":"ListItem","position":1,"name":"Hjem","item":"https:\/\/skovlycamping.dk\/de\/"},{"@type":"ListItem","position":2,"name":"Schwimmbad"}]},{"@type":"WebSite","@id":"https:\/\/skovlycamping.dk\/de\/#website","url":"https:\/\/skovlycamping.dk\/de\/","name":"Skovly Camping v\/Mette Balleby","description":"","potentialAction":[{"@type":"SearchAction","target":{"@type":"EntryPoint","urlTemplate":"https:\/\/skovlycamping.dk\/de\/?s={search_term_string}"},"query-input":"required name=search_term_string"}],"inLanguage":"de"}]}},"_links":{"self":[{"href":"https:\/\/skovlycamping.dk\/de\/wp-json\/wp\/v2\/pages\/1870"}],"collection":[{"href":"https:\/\/skovlycamping.dk\/de\/wp-json\/wp\/v2\/pages"}],"about":[{"href":"https:\/\/skovlycamping.dk\/de\/wp-json\/wp\/v2\/types\/page"}],"author":[{"embeddable":true,"href":"https:\/\/skovlycamping.dk\/de\/wp-json\/wp\/v2\/users\/1"}],"replies":[{"embeddable":true,"href":"https:\/\/skovlycamping.dk\/de\/wp-json\/wp\/v2\/comments?post=1870"}],"version-history":[{"count":15,"href":"https:\/\/skovlycamping.dk\/de\/wp-json\/wp\/v2\/pages\/1870\/revisions"}],"predecessor-version":[{"id":5651,"href":"https:\/\/skovlycamping.dk\/de\/wp-json\/wp\/v2\/pages\/1870\/revisions\/5651"}],"wp:attachment":[{"href":"https:\/\/skovlycamping.dk\/de\/wp-json\/wp\/v2\/media?parent=1870"}],"curies":[{"name":"wp","href":"https:\/\/api.w.org\/{rel}","templated":true}]}}