{"id":1908,"date":"2024-10-07T11:17:06","date_gmt":"2024-10-07T09:17:06","guid":{"rendered":"https:\/\/skovlycamping.dk\/shelter\/"},"modified":"2025-11-03T12:21:14","modified_gmt":"2025-11-03T11:21:14","slug":"schutzhuetten","status":"publish","type":"page","link":"https:\/\/skovlycamping.dk\/de\/schutzhuetten\/","title":{"rendered":"Schutzh\u00fctten"},"content":{"rendered":"<h4><strong>Schlafen Sie gerne unter freiem Himmel und denken Sie, dass Essen nur \u00fcber dem Feuer zubereitet werden kann?<\/strong><\/h4>\n<p>Unsere &#8222;Schutzh\u00fctten Stadt&#8220; besteht aus drei Sheltern mit jeweils Platz f\u00fcr 5-6 Personen, ein gem\u00fctliches Lagerfeuer sowie eine Lagerfeuerkabine mit Rost und Aufh\u00e4ngern f\u00fcr T\u00f6pfe.<\/p>\n<p>&#8222;Schutzh\u00fctten Stadt&#8220; kann beispielsweise genutzt werden f\u00fcr:<br \/>\n&#8211; Schulklassenausflug mit Lernen ohne freien Himmel<br \/>\n&#8211; Familienfest f\u00fcr alle Generationen mit Wikingereintopf und \u00fcber dem Feuer gebackenem Brot<br \/>\n&#8211; kleiner Familienausflug mit Hotdog am Feuer, Freitagss\u00fc\u00dfigkeiten und Geschichten mit Taschenlampen<\/p>\n<p>Eine wunderbare Gelegenheit zum Entspannen, w\u00e4hrend Sie gemeinsam am Feuer, auf dem Spielplatz oder an der Angelbr\u00fccke Spa\u00df haben.<\/p>\n<p>&nbsp;<\/p>\n<p><strong>** \u00dcbernachtungspreis 2026:<\/strong><\/p>\n<h4><strong><img loading=\"lazy\" decoding=\"async\" class=\"alignright wp-image-1116 size-thumbnail\" src=\"https:\/\/skovlycamping.dk\/wp-content\/uploads\/2024\/10\/ny-skovshelter-xl-scaled-e1729601615473-300x300.jpg\" alt=\"\" width=\"300\" height=\"300\" \/><\/strong><\/h4>\n<ul>\n<li>Kind (2-12 Jahre) DKK 60<\/li>\n<li>Erwachsener (ab 13 Jahren) DKK 95<\/li>\n<\/ul>\n<p><strong>** M\u00f6chten Sie eine Tagesveranstaltung bei 10:00 &#8211; 15:00 Uhr:<\/strong><\/p>\n<ul>\n<li>DKK 45 pro Person unabh\u00e4ngig vom Alter<\/li>\n<\/ul>\n<p><strong>** M\u00f6chten Sie eine Tagesveranstaltung bei 10:00 &#8211; 22:00 Uhr:<\/strong><\/p>\n<ul>\n<li>Kind (1-12 Jahre) DKK 60<\/li>\n<li>Erwachsener (ab 13 Jahren) DKK 95<\/li>\n<\/ul>\n<p>&nbsp;<\/p>\n<h3><span class='stom-button'> <a href=\"https:\/\/www.visit-danmark-i-3d.dk\/by\/ringsted\/skovly-camping\/shelterby\/\">Siehe 3D-Bilder<\/a> <\/span><\/h3>\n<p>&nbsp;<\/p>\n<div id='gallery-1' class='gallery galleryid-1908 gallery-columns-3 gallery-size-thumbnail gallery-link-file'><figure class='gallery-item'>\r\n                <div class='gallery-icon landscape'>\r\n                    <a href='https:\/\/skovlycamping.dk\/wp-content\/uploads\/2024\/10\/fb-img-1633937013397-222.jpg'><img loading=\"lazy\" decoding=\"async\" width=\"300\" height=\"300\" src=\"https:\/\/skovlycamping.dk\/wp-content\/uploads\/2024\/10\/fb-img-1633937013397-222-300x300.jpg\" class=\"attachment-thumbnail size-thumbnail\" alt=\"\" data-stom-height=\"810\" data-stom-width=\"810\" srcset=\"https:\/\/skovlycamping.dk\/wp-content\/uploads\/2024\/10\/fb-img-1633937013397-222-300x300.jpg 300w, https:\/\/skovlycamping.dk\/wp-content\/uploads\/2024\/10\/fb-img-1633937013397-222-600x600.jpg 600w, https:\/\/skovlycamping.dk\/wp-content\/uploads\/2024\/10\/fb-img-1633937013397-222-768x768.jpg 768w, https:\/\/skovlycamping.dk\/wp-content\/uploads\/2024\/10\/fb-img-1633937013397-222.jpg 810w\" sizes=\"(min-width: 1200px) 1200px, 100vw\" \/><\/a>\r\n                <\/div><\/figure><figure class='gallery-item'>\r\n                <div class='gallery-icon landscape'>\r\n                    <a href='https:\/\/skovlycamping.dk\/wp-content\/uploads\/2024\/10\/shutterstock-1163275675-222.jpg'><img loading=\"lazy\" decoding=\"async\" width=\"300\" height=\"300\" src=\"https:\/\/skovlycamping.dk\/wp-content\/uploads\/2024\/10\/shutterstock-1163275675-222-300x300.jpg\" class=\"attachment-thumbnail size-thumbnail\" alt=\"\" data-stom-height=\"2000\" data-stom-width=\"2000\" srcset=\"https:\/\/skovlycamping.dk\/wp-content\/uploads\/2024\/10\/shutterstock-1163275675-222-300x300.jpg 300w, https:\/\/skovlycamping.dk\/wp-content\/uploads\/2024\/10\/shutterstock-1163275675-222-600x600.jpg 600w, https:\/\/skovlycamping.dk\/wp-content\/uploads\/2024\/10\/shutterstock-1163275675-222-1920x1920.jpg 1920w, https:\/\/skovlycamping.dk\/wp-content\/uploads\/2024\/10\/shutterstock-1163275675-222-768x768.jpg 768w, https:\/\/skovlycamping.dk\/wp-content\/uploads\/2024\/10\/shutterstock-1163275675-222-1536x1536.jpg 1536w, https:\/\/skovlycamping.dk\/wp-content\/uploads\/2024\/10\/shutterstock-1163275675-222-1024x1024.jpg 1024w, https:\/\/skovlycamping.dk\/wp-content\/uploads\/2024\/10\/shutterstock-1163275675-222-1200x1200.jpg 1200w, https:\/\/skovlycamping.dk\/wp-content\/uploads\/2024\/10\/shutterstock-1163275675-222-1366x1366.jpg 1366w, https:\/\/skovlycamping.dk\/wp-content\/uploads\/2024\/10\/shutterstock-1163275675-222-1600x1600.jpg 1600w, https:\/\/skovlycamping.dk\/wp-content\/uploads\/2024\/10\/shutterstock-1163275675-222.jpg 2000w\" sizes=\"(min-width: 1200px) 1200px, 100vw\" \/><\/a>\r\n                <\/div><\/figure><figure class='gallery-item'>\r\n                <div class='gallery-icon landscape'>\r\n                    <a href='https:\/\/skovlycamping.dk\/wp-content\/uploads\/2024\/10\/dsc-0048-222-scaled.jpg'><img loading=\"lazy\" decoding=\"async\" width=\"300\" height=\"300\" src=\"https:\/\/skovlycamping.dk\/wp-content\/uploads\/2024\/10\/dsc-0048-222-300x300.jpg\" class=\"attachment-thumbnail size-thumbnail\" alt=\"\" data-stom-height=\"2048\" data-stom-width=\"2048\" srcset=\"https:\/\/skovlycamping.dk\/wp-content\/uploads\/2024\/10\/dsc-0048-222-300x300.jpg 300w, https:\/\/skovlycamping.dk\/wp-content\/uploads\/2024\/10\/dsc-0048-222-600x600.jpg 600w, https:\/\/skovlycamping.dk\/wp-content\/uploads\/2024\/10\/dsc-0048-222-1920x1920.jpg 1920w, https:\/\/skovlycamping.dk\/wp-content\/uploads\/2024\/10\/dsc-0048-222-768x768.jpg 768w, https:\/\/skovlycamping.dk\/wp-content\/uploads\/2024\/10\/dsc-0048-222-1536x1536.jpg 1536w, https:\/\/skovlycamping.dk\/wp-content\/uploads\/2024\/10\/dsc-0048-222-scaled.jpg 2048w, https:\/\/skovlycamping.dk\/wp-content\/uploads\/2024\/10\/dsc-0048-222-1024x1024.jpg 1024w, https:\/\/skovlycamping.dk\/wp-content\/uploads\/2024\/10\/dsc-0048-222-1200x1200.jpg 1200w, https:\/\/skovlycamping.dk\/wp-content\/uploads\/2024\/10\/dsc-0048-222-1366x1366.jpg 1366w, https:\/\/skovlycamping.dk\/wp-content\/uploads\/2024\/10\/dsc-0048-222-1600x1600.jpg 1600w\" sizes=\"(min-width: 1200px) 1200px, 100vw\" \/><\/a>\r\n                <\/div><\/figure>\r\n            <\/div>\n\n","protected":false},"excerpt":{"rendered":"<p>Schlafen Sie gerne unter freiem Himmel und denken Sie, dass Essen nur \u00fcber dem Feuer zubereitet werden kann? Unsere &#8222;Schutzh\u00fctten&#8230;<\/p>\n","protected":false},"author":2,"featured_media":0,"parent":0,"menu_order":0,"comment_status":"closed","ping_status":"closed","template":"","meta":{"_acf_changed":false,"footnotes":""},"acf":[],"yoast_head":"<!-- This site is optimized with the Yoast SEO plugin v23.2 - https:\/\/yoast.com\/wordpress\/plugins\/seo\/ -->\n<title>Schutzh\u00fctten - Skovly Camping v\/Mette Balleby<\/title>\n<meta name=\"robots\" content=\"index, follow, max-snippet:-1, max-image-preview:large, max-video-preview:-1\" \/>\n<link rel=\"canonical\" href=\"https:\/\/skovlycamping.dk\/de\/schutzhuetten\/\" \/>\n<meta property=\"og:locale\" content=\"de_DE\" \/>\n<meta property=\"og:type\" content=\"article\" \/>\n<meta property=\"og:title\" content=\"Schutzh\u00fctten - Skovly Camping v\/Mette Balleby\" \/>\n<meta property=\"og:description\" content=\"Schlafen Sie gerne unter freiem Himmel und denken Sie, dass Essen nur \u00fcber dem Feuer zubereitet werden kann? Unsere &#8222;Schutzh\u00fctten...\" \/>\n<meta property=\"og:url\" content=\"https:\/\/skovlycamping.dk\/de\/schutzhuetten\/\" \/>\n<meta property=\"og:site_name\" content=\"Skovly Camping v\/Mette Balleby\" \/>\n<meta property=\"article:modified_time\" content=\"2025-11-03T11:21:14+00:00\" \/>\n<meta property=\"og:image\" content=\"https:\/\/skovlycamping.dk\/wp-content\/uploads\/2024\/10\/ny-skovshelter-xl-scaled-e1729601615473-300x300.jpg\" \/>\n<meta name=\"twitter:card\" content=\"summary_large_image\" \/>\n<meta name=\"twitter:label1\" content=\"Gesch\u00e4tzte Lesezeit\" \/>\n\t<meta name=\"twitter:data1\" content=\"2\u00a0Minuten\" \/>\n<!-- \/ Yoast SEO plugin. -->","yoast_head_json":{"title":"Schutzh\u00fctten - Skovly Camping v\/Mette Balleby","robots":{"index":"index","follow":"follow","max-snippet":"max-snippet:-1","max-image-preview":"max-image-preview:large","max-video-preview":"max-video-preview:-1"},"canonical":"https:\/\/skovlycamping.dk\/de\/schutzhuetten\/","og_locale":"de_DE","og_type":"article","og_title":"Schutzh\u00fctten - Skovly Camping v\/Mette Balleby","og_description":"Schlafen Sie gerne unter freiem Himmel und denken Sie, dass Essen nur \u00fcber dem Feuer zubereitet werden kann? Unsere &#8222;Schutzh\u00fctten...","og_url":"https:\/\/skovlycamping.dk\/de\/schutzhuetten\/","og_site_name":"Skovly Camping v\/Mette Balleby","article_modified_time":"2025-11-03T11:21:14+00:00","og_image":[{"url":"https:\/\/skovlycamping.dk\/wp-content\/uploads\/2024\/10\/ny-skovshelter-xl-scaled-e1729601615473-300x300.jpg"}],"twitter_card":"summary_large_image","twitter_misc":{"Gesch\u00e4tzte Lesezeit":"2\u00a0Minuten"},"schema":{"@context":"https:\/\/schema.org","@graph":[{"@type":"WebPage","@id":"https:\/\/skovlycamping.dk\/de\/schutzhuetten\/","url":"https:\/\/skovlycamping.dk\/de\/schutzhuetten\/","name":"Schutzh\u00fctten - Skovly Camping v\/Mette Balleby","isPartOf":{"@id":"https:\/\/skovlycamping.dk\/de\/#website"},"primaryImageOfPage":{"@id":"https:\/\/skovlycamping.dk\/de\/schutzhuetten\/#primaryimage"},"image":{"@id":"https:\/\/skovlycamping.dk\/de\/schutzhuetten\/#primaryimage"},"thumbnailUrl":"https:\/\/skovlycamping.dk\/wp-content\/uploads\/2024\/10\/ny-skovshelter-xl-scaled-e1729601615473-300x300.jpg","datePublished":"2024-10-07T09:17:06+00:00","dateModified":"2025-11-03T11:21:14+00:00","breadcrumb":{"@id":"https:\/\/skovlycamping.dk\/de\/schutzhuetten\/#breadcrumb"},"inLanguage":"de","potentialAction":[{"@type":"ReadAction","target":["https:\/\/skovlycamping.dk\/de\/schutzhuetten\/"]}]},{"@type":"ImageObject","inLanguage":"de","@id":"https:\/\/skovlycamping.dk\/de\/schutzhuetten\/#primaryimage","url":"https:\/\/skovlycamping.dk\/wp-content\/uploads\/2024\/10\/ny-skovshelter-xl-scaled-e1729601615473-300x300.jpg","contentUrl":"https:\/\/skovlycamping.dk\/wp-content\/uploads\/2024\/10\/ny-skovshelter-xl-scaled-e1729601615473-300x300.jpg"},{"@type":"BreadcrumbList","@id":"https:\/\/skovlycamping.dk\/de\/schutzhuetten\/#breadcrumb","itemListElement":[{"@type":"ListItem","position":1,"name":"Hjem","item":"https:\/\/skovlycamping.dk\/de\/"},{"@type":"ListItem","position":2,"name":"Schutzh\u00fctten"}]},{"@type":"WebSite","@id":"https:\/\/skovlycamping.dk\/de\/#website","url":"https:\/\/skovlycamping.dk\/de\/","name":"Skovly Camping v\/Mette Balleby","description":"","potentialAction":[{"@type":"SearchAction","target":{"@type":"EntryPoint","urlTemplate":"https:\/\/skovlycamping.dk\/de\/?s={search_term_string}"},"query-input":"required name=search_term_string"}],"inLanguage":"de"}]}},"_links":{"self":[{"href":"https:\/\/skovlycamping.dk\/de\/wp-json\/wp\/v2\/pages\/1908"}],"collection":[{"href":"https:\/\/skovlycamping.dk\/de\/wp-json\/wp\/v2\/pages"}],"about":[{"href":"https:\/\/skovlycamping.dk\/de\/wp-json\/wp\/v2\/types\/page"}],"author":[{"embeddable":true,"href":"https:\/\/skovlycamping.dk\/de\/wp-json\/wp\/v2\/users\/2"}],"replies":[{"embeddable":true,"href":"https:\/\/skovlycamping.dk\/de\/wp-json\/wp\/v2\/comments?post=1908"}],"version-history":[{"count":15,"href":"https:\/\/skovlycamping.dk\/de\/wp-json\/wp\/v2\/pages\/1908\/revisions"}],"predecessor-version":[{"id":5401,"href":"https:\/\/skovlycamping.dk\/de\/wp-json\/wp\/v2\/pages\/1908\/revisions\/5401"}],"wp:attachment":[{"href":"https:\/\/skovlycamping.dk\/de\/wp-json\/wp\/v2\/media?parent=1908"}],"curies":[{"name":"wp","href":"https:\/\/api.w.org\/{rel}","templated":true}]}}