{"id":2073,"date":"2024-11-06T11:25:51","date_gmt":"2024-11-06T10:25:51","guid":{"rendered":"https:\/\/skovlycamping.dk?page_id=2073"},"modified":"2026-04-23T16:54:43","modified_gmt":"2026-04-23T14:54:43","slug":"wifi","status":"publish","type":"page","link":"https:\/\/skovlycamping.dk\/de\/wifi\/","title":{"rendered":"WLAN"},"content":{"rendered":"<p><strong>Gratis WiFi p\u00e5 Skovly Camping<\/strong><\/p>\n<p data-start=\"114\" data-end=\"326\">Vi vil gerne g\u00f8re det nemt for dig at holde forbindelsen \u2013 ogs\u00e5 midt i naturen!<br data-start=\"193\" data-end=\"196\" \/>Der er <strong data-start=\"203\" data-end=\"231\">gratis tr\u00e5dl\u00f8st internet<\/strong> over hele pladsen, men du f\u00e5r <strong data-start=\"262\" data-end=\"296\">bedst d\u00e6kning omkring butikken<\/strong>, hvor signalet er st\u00e6rkest.<\/p>\n<p data-start=\"114\" data-end=\"326\">Tag en pause under tr\u00e6erne, nyd en kop kaffe \u2013 og del dine bedste camping\u00f8jeblikke med familie og venner.<\/p>\n<p data-start=\"328\" data-end=\"420\"><strong data-start=\"328\" data-end=\"345\">Netv\u00e6rksnavn:<\/strong> Skovly Camping Wifi<br data-start=\"365\" data-end=\"368\" \/><strong data-start=\"368\" data-end=\"377\">Kode:<\/strong> skovlycamp <em data-start=\"389\" data-end=\"418\">(skrives med sm\u00e5 bogstaver)<\/em><\/p>\n<p data-start=\"630\" data-end=\"824\"><strong data-start=\"633\" data-end=\"648\">Del gl\u00e6den!<\/strong><br data-start=\"648\" data-end=\"651\" \/>Vi elsker at se jeres oplevelser her p\u00e5 Skovly Camping \u2013 store som sm\u00e5!<br data-start=\"722\" data-end=\"725\" \/>Del gerne dine billeder p\u00e5 Facebook eller Instagram, og brug hashtagget #skovlycamping \ud83c\udf3f<\/p>\n<p data-start=\"826\" data-end=\"1124\">M\u00e5ske er du fastliggeren, der nyder aftensolen foran vognen<br data-start=\"892\" data-end=\"895\" \/>\u2026 eller dagsg\u00e6sten, der slapper af ved poolen med en is i h\u00e5nden\u00a0<br data-start=\"966\" data-end=\"969\" \/>\u2026 eller turisten, der oplever naturen omkring pladsen\u00a0<br data-start=\"1029\" data-end=\"1032\" \/>\u2026 eller m\u00e5ske fejrer I den vildeste b\u00f8rnef\u00f8dselsdag med grin, vandpjask og kagefest<br \/>\n\u2026 eller familien, der nyder en hyggelig dag i Skovhuset med l\u00e6kker mad og grin mens b\u00f8rnene morer sig hele dagen p\u00e5 legepladsen<\/p>\n<p data-start=\"1126\" data-end=\"1277\">Uanset hvad \u2013 vi vil s\u00e5 gerne se det!<br data-start=\"1163\" data-end=\"1166\" \/>Giv os ogs\u00e5 gerne et like eller en anmeldelse \u2013 det varmer, og hj\u00e6lper andre campister med at finde os.<\/p>\n","protected":false},"excerpt":{"rendered":"<p>Gratis WiFi p\u00e5 Skovly Camping Vi vil gerne g\u00f8re det nemt for dig at holde forbindelsen \u2013 ogs\u00e5 midt i&#8230;<\/p>\n","protected":false},"author":2,"featured_media":0,"parent":0,"menu_order":0,"comment_status":"closed","ping_status":"closed","template":"","meta":{"_acf_changed":false,"footnotes":""},"acf":[],"yoast_head":"<!-- This site is optimized with the Yoast SEO plugin v23.2 - https:\/\/yoast.com\/wordpress\/plugins\/seo\/ -->\n<title>WLAN - Skovly Camping v\/Mette Balleby<\/title>\n<meta name=\"robots\" content=\"index, follow, max-snippet:-1, max-image-preview:large, max-video-preview:-1\" \/>\n<link rel=\"canonical\" href=\"https:\/\/skovlycamping.dk\/de\/wifi\/\" \/>\n<meta property=\"og:locale\" content=\"de_DE\" \/>\n<meta property=\"og:type\" content=\"article\" \/>\n<meta property=\"og:title\" content=\"WLAN - Skovly Camping v\/Mette Balleby\" \/>\n<meta property=\"og:description\" content=\"Gratis WiFi p\u00e5 Skovly Camping Vi vil gerne g\u00f8re det nemt for dig at holde forbindelsen \u2013 ogs\u00e5 midt i...\" \/>\n<meta property=\"og:url\" content=\"https:\/\/skovlycamping.dk\/de\/wifi\/\" \/>\n<meta property=\"og:site_name\" content=\"Skovly Camping v\/Mette Balleby\" \/>\n<meta property=\"article:modified_time\" content=\"2026-04-23T14:54:43+00:00\" \/>\n<meta name=\"twitter:card\" content=\"summary_large_image\" \/>\n<meta name=\"twitter:label1\" content=\"Gesch\u00e4tzte Lesezeit\" \/>\n\t<meta name=\"twitter:data1\" content=\"2\u00a0Minuten\" \/>\n<!-- \/ Yoast SEO plugin. -->","yoast_head_json":{"title":"WLAN - Skovly Camping v\/Mette Balleby","robots":{"index":"index","follow":"follow","max-snippet":"max-snippet:-1","max-image-preview":"max-image-preview:large","max-video-preview":"max-video-preview:-1"},"canonical":"https:\/\/skovlycamping.dk\/de\/wifi\/","og_locale":"de_DE","og_type":"article","og_title":"WLAN - Skovly Camping v\/Mette Balleby","og_description":"Gratis WiFi p\u00e5 Skovly Camping Vi vil gerne g\u00f8re det nemt for dig at holde forbindelsen \u2013 ogs\u00e5 midt i...","og_url":"https:\/\/skovlycamping.dk\/de\/wifi\/","og_site_name":"Skovly Camping v\/Mette Balleby","article_modified_time":"2026-04-23T14:54:43+00:00","twitter_card":"summary_large_image","twitter_misc":{"Gesch\u00e4tzte Lesezeit":"2\u00a0Minuten"},"schema":{"@context":"https:\/\/schema.org","@graph":[{"@type":"WebPage","@id":"https:\/\/skovlycamping.dk\/de\/wifi\/","url":"https:\/\/skovlycamping.dk\/de\/wifi\/","name":"WLAN - Skovly Camping v\/Mette Balleby","isPartOf":{"@id":"https:\/\/skovlycamping.dk\/de\/#website"},"datePublished":"2024-11-06T10:25:51+00:00","dateModified":"2026-04-23T14:54:43+00:00","breadcrumb":{"@id":"https:\/\/skovlycamping.dk\/de\/wifi\/#breadcrumb"},"inLanguage":"de","potentialAction":[{"@type":"ReadAction","target":["https:\/\/skovlycamping.dk\/de\/wifi\/"]}]},{"@type":"BreadcrumbList","@id":"https:\/\/skovlycamping.dk\/de\/wifi\/#breadcrumb","itemListElement":[{"@type":"ListItem","position":1,"name":"Hjem","item":"https:\/\/skovlycamping.dk\/de\/"},{"@type":"ListItem","position":2,"name":"WLAN"}]},{"@type":"WebSite","@id":"https:\/\/skovlycamping.dk\/de\/#website","url":"https:\/\/skovlycamping.dk\/de\/","name":"Skovly Camping v\/Mette Balleby","description":"","potentialAction":[{"@type":"SearchAction","target":{"@type":"EntryPoint","urlTemplate":"https:\/\/skovlycamping.dk\/de\/?s={search_term_string}"},"query-input":"required name=search_term_string"}],"inLanguage":"de"}]}},"_links":{"self":[{"href":"https:\/\/skovlycamping.dk\/de\/wp-json\/wp\/v2\/pages\/2073"}],"collection":[{"href":"https:\/\/skovlycamping.dk\/de\/wp-json\/wp\/v2\/pages"}],"about":[{"href":"https:\/\/skovlycamping.dk\/de\/wp-json\/wp\/v2\/types\/page"}],"author":[{"embeddable":true,"href":"https:\/\/skovlycamping.dk\/de\/wp-json\/wp\/v2\/users\/2"}],"replies":[{"embeddable":true,"href":"https:\/\/skovlycamping.dk\/de\/wp-json\/wp\/v2\/comments?post=2073"}],"version-history":[{"count":13,"href":"https:\/\/skovlycamping.dk\/de\/wp-json\/wp\/v2\/pages\/2073\/revisions"}],"predecessor-version":[{"id":6591,"href":"https:\/\/skovlycamping.dk\/de\/wp-json\/wp\/v2\/pages\/2073\/revisions\/6591"}],"wp:attachment":[{"href":"https:\/\/skovlycamping.dk\/de\/wp-json\/wp\/v2\/media?parent=2073"}],"curies":[{"name":"wp","href":"https:\/\/api.w.org\/{rel}","templated":true}]}}