{"id":2099,"date":"2024-11-06T11:30:26","date_gmt":"2024-11-06T10:30:26","guid":{"rendered":"https:\/\/skovlycamping.dk?page_id=2099"},"modified":"2025-02-03T10:34:41","modified_gmt":"2025-02-03T09:34:41","slug":"einkaufsgelegenheiten","status":"publish","type":"page","link":"https:\/\/skovlycamping.dk\/de\/einkaufsgelegenheiten\/","title":{"rendered":"Einkaufsgelegenheiten"},"content":{"rendered":"<p>Dagli&#8217;Brugsen in Jystrup liegt nur 2,5 km vom Skovly Camping entfernt.<\/p>\n<p>Es ist ge\u00f6ffnet von T\u00e4glich um 08:00 &#8211; 19:00 Uhr. <strong><a href=\"https:\/\/www.google.com\/maps\/place\/DagliBrugsen+Jystrup\/@55.5143429,11.8662591,17z\/data=!3m1!4b1!4m6!3m5!1s0x46528e98e781f07d:0xe8fe496891b7a0ed!8m2!3d55.5143429!4d11.8662591!16s%2Fg%2F11xln2fmd?entry=ttu&amp;g_ep=EgoyMDI0MTEyNC4xIKXMDSoASAFQAw%3D%3D\">Dagli&#8217;Brugsen Jystrup<\/a><\/strong> &#8211; \u00c5lb\u00e6kvej 1 &#8211; 4174 Jystrup Midtsj.<br \/>\nDagli&#8217;Brugsen hat ein sehr gemischtes Sortiment, von konventionell bis organisch. Es gibt Obst\/Gem\u00fcse, Lebensmittel f\u00fcr den ganzen Tag und f\u00fcr den Grill.<\/p>\n<p>In Benl\u00f8se\/Ringsted k\u00f6nnen Sie ebenfalls einkaufen, u.a. bei Rema, Netto, Coop 365, F\u00f8tex und Super Brugsen.<br \/>\n<strong><a href=\"https:\/\/www.google.com\/maps\/search\/supermarkeder+i+n%C3%A6rheden\/@55.4739619,11.7980609,13z?entry=ttu\" target=\"_blank\" rel=\"noopener\">Superm\u00e4rkte in der N\u00e4he<\/a><\/strong><\/p>\n","protected":false},"excerpt":{"rendered":"<p>Dagli&#8217;Brugsen in Jystrup liegt nur 2,5 km vom Skovly Camping entfernt. Es ist ge\u00f6ffnet von T\u00e4glich um 08:00 &#8211; 19:00&#8230;<\/p>\n","protected":false},"author":2,"featured_media":0,"parent":0,"menu_order":0,"comment_status":"closed","ping_status":"closed","template":"","meta":{"_acf_changed":false,"footnotes":""},"acf":[],"yoast_head":"<!-- This site is optimized with the Yoast SEO plugin v23.2 - https:\/\/yoast.com\/wordpress\/plugins\/seo\/ -->\n<title>Einkaufsgelegenheiten - Skovly Camping v\/Mette Balleby<\/title>\n<meta name=\"robots\" content=\"index, follow, max-snippet:-1, max-image-preview:large, max-video-preview:-1\" \/>\n<link rel=\"canonical\" href=\"https:\/\/skovlycamping.dk\/de\/einkaufsgelegenheiten\/\" \/>\n<meta property=\"og:locale\" content=\"de_DE\" \/>\n<meta property=\"og:type\" content=\"article\" \/>\n<meta property=\"og:title\" content=\"Einkaufsgelegenheiten - Skovly Camping v\/Mette Balleby\" \/>\n<meta property=\"og:description\" content=\"Dagli&#8217;Brugsen in Jystrup liegt nur 2,5 km vom Skovly Camping entfernt. Es ist ge\u00f6ffnet von T\u00e4glich um 08:00 &#8211; 19:00...\" \/>\n<meta property=\"og:url\" content=\"https:\/\/skovlycamping.dk\/de\/einkaufsgelegenheiten\/\" \/>\n<meta property=\"og:site_name\" content=\"Skovly Camping v\/Mette Balleby\" \/>\n<meta property=\"article:modified_time\" content=\"2025-02-03T09:34:41+00:00\" \/>\n<meta name=\"twitter:card\" content=\"summary_large_image\" \/>\n<meta name=\"twitter:label1\" content=\"Gesch\u00e4tzte Lesezeit\" \/>\n\t<meta name=\"twitter:data1\" content=\"1\u00a0Minute\" \/>\n<!-- \/ Yoast SEO plugin. -->","yoast_head_json":{"title":"Einkaufsgelegenheiten - Skovly Camping v\/Mette Balleby","robots":{"index":"index","follow":"follow","max-snippet":"max-snippet:-1","max-image-preview":"max-image-preview:large","max-video-preview":"max-video-preview:-1"},"canonical":"https:\/\/skovlycamping.dk\/de\/einkaufsgelegenheiten\/","og_locale":"de_DE","og_type":"article","og_title":"Einkaufsgelegenheiten - Skovly Camping v\/Mette Balleby","og_description":"Dagli&#8217;Brugsen in Jystrup liegt nur 2,5 km vom Skovly Camping entfernt. Es ist ge\u00f6ffnet von T\u00e4glich um 08:00 &#8211; 19:00...","og_url":"https:\/\/skovlycamping.dk\/de\/einkaufsgelegenheiten\/","og_site_name":"Skovly Camping v\/Mette Balleby","article_modified_time":"2025-02-03T09:34:41+00:00","twitter_card":"summary_large_image","twitter_misc":{"Gesch\u00e4tzte Lesezeit":"1\u00a0Minute"},"schema":{"@context":"https:\/\/schema.org","@graph":[{"@type":"WebPage","@id":"https:\/\/skovlycamping.dk\/de\/einkaufsgelegenheiten\/","url":"https:\/\/skovlycamping.dk\/de\/einkaufsgelegenheiten\/","name":"Einkaufsgelegenheiten - Skovly Camping v\/Mette Balleby","isPartOf":{"@id":"https:\/\/skovlycamping.dk\/de\/#website"},"datePublished":"2024-11-06T10:30:26+00:00","dateModified":"2025-02-03T09:34:41+00:00","breadcrumb":{"@id":"https:\/\/skovlycamping.dk\/de\/einkaufsgelegenheiten\/#breadcrumb"},"inLanguage":"de","potentialAction":[{"@type":"ReadAction","target":["https:\/\/skovlycamping.dk\/de\/einkaufsgelegenheiten\/"]}]},{"@type":"BreadcrumbList","@id":"https:\/\/skovlycamping.dk\/de\/einkaufsgelegenheiten\/#breadcrumb","itemListElement":[{"@type":"ListItem","position":1,"name":"Hjem","item":"https:\/\/skovlycamping.dk\/de\/"},{"@type":"ListItem","position":2,"name":"Einkaufsgelegenheiten"}]},{"@type":"WebSite","@id":"https:\/\/skovlycamping.dk\/de\/#website","url":"https:\/\/skovlycamping.dk\/de\/","name":"Skovly Camping v\/Mette Balleby","description":"","potentialAction":[{"@type":"SearchAction","target":{"@type":"EntryPoint","urlTemplate":"https:\/\/skovlycamping.dk\/de\/?s={search_term_string}"},"query-input":"required name=search_term_string"}],"inLanguage":"de"}]}},"_links":{"self":[{"href":"https:\/\/skovlycamping.dk\/de\/wp-json\/wp\/v2\/pages\/2099"}],"collection":[{"href":"https:\/\/skovlycamping.dk\/de\/wp-json\/wp\/v2\/pages"}],"about":[{"href":"https:\/\/skovlycamping.dk\/de\/wp-json\/wp\/v2\/types\/page"}],"author":[{"embeddable":true,"href":"https:\/\/skovlycamping.dk\/de\/wp-json\/wp\/v2\/users\/2"}],"replies":[{"embeddable":true,"href":"https:\/\/skovlycamping.dk\/de\/wp-json\/wp\/v2\/comments?post=2099"}],"version-history":[{"count":13,"href":"https:\/\/skovlycamping.dk\/de\/wp-json\/wp\/v2\/pages\/2099\/revisions"}],"predecessor-version":[{"id":3414,"href":"https:\/\/skovlycamping.dk\/de\/wp-json\/wp\/v2\/pages\/2099\/revisions\/3414"}],"wp:attachment":[{"href":"https:\/\/skovlycamping.dk\/de\/wp-json\/wp\/v2\/media?parent=2099"}],"curies":[{"name":"wp","href":"https:\/\/api.w.org\/{rel}","templated":true}]}}