{"id":3536,"date":"2024-12-09T12:13:39","date_gmt":"2024-12-09T11:13:39","guid":{"rendered":"https:\/\/skovlycamping.dk\/?page_id=3536"},"modified":"2025-11-03T13:14:42","modified_gmt":"2025-11-03T12:14:42","slug":"zimmer","status":"publish","type":"page","link":"https:\/\/skovlycamping.dk\/de\/zimmer\/","title":{"rendered":"Zimmer"},"content":{"rendered":"<h4><strong>Zimmer zu vermieten in \u201eSannes Haus\u201c<\/strong><\/h4>\n<p>Sannes Haus verf\u00fcgt \u00fcber drei Zimmer mit Platz f\u00fcr jeweils 2 Personen.<\/p>\n<p>Zus\u00e4tzlich zu den 3 Zimmern gibt es ein gro\u00dfes Wohnzimmer mit K\u00fcche und ein Badezimmer. In allen Zimmern und im Wohnzimmer gibt es einen Fernseher. Es gibt keine TV-Kan\u00e4le, nur Streaming ist verf\u00fcgbared. Zu guter Letzt gibt es noch einen sch\u00f6nen kleinen Innenhof.<\/p>\n<p id=\"tw-target-text\" class=\"tw-data-text tw-text-large tw-ta\" dir=\"ltr\" data-placeholder=\"Overs\u00e6ttelse\" data-ved=\"2ahUKEwiYz8q4h-GKAxVCBNsEHVEePMgQ3ewLegQICRAU\" aria-label=\"Oversat tekst: Bitte beachten Sie: Bei Anreise am Freitag oder Samstag muss das gesamte Wochenende gebucht werden.\"><span class=\"Y2IQFc\" lang=\"de\"><strong>Bitte beachten Sie:<\/strong> Bei Anreise am Freitag oder Samstag muss das gesamte Wochenende gebucht werden.<\/span><\/p>\n<p dir=\"ltr\" data-placeholder=\"Overs\u00e6ttelse\" data-ved=\"2ahUKEwiYz8q4h-GKAxVCBNsEHVEePMgQ3ewLegQICRAU\" aria-label=\"Oversat tekst: Bitte beachten Sie: Bei Anreise am Freitag oder Samstag muss das gesamte Wochenende gebucht werden.\"><strong>Reinigung:<\/strong> Das Zimmer wird w\u00e4hrend Ihres Aufenthalts nicht gereinigt. Das Badezimmer, die K\u00fcche und das Wohnzimmer werden regelm\u00e4\u00dfig gereinigt\/\u00fcberpr\u00fcft.<\/p>\n<p><strong>Praktische Infos:<\/strong><\/p>\n<ul>\n<li><strong>Im Preis inbegriffen:<\/strong> Dusche, Strom und Endreinigung<\/li>\n<li><strong>Anzahl der Personen:<\/strong> maximal 2 Personen<\/li>\n<li><strong>Betten:<\/strong> siehe unten<\/li>\n<li><strong>Bettdecke\/Kissen:<\/strong>\u00a0ist in den Zimmern<\/li>\n<li><strong>Leinen (Bettlaken, Bettdecken- und Kissenbez\u00fcge): <\/strong>Sie m\u00fcssen Ihre eigenen mitbringen. Ansonsten kann es f\u00fcr DKK 75 pro Set inklusive Handtuch gemietet werden<\/li>\n<li><strong>K\u00fcche: <\/strong>K\u00fcche mit K\u00fchlschrank, Wasserkocher, Kaffeemaschine, Geschirr und K\u00fcchenutensilien (Topf, Pfanne, Sch\u00fcsseln usw.)<\/li>\n<li><strong>Toilette\/Dusche:<\/strong> gemeinsam genutzt auf dem Flur<\/li>\n<li><strong>Rauchen:<\/strong>\u00a0ja, drau\u00dfen<\/li>\n<li><strong>Haustiere:<\/strong> nein, es sei denn, Sie haben das ganze Haus gemietet, DKK 25 pro Tag pro Haustiere (unabh\u00e4ngig von der Gr\u00f6\u00dfe)<\/li>\n<li><strong>Anzahl der N\u00e4chte:<\/strong> mindestens 1 Nacht<\/li>\n<li><strong>Endreinigung:<\/strong> Wir \u00fcbernehmen das. Aber bitte sp\u00fclen Sie ab und leeren Sie den M\u00fclleimer. Dank im Voraus<\/li>\n<\/ul>\n<p>&nbsp;<\/p>\n","protected":false},"excerpt":{"rendered":"<p>Zimmer zu vermieten in \u201eSannes Haus\u201c Sannes Haus verf\u00fcgt \u00fcber drei Zimmer mit Platz f\u00fcr jeweils 2 Personen. Zus\u00e4tzlich zu&#8230;<\/p>\n","protected":false},"author":2,"featured_media":0,"parent":0,"menu_order":0,"comment_status":"closed","ping_status":"closed","template":"","meta":{"_acf_changed":false,"footnotes":""},"acf":[],"yoast_head":"<!-- This site is optimized with the Yoast SEO plugin v23.2 - https:\/\/yoast.com\/wordpress\/plugins\/seo\/ -->\n<title>Zimmer - Skovly Camping v\/Mette Balleby<\/title>\n<meta name=\"robots\" content=\"index, follow, max-snippet:-1, max-image-preview:large, max-video-preview:-1\" \/>\n<link rel=\"canonical\" href=\"https:\/\/skovlycamping.dk\/de\/zimmer\/\" \/>\n<meta property=\"og:locale\" content=\"de_DE\" \/>\n<meta property=\"og:type\" content=\"article\" \/>\n<meta property=\"og:title\" content=\"Zimmer - Skovly Camping v\/Mette Balleby\" \/>\n<meta property=\"og:description\" content=\"Zimmer zu vermieten in \u201eSannes Haus\u201c Sannes Haus verf\u00fcgt \u00fcber drei Zimmer mit Platz f\u00fcr jeweils 2 Personen. Zus\u00e4tzlich zu...\" \/>\n<meta property=\"og:url\" content=\"https:\/\/skovlycamping.dk\/de\/zimmer\/\" \/>\n<meta property=\"og:site_name\" content=\"Skovly Camping v\/Mette Balleby\" \/>\n<meta property=\"article:modified_time\" content=\"2025-11-03T12:14:42+00:00\" \/>\n<meta name=\"twitter:card\" content=\"summary_large_image\" \/>\n<meta name=\"twitter:label1\" content=\"Gesch\u00e4tzte Lesezeit\" \/>\n\t<meta name=\"twitter:data1\" content=\"2\u00a0Minuten\" \/>\n<!-- \/ Yoast SEO plugin. -->","yoast_head_json":{"title":"Zimmer - Skovly Camping v\/Mette Balleby","robots":{"index":"index","follow":"follow","max-snippet":"max-snippet:-1","max-image-preview":"max-image-preview:large","max-video-preview":"max-video-preview:-1"},"canonical":"https:\/\/skovlycamping.dk\/de\/zimmer\/","og_locale":"de_DE","og_type":"article","og_title":"Zimmer - Skovly Camping v\/Mette Balleby","og_description":"Zimmer zu vermieten in \u201eSannes Haus\u201c Sannes Haus verf\u00fcgt \u00fcber drei Zimmer mit Platz f\u00fcr jeweils 2 Personen. Zus\u00e4tzlich zu...","og_url":"https:\/\/skovlycamping.dk\/de\/zimmer\/","og_site_name":"Skovly Camping v\/Mette Balleby","article_modified_time":"2025-11-03T12:14:42+00:00","twitter_card":"summary_large_image","twitter_misc":{"Gesch\u00e4tzte Lesezeit":"2\u00a0Minuten"},"schema":{"@context":"https:\/\/schema.org","@graph":[{"@type":"WebPage","@id":"https:\/\/skovlycamping.dk\/de\/zimmer\/","url":"https:\/\/skovlycamping.dk\/de\/zimmer\/","name":"Zimmer - Skovly Camping v\/Mette Balleby","isPartOf":{"@id":"https:\/\/skovlycamping.dk\/de\/#website"},"datePublished":"2024-12-09T11:13:39+00:00","dateModified":"2025-11-03T12:14:42+00:00","breadcrumb":{"@id":"https:\/\/skovlycamping.dk\/de\/zimmer\/#breadcrumb"},"inLanguage":"de","potentialAction":[{"@type":"ReadAction","target":["https:\/\/skovlycamping.dk\/de\/zimmer\/"]}]},{"@type":"BreadcrumbList","@id":"https:\/\/skovlycamping.dk\/de\/zimmer\/#breadcrumb","itemListElement":[{"@type":"ListItem","position":1,"name":"Hjem","item":"https:\/\/skovlycamping.dk\/de\/"},{"@type":"ListItem","position":2,"name":"Zimmer"}]},{"@type":"WebSite","@id":"https:\/\/skovlycamping.dk\/de\/#website","url":"https:\/\/skovlycamping.dk\/de\/","name":"Skovly Camping v\/Mette Balleby","description":"","potentialAction":[{"@type":"SearchAction","target":{"@type":"EntryPoint","urlTemplate":"https:\/\/skovlycamping.dk\/de\/?s={search_term_string}"},"query-input":"required name=search_term_string"}],"inLanguage":"de"}]}},"_links":{"self":[{"href":"https:\/\/skovlycamping.dk\/de\/wp-json\/wp\/v2\/pages\/3536"}],"collection":[{"href":"https:\/\/skovlycamping.dk\/de\/wp-json\/wp\/v2\/pages"}],"about":[{"href":"https:\/\/skovlycamping.dk\/de\/wp-json\/wp\/v2\/types\/page"}],"author":[{"embeddable":true,"href":"https:\/\/skovlycamping.dk\/de\/wp-json\/wp\/v2\/users\/2"}],"replies":[{"embeddable":true,"href":"https:\/\/skovlycamping.dk\/de\/wp-json\/wp\/v2\/comments?post=3536"}],"version-history":[{"count":15,"href":"https:\/\/skovlycamping.dk\/de\/wp-json\/wp\/v2\/pages\/3536\/revisions"}],"predecessor-version":[{"id":5404,"href":"https:\/\/skovlycamping.dk\/de\/wp-json\/wp\/v2\/pages\/3536\/revisions\/5404"}],"wp:attachment":[{"href":"https:\/\/skovlycamping.dk\/de\/wp-json\/wp\/v2\/media?parent=3536"}],"curies":[{"name":"wp","href":"https:\/\/api.w.org\/{rel}","templated":true}]}}