{"id":4071,"date":"2025-02-20T09:28:06","date_gmt":"2025-02-20T08:28:06","guid":{"rendered":"https:\/\/skovlycamping.dk\/?page_id=4071"},"modified":"2025-02-27T11:03:18","modified_gmt":"2025-02-27T10:03:18","slug":"vermietung","status":"publish","type":"page","link":"https:\/\/skovlycamping.dk\/de\/vermietung\/","title":{"rendered":"Vermietung"},"content":{"rendered":"<p>Wir vermieten gem\u00fctliche Campingh\u00fctten, Zimmer und Schutzh\u00fctten \u2013 Perfekt f\u00fcr Familien, Paare und \u00e4ltere Menschen, die ein entspannendes Naturerlebnis w\u00fcnschen.<\/p>\n<p><strong>Unsere H\u00fctten<\/strong> liegen gruppiert in der N\u00e4he des Servicegeb\u00e4udes. Unser kleines \u201eH\u00fcttenstadt\u201c besteht aus 6 H\u00fctten in den Kategorien klein, mittelgro\u00df und gro\u00df, siehe Details unter jeder Kategorie. Die \u201eH\u00fcttenstadt\u201c verf\u00fcgt \u00fcber einen gemeinsamen Essbereich mit Tischen\/B\u00e4nken, der eine Erweiterung eines Spielplatzes f\u00fcr die Kleinen darstellt.<\/p>\n<p><strong>Unsere Zimmer<\/strong> sind f\u00fcr 2 Personen ausgelegt. Zus\u00e4tzlich zu den 3 Zimmern gibt es ein gro\u00dfes Wohnzimmer mit K\u00fcche und ein Badezimmer. In allen Zimmern und im Wohnzimmer gibt es einen Fernseher. Es gibt keine TV-Kan\u00e4le, nur Streaming ist verf\u00fcgbared. Zu guter Letzt gibt es noch einen sch\u00f6nen kleinen Innenhof.<\/p>\n<p><strong>Unsere &#8222;Schutzh\u00fctten Stadt&#8220;<\/strong> besteht aus drei Sheltern mit jeweils Platz f\u00fcr 5-6 Personen, ein gem\u00fctliches Lagerfeuer sowie eine Lagerfeuerkabine mit Rost und Aufh\u00e4ngern f\u00fcr T\u00f6pfe.<\/p>\n<p>&nbsp;<\/p>\n","protected":false},"excerpt":{"rendered":"<p>Wir vermieten gem\u00fctliche Campingh\u00fctten, Zimmer und Schutzh\u00fctten \u2013 Perfekt f\u00fcr Familien, Paare und \u00e4ltere Menschen, die ein entspannendes Naturerlebnis w\u00fcnschen&#8230;.<\/p>\n","protected":false},"author":2,"featured_media":0,"parent":0,"menu_order":0,"comment_status":"closed","ping_status":"closed","template":"","meta":{"_acf_changed":false,"footnotes":""},"acf":[],"yoast_head":"<!-- This site is optimized with the Yoast SEO plugin v23.2 - https:\/\/yoast.com\/wordpress\/plugins\/seo\/ -->\n<title>Vermietung - Skovly Camping v\/Mette Balleby<\/title>\n<meta name=\"robots\" content=\"index, follow, max-snippet:-1, max-image-preview:large, max-video-preview:-1\" \/>\n<link rel=\"canonical\" href=\"https:\/\/skovlycamping.dk\/de\/vermietung\/\" \/>\n<meta property=\"og:locale\" content=\"de_DE\" \/>\n<meta property=\"og:type\" content=\"article\" \/>\n<meta property=\"og:title\" content=\"Vermietung - Skovly Camping v\/Mette Balleby\" \/>\n<meta property=\"og:description\" content=\"Wir vermieten gem\u00fctliche Campingh\u00fctten, Zimmer und Schutzh\u00fctten \u2013 Perfekt f\u00fcr Familien, Paare und \u00e4ltere Menschen, die ein entspannendes Naturerlebnis w\u00fcnschen....\" \/>\n<meta property=\"og:url\" content=\"https:\/\/skovlycamping.dk\/de\/vermietung\/\" \/>\n<meta property=\"og:site_name\" content=\"Skovly Camping v\/Mette Balleby\" \/>\n<meta property=\"article:modified_time\" content=\"2025-02-27T10:03:18+00:00\" \/>\n<meta name=\"twitter:card\" content=\"summary_large_image\" \/>\n<meta name=\"twitter:label1\" content=\"Gesch\u00e4tzte Lesezeit\" \/>\n\t<meta name=\"twitter:data1\" content=\"2\u00a0Minuten\" \/>\n<!-- \/ Yoast SEO plugin. -->","yoast_head_json":{"title":"Vermietung - Skovly Camping v\/Mette Balleby","robots":{"index":"index","follow":"follow","max-snippet":"max-snippet:-1","max-image-preview":"max-image-preview:large","max-video-preview":"max-video-preview:-1"},"canonical":"https:\/\/skovlycamping.dk\/de\/vermietung\/","og_locale":"de_DE","og_type":"article","og_title":"Vermietung - Skovly Camping v\/Mette Balleby","og_description":"Wir vermieten gem\u00fctliche Campingh\u00fctten, Zimmer und Schutzh\u00fctten \u2013 Perfekt f\u00fcr Familien, Paare und \u00e4ltere Menschen, die ein entspannendes Naturerlebnis w\u00fcnschen....","og_url":"https:\/\/skovlycamping.dk\/de\/vermietung\/","og_site_name":"Skovly Camping v\/Mette Balleby","article_modified_time":"2025-02-27T10:03:18+00:00","twitter_card":"summary_large_image","twitter_misc":{"Gesch\u00e4tzte Lesezeit":"2\u00a0Minuten"},"schema":{"@context":"https:\/\/schema.org","@graph":[{"@type":"WebPage","@id":"https:\/\/skovlycamping.dk\/de\/vermietung\/","url":"https:\/\/skovlycamping.dk\/de\/vermietung\/","name":"Vermietung - Skovly Camping v\/Mette Balleby","isPartOf":{"@id":"https:\/\/skovlycamping.dk\/de\/#website"},"datePublished":"2025-02-20T08:28:06+00:00","dateModified":"2025-02-27T10:03:18+00:00","breadcrumb":{"@id":"https:\/\/skovlycamping.dk\/de\/vermietung\/#breadcrumb"},"inLanguage":"de","potentialAction":[{"@type":"ReadAction","target":["https:\/\/skovlycamping.dk\/de\/vermietung\/"]}]},{"@type":"BreadcrumbList","@id":"https:\/\/skovlycamping.dk\/de\/vermietung\/#breadcrumb","itemListElement":[{"@type":"ListItem","position":1,"name":"Hjem","item":"https:\/\/skovlycamping.dk\/de\/"},{"@type":"ListItem","position":2,"name":"Vermietung"}]},{"@type":"WebSite","@id":"https:\/\/skovlycamping.dk\/de\/#website","url":"https:\/\/skovlycamping.dk\/de\/","name":"Skovly Camping v\/Mette Balleby","description":"","potentialAction":[{"@type":"SearchAction","target":{"@type":"EntryPoint","urlTemplate":"https:\/\/skovlycamping.dk\/de\/?s={search_term_string}"},"query-input":"required name=search_term_string"}],"inLanguage":"de"}]}},"_links":{"self":[{"href":"https:\/\/skovlycamping.dk\/de\/wp-json\/wp\/v2\/pages\/4071"}],"collection":[{"href":"https:\/\/skovlycamping.dk\/de\/wp-json\/wp\/v2\/pages"}],"about":[{"href":"https:\/\/skovlycamping.dk\/de\/wp-json\/wp\/v2\/types\/page"}],"author":[{"embeddable":true,"href":"https:\/\/skovlycamping.dk\/de\/wp-json\/wp\/v2\/users\/2"}],"replies":[{"embeddable":true,"href":"https:\/\/skovlycamping.dk\/de\/wp-json\/wp\/v2\/comments?post=4071"}],"version-history":[{"count":10,"href":"https:\/\/skovlycamping.dk\/de\/wp-json\/wp\/v2\/pages\/4071\/revisions"}],"predecessor-version":[{"id":4298,"href":"https:\/\/skovlycamping.dk\/de\/wp-json\/wp\/v2\/pages\/4071\/revisions\/4298"}],"wp:attachment":[{"href":"https:\/\/skovlycamping.dk\/de\/wp-json\/wp\/v2\/media?parent=4071"}],"curies":[{"name":"wp","href":"https:\/\/api.w.org\/{rel}","templated":true}]}}