{"id":4351,"date":"2025-02-27T11:34:34","date_gmt":"2025-02-27T10:34:34","guid":{"rendered":"https:\/\/skovlycamping.dk\/?page_id=4351"},"modified":"2026-04-28T16:24:17","modified_gmt":"2026-04-28T14:24:17","slug":"brotbestellung","status":"publish","type":"page","link":"https:\/\/skovlycamping.dk\/de\/brotbestellung\/","title":{"rendered":"Brotbestellung"},"content":{"rendered":"<p>Wir backen k\u00f6stliches Bake-off-Fr\u00fchst\u00fccksbrot, von hellem bis grobes Brot, Br\u00f6tchen und Geb\u00e4ck.<\/p>\n<p><strong>Brot kann auf zwei Arten bestellt werden:<\/strong><\/p>\n<ul>\n<li>Im Laden<\/li>\n<li>Online \u00fcber Telefon, Tablet oder Computer<\/li>\n<\/ul>\n<p>Brotbestellungen sind m\u00f6glich vom 1. April bis 30. September.<\/p>\n<p><strong>Abholung:<\/strong><\/p>\n<ul>\n<li>Wenn der Laden morgens ge\u00f6ffnet ist, kann das Brot im Gesch\u00e4ft abgeholt werden.<\/li>\n<li>An Tagen, an denen der Laden erst nachmittags \u00f6ffnet, kann das Brot ab 08:00 Uhr vor dem Laden abgeholt werden.<\/li>\n<\/ul>\n<p><strong>So bestellen Sie:<\/strong><br data-start=\"60\" data-end=\"63\" \/>\u2022 Online: Bestellungen sind bis 18:30 Uhr m\u00f6glich \u2013 nutzen Sie den QR-Code oder folgen Sie diesem Link: <a href=\"http:\/\/bestilling.skovlycamping.dk\">bestilling.skovlycamping.dk<\/a><br data-start=\"200\" data-end=\"203\" \/>\u2022 Im Laden: Bestellungen sind bis zum Ladenschluss m\u00f6glich.<\/p>\n","protected":false},"excerpt":{"rendered":"<p>Wir backen k\u00f6stliches Bake-off-Fr\u00fchst\u00fccksbrot, von hellem bis grobes Brot, Br\u00f6tchen und Geb\u00e4ck. Brot kann auf zwei Arten bestellt werden: Im&#8230;<\/p>\n","protected":false},"author":1,"featured_media":0,"parent":0,"menu_order":0,"comment_status":"closed","ping_status":"closed","template":"","meta":{"_acf_changed":false,"footnotes":""},"acf":[],"yoast_head":"<!-- This site is optimized with the Yoast SEO plugin v23.2 - https:\/\/yoast.com\/wordpress\/plugins\/seo\/ -->\n<title>Brotbestellung - Skovly Camping v\/Mette Balleby<\/title>\n<meta name=\"robots\" content=\"index, follow, max-snippet:-1, max-image-preview:large, max-video-preview:-1\" \/>\n<link rel=\"canonical\" href=\"https:\/\/skovlycamping.dk\/de\/brotbestellung\/\" \/>\n<meta property=\"og:locale\" content=\"de_DE\" \/>\n<meta property=\"og:type\" content=\"article\" \/>\n<meta property=\"og:title\" content=\"Brotbestellung - Skovly Camping v\/Mette Balleby\" \/>\n<meta property=\"og:description\" content=\"Wir backen k\u00f6stliches Bake-off-Fr\u00fchst\u00fccksbrot, von hellem bis grobes Brot, Br\u00f6tchen und Geb\u00e4ck. Brot kann auf zwei Arten bestellt werden: Im...\" \/>\n<meta property=\"og:url\" content=\"https:\/\/skovlycamping.dk\/de\/brotbestellung\/\" \/>\n<meta property=\"og:site_name\" content=\"Skovly Camping v\/Mette Balleby\" \/>\n<meta property=\"article:modified_time\" content=\"2026-04-28T14:24:17+00:00\" \/>\n<meta name=\"twitter:card\" content=\"summary_large_image\" \/>\n<meta name=\"twitter:label1\" content=\"Gesch\u00e4tzte Lesezeit\" \/>\n\t<meta name=\"twitter:data1\" content=\"6\u00a0Minuten\" \/>\n<!-- \/ Yoast SEO plugin. -->","yoast_head_json":{"title":"Brotbestellung - Skovly Camping v\/Mette Balleby","robots":{"index":"index","follow":"follow","max-snippet":"max-snippet:-1","max-image-preview":"max-image-preview:large","max-video-preview":"max-video-preview:-1"},"canonical":"https:\/\/skovlycamping.dk\/de\/brotbestellung\/","og_locale":"de_DE","og_type":"article","og_title":"Brotbestellung - Skovly Camping v\/Mette Balleby","og_description":"Wir backen k\u00f6stliches Bake-off-Fr\u00fchst\u00fccksbrot, von hellem bis grobes Brot, Br\u00f6tchen und Geb\u00e4ck. Brot kann auf zwei Arten bestellt werden: Im...","og_url":"https:\/\/skovlycamping.dk\/de\/brotbestellung\/","og_site_name":"Skovly Camping v\/Mette Balleby","article_modified_time":"2026-04-28T14:24:17+00:00","twitter_card":"summary_large_image","twitter_misc":{"Gesch\u00e4tzte Lesezeit":"6\u00a0Minuten"},"schema":{"@context":"https:\/\/schema.org","@graph":[{"@type":"WebPage","@id":"https:\/\/skovlycamping.dk\/de\/brotbestellung\/","url":"https:\/\/skovlycamping.dk\/de\/brotbestellung\/","name":"Brotbestellung - Skovly Camping v\/Mette Balleby","isPartOf":{"@id":"https:\/\/skovlycamping.dk\/de\/#website"},"datePublished":"2025-02-27T10:34:34+00:00","dateModified":"2026-04-28T14:24:17+00:00","breadcrumb":{"@id":"https:\/\/skovlycamping.dk\/de\/brotbestellung\/#breadcrumb"},"inLanguage":"de","potentialAction":[{"@type":"ReadAction","target":["https:\/\/skovlycamping.dk\/de\/brotbestellung\/"]}]},{"@type":"BreadcrumbList","@id":"https:\/\/skovlycamping.dk\/de\/brotbestellung\/#breadcrumb","itemListElement":[{"@type":"ListItem","position":1,"name":"Hjem","item":"https:\/\/skovlycamping.dk\/de\/"},{"@type":"ListItem","position":2,"name":"Brotbestellung"}]},{"@type":"WebSite","@id":"https:\/\/skovlycamping.dk\/de\/#website","url":"https:\/\/skovlycamping.dk\/de\/","name":"Skovly Camping v\/Mette Balleby","description":"","potentialAction":[{"@type":"SearchAction","target":{"@type":"EntryPoint","urlTemplate":"https:\/\/skovlycamping.dk\/de\/?s={search_term_string}"},"query-input":"required name=search_term_string"}],"inLanguage":"de"}]}},"_links":{"self":[{"href":"https:\/\/skovlycamping.dk\/de\/wp-json\/wp\/v2\/pages\/4351"}],"collection":[{"href":"https:\/\/skovlycamping.dk\/de\/wp-json\/wp\/v2\/pages"}],"about":[{"href":"https:\/\/skovlycamping.dk\/de\/wp-json\/wp\/v2\/types\/page"}],"author":[{"embeddable":true,"href":"https:\/\/skovlycamping.dk\/de\/wp-json\/wp\/v2\/users\/1"}],"replies":[{"embeddable":true,"href":"https:\/\/skovlycamping.dk\/de\/wp-json\/wp\/v2\/comments?post=4351"}],"version-history":[{"count":16,"href":"https:\/\/skovlycamping.dk\/de\/wp-json\/wp\/v2\/pages\/4351\/revisions"}],"predecessor-version":[{"id":6605,"href":"https:\/\/skovlycamping.dk\/de\/wp-json\/wp\/v2\/pages\/4351\/revisions\/6605"}],"wp:attachment":[{"href":"https:\/\/skovlycamping.dk\/de\/wp-json\/wp\/v2\/media?parent=4351"}],"curies":[{"name":"wp","href":"https:\/\/api.w.org\/{rel}","templated":true}]}}