{"id":4511,"date":"2025-03-10T09:50:23","date_gmt":"2025-03-10T08:50:23","guid":{"rendered":"https:\/\/skovlycamping.dk\/?page_id=4511"},"modified":"2026-04-06T16:12:25","modified_gmt":"2026-04-06T14:12:25","slug":"take-away","status":"publish","type":"page","link":"https:\/\/skovlycamping.dk\/de\/take-away\/","title":{"rendered":"Take Away"},"content":{"rendered":"<p><strong>W\u00e4hrend der Laden\u00f6ffnungszeiten:<\/strong><br \/>\n<strong>Take-Away-Men\u00fckarte vom 1. Mai bis 1. September (September solange der Vorrat reicht)<\/strong><\/p>\n<p>Vom 1. Mai bis 30. September: 12:00 \u2013 18:00 Uhr<br data-start=\"370\" data-end=\"373\" \/>Vom 12. Juni bis 28. August: 11:00 \u2013 20:00 Uhr<\/p>\n<p>Um Lebensmittelverschwendung zu vermeiden, basiert unsere Take-Away-Men\u00fckarte haupts\u00e4chlich auf Lebensmitteln direkt aus der Tiefk\u00fchltruhe.<br data-start=\"565\" data-end=\"568\" \/>F\u00fcr das beste Ergebnis betr\u00e4gt die Garzeit etwa eine halbe Stunde.<\/p>\n<p>Sie k\u00f6nnen ein einfaches oder schnelles Mittagessen kaufen, w\u00e4hrend Sie am Pool, auf dem Spielplatz oder in Ihrem eigenen Zelt\/Wohnmobil entspannen.<br data-start=\"337\" data-end=\"340\" \/>Au\u00dferdem bieten wir eine kleine Beilage zu Abendessen und Pizza an.<br data-start=\"409\" data-end=\"412\" \/>Unser Angebot umfasst unter anderem H\u00e4hnchenspie\u00dfe, Frikadellen, verschiedene Kartoffelgerichte, B\u00f6rek und Pizza. Alle Men\u00fcs finden Sie unten.<\/p>\n<p>&nbsp;<\/p>\n<p>&nbsp;<\/p>\n<p>&nbsp;<\/p>\n","protected":false},"excerpt":{"rendered":"<p>W\u00e4hrend der Laden\u00f6ffnungszeiten: Take-Away-Men\u00fckarte vom 1. Mai bis 1. September (September solange der Vorrat reicht) Vom 1. Mai bis 30&#8230;.<\/p>\n","protected":false},"author":2,"featured_media":0,"parent":0,"menu_order":0,"comment_status":"closed","ping_status":"closed","template":"","meta":{"_acf_changed":false,"footnotes":""},"acf":[],"yoast_head":"<!-- This site is optimized with the Yoast SEO plugin v23.2 - https:\/\/yoast.com\/wordpress\/plugins\/seo\/ -->\n<title>Take Away - Skovly Camping v\/Mette Balleby<\/title>\n<meta name=\"robots\" content=\"index, follow, max-snippet:-1, max-image-preview:large, max-video-preview:-1\" \/>\n<link rel=\"canonical\" href=\"https:\/\/skovlycamping.dk\/de\/take-away\/\" \/>\n<meta property=\"og:locale\" content=\"de_DE\" \/>\n<meta property=\"og:type\" content=\"article\" \/>\n<meta property=\"og:title\" content=\"Take Away - Skovly Camping v\/Mette Balleby\" \/>\n<meta property=\"og:description\" content=\"W\u00e4hrend der Laden\u00f6ffnungszeiten: Take-Away-Men\u00fckarte vom 1. Mai bis 1. September (September solange der Vorrat reicht) Vom 1. Mai bis 30....\" \/>\n<meta property=\"og:url\" content=\"https:\/\/skovlycamping.dk\/de\/take-away\/\" \/>\n<meta property=\"og:site_name\" content=\"Skovly Camping v\/Mette Balleby\" \/>\n<meta property=\"article:modified_time\" content=\"2026-04-06T14:12:25+00:00\" \/>\n<meta name=\"twitter:card\" content=\"summary_large_image\" \/>\n<meta name=\"twitter:label1\" content=\"Gesch\u00e4tzte Lesezeit\" \/>\n\t<meta name=\"twitter:data1\" content=\"8\u00a0Minuten\" \/>\n<!-- \/ Yoast SEO plugin. -->","yoast_head_json":{"title":"Take Away - Skovly Camping v\/Mette Balleby","robots":{"index":"index","follow":"follow","max-snippet":"max-snippet:-1","max-image-preview":"max-image-preview:large","max-video-preview":"max-video-preview:-1"},"canonical":"https:\/\/skovlycamping.dk\/de\/take-away\/","og_locale":"de_DE","og_type":"article","og_title":"Take Away - Skovly Camping v\/Mette Balleby","og_description":"W\u00e4hrend der Laden\u00f6ffnungszeiten: Take-Away-Men\u00fckarte vom 1. Mai bis 1. September (September solange der Vorrat reicht) Vom 1. Mai bis 30....","og_url":"https:\/\/skovlycamping.dk\/de\/take-away\/","og_site_name":"Skovly Camping v\/Mette Balleby","article_modified_time":"2026-04-06T14:12:25+00:00","twitter_card":"summary_large_image","twitter_misc":{"Gesch\u00e4tzte Lesezeit":"8\u00a0Minuten"},"schema":{"@context":"https:\/\/schema.org","@graph":[{"@type":"WebPage","@id":"https:\/\/skovlycamping.dk\/de\/take-away\/","url":"https:\/\/skovlycamping.dk\/de\/take-away\/","name":"Take Away - Skovly Camping v\/Mette Balleby","isPartOf":{"@id":"https:\/\/skovlycamping.dk\/de\/#website"},"datePublished":"2025-03-10T08:50:23+00:00","dateModified":"2026-04-06T14:12:25+00:00","breadcrumb":{"@id":"https:\/\/skovlycamping.dk\/de\/take-away\/#breadcrumb"},"inLanguage":"de","potentialAction":[{"@type":"ReadAction","target":["https:\/\/skovlycamping.dk\/de\/take-away\/"]}]},{"@type":"BreadcrumbList","@id":"https:\/\/skovlycamping.dk\/de\/take-away\/#breadcrumb","itemListElement":[{"@type":"ListItem","position":1,"name":"Hjem","item":"https:\/\/skovlycamping.dk\/de\/"},{"@type":"ListItem","position":2,"name":"Take Away"}]},{"@type":"WebSite","@id":"https:\/\/skovlycamping.dk\/de\/#website","url":"https:\/\/skovlycamping.dk\/de\/","name":"Skovly Camping v\/Mette Balleby","description":"","potentialAction":[{"@type":"SearchAction","target":{"@type":"EntryPoint","urlTemplate":"https:\/\/skovlycamping.dk\/de\/?s={search_term_string}"},"query-input":"required name=search_term_string"}],"inLanguage":"de"}]}},"_links":{"self":[{"href":"https:\/\/skovlycamping.dk\/de\/wp-json\/wp\/v2\/pages\/4511"}],"collection":[{"href":"https:\/\/skovlycamping.dk\/de\/wp-json\/wp\/v2\/pages"}],"about":[{"href":"https:\/\/skovlycamping.dk\/de\/wp-json\/wp\/v2\/types\/page"}],"author":[{"embeddable":true,"href":"https:\/\/skovlycamping.dk\/de\/wp-json\/wp\/v2\/users\/2"}],"replies":[{"embeddable":true,"href":"https:\/\/skovlycamping.dk\/de\/wp-json\/wp\/v2\/comments?post=4511"}],"version-history":[{"count":15,"href":"https:\/\/skovlycamping.dk\/de\/wp-json\/wp\/v2\/pages\/4511\/revisions"}],"predecessor-version":[{"id":6386,"href":"https:\/\/skovlycamping.dk\/de\/wp-json\/wp\/v2\/pages\/4511\/revisions\/6386"}],"wp:attachment":[{"href":"https:\/\/skovlycamping.dk\/de\/wp-json\/wp\/v2\/media?parent=4511"}],"curies":[{"name":"wp","href":"https:\/\/api.w.org\/{rel}","templated":true}]}}