{"id":4518,"date":"2025-03-10T09:52:43","date_gmt":"2025-03-10T08:52:43","guid":{"rendered":"https:\/\/skovlycamping.dk\/?page_id=4518"},"modified":"2026-04-10T18:26:02","modified_gmt":"2026-04-10T16:26:02","slug":"find2learn","status":"publish","type":"page","link":"https:\/\/skovlycamping.dk\/de\/find2learn\/","title":{"rendered":"Find2learn"},"content":{"rendered":"<p data-start=\"0\" data-end=\"370\"><img loading=\"lazy\" decoding=\"async\" class=\"alignleft wp-image-4441\" src=\"https:\/\/skovlycamping.dk\/wp-content\/uploads\/2025\/03\/app-icon.png\" alt=\"\" width=\"75\" height=\"75\" \/>Freuen Sie sich auf eine Vielzahl spannender Online-Schatzsuchen!<\/p>\n<p data-start=\"0\" data-end=\"370\">Ab sofort k\u00f6nnen Sie unsere S\u00fc\u00dfigkeiten- und Kuchen-Schatzsuche, Gem\u00fcse-Schatzsuche und Disney-Schatzsuche ausprobieren \u2013 und wir f\u00fcgen st\u00e4ndig neue lustige Herausforderungen hinzu. Die aktuellen Schatzsuchen finden Sie im Wald direkt neben dem Campingplatz. Packen Sie also einen gem\u00fctlichen Picknickkorb und machen Sie einen Tag daraus, Oder schn\u00fcren Sie Ihre Laufschuhe und sehen Sie, wie schnell Sie die Herausforderung meistern k\u00f6nnen.<\/p>\n<p data-start=\"372\" data-end=\"529\" data-is-last-node=\"\" data-is-only-node=\"\">Sie m\u00fcssen lediglich die Find2Learn-App herunterladen und einen Benutzer erstellen, falls Sie noch keinen haben. Die App kann v\u00f6llig kostenlos heruntergeladen und genutzt werden! \ud83d\ude80\ud83c\udf3f<\/p>\n<p><img decoding=\"async\" class=\"alignleft wp-image-4380\" src=\"https:\/\/skovlycamping.dk\/wp-content\/uploads\/2025\/03\/find2learn.svg\" alt=\"\" width=\"100\" \/><\/p>\n","protected":false},"excerpt":{"rendered":"<p>Freuen Sie sich auf eine Vielzahl spannender Online-Schatzsuchen! Ab sofort k\u00f6nnen Sie unsere S\u00fc\u00dfigkeiten- und Kuchen-Schatzsuche, Gem\u00fcse-Schatzsuche und Disney-Schatzsuche ausprobieren&#8230;<\/p>\n","protected":false},"author":2,"featured_media":0,"parent":0,"menu_order":0,"comment_status":"closed","ping_status":"closed","template":"","meta":{"_acf_changed":false,"footnotes":""},"acf":[],"yoast_head":"<!-- This site is optimized with the Yoast SEO plugin v23.2 - https:\/\/yoast.com\/wordpress\/plugins\/seo\/ -->\n<title>Find2learn - Skovly Camping v\/Mette Balleby<\/title>\n<meta name=\"robots\" content=\"index, follow, max-snippet:-1, max-image-preview:large, max-video-preview:-1\" \/>\n<link rel=\"canonical\" href=\"https:\/\/skovlycamping.dk\/de\/find2learn\/\" \/>\n<meta property=\"og:locale\" content=\"de_DE\" \/>\n<meta property=\"og:type\" content=\"article\" \/>\n<meta property=\"og:title\" content=\"Find2learn - Skovly Camping v\/Mette Balleby\" \/>\n<meta property=\"og:description\" content=\"Freuen Sie sich auf eine Vielzahl spannender Online-Schatzsuchen! Ab sofort k\u00f6nnen Sie unsere S\u00fc\u00dfigkeiten- und Kuchen-Schatzsuche, Gem\u00fcse-Schatzsuche und Disney-Schatzsuche ausprobieren...\" \/>\n<meta property=\"og:url\" content=\"https:\/\/skovlycamping.dk\/de\/find2learn\/\" \/>\n<meta property=\"og:site_name\" content=\"Skovly Camping v\/Mette Balleby\" \/>\n<meta property=\"article:modified_time\" content=\"2026-04-10T16:26:02+00:00\" \/>\n<meta property=\"og:image\" content=\"https:\/\/skovlycamping.dk\/wp-content\/uploads\/2025\/03\/app-icon.png\" \/>\n<meta name=\"twitter:card\" content=\"summary_large_image\" \/>\n<meta name=\"twitter:label1\" content=\"Gesch\u00e4tzte Lesezeit\" \/>\n\t<meta name=\"twitter:data1\" content=\"3\u00a0Minuten\" \/>\n<!-- \/ Yoast SEO plugin. -->","yoast_head_json":{"title":"Find2learn - Skovly Camping v\/Mette Balleby","robots":{"index":"index","follow":"follow","max-snippet":"max-snippet:-1","max-image-preview":"max-image-preview:large","max-video-preview":"max-video-preview:-1"},"canonical":"https:\/\/skovlycamping.dk\/de\/find2learn\/","og_locale":"de_DE","og_type":"article","og_title":"Find2learn - Skovly Camping v\/Mette Balleby","og_description":"Freuen Sie sich auf eine Vielzahl spannender Online-Schatzsuchen! Ab sofort k\u00f6nnen Sie unsere S\u00fc\u00dfigkeiten- und Kuchen-Schatzsuche, Gem\u00fcse-Schatzsuche und Disney-Schatzsuche ausprobieren...","og_url":"https:\/\/skovlycamping.dk\/de\/find2learn\/","og_site_name":"Skovly Camping v\/Mette Balleby","article_modified_time":"2026-04-10T16:26:02+00:00","og_image":[{"url":"https:\/\/skovlycamping.dk\/wp-content\/uploads\/2025\/03\/app-icon.png"}],"twitter_card":"summary_large_image","twitter_misc":{"Gesch\u00e4tzte Lesezeit":"3\u00a0Minuten"},"schema":{"@context":"https:\/\/schema.org","@graph":[{"@type":"WebPage","@id":"https:\/\/skovlycamping.dk\/de\/find2learn\/","url":"https:\/\/skovlycamping.dk\/de\/find2learn\/","name":"Find2learn - Skovly Camping v\/Mette Balleby","isPartOf":{"@id":"https:\/\/skovlycamping.dk\/de\/#website"},"primaryImageOfPage":{"@id":"https:\/\/skovlycamping.dk\/de\/find2learn\/#primaryimage"},"image":{"@id":"https:\/\/skovlycamping.dk\/de\/find2learn\/#primaryimage"},"thumbnailUrl":"https:\/\/skovlycamping.dk\/wp-content\/uploads\/2025\/03\/app-icon.png","datePublished":"2025-03-10T08:52:43+00:00","dateModified":"2026-04-10T16:26:02+00:00","breadcrumb":{"@id":"https:\/\/skovlycamping.dk\/de\/find2learn\/#breadcrumb"},"inLanguage":"de","potentialAction":[{"@type":"ReadAction","target":["https:\/\/skovlycamping.dk\/de\/find2learn\/"]}]},{"@type":"ImageObject","inLanguage":"de","@id":"https:\/\/skovlycamping.dk\/de\/find2learn\/#primaryimage","url":"https:\/\/skovlycamping.dk\/wp-content\/uploads\/2025\/03\/app-icon.png","contentUrl":"https:\/\/skovlycamping.dk\/wp-content\/uploads\/2025\/03\/app-icon.png"},{"@type":"BreadcrumbList","@id":"https:\/\/skovlycamping.dk\/de\/find2learn\/#breadcrumb","itemListElement":[{"@type":"ListItem","position":1,"name":"Hjem","item":"https:\/\/skovlycamping.dk\/de\/"},{"@type":"ListItem","position":2,"name":"Find2learn"}]},{"@type":"WebSite","@id":"https:\/\/skovlycamping.dk\/de\/#website","url":"https:\/\/skovlycamping.dk\/de\/","name":"Skovly Camping v\/Mette Balleby","description":"","potentialAction":[{"@type":"SearchAction","target":{"@type":"EntryPoint","urlTemplate":"https:\/\/skovlycamping.dk\/de\/?s={search_term_string}"},"query-input":"required name=search_term_string"}],"inLanguage":"de"}]}},"_links":{"self":[{"href":"https:\/\/skovlycamping.dk\/de\/wp-json\/wp\/v2\/pages\/4518"}],"collection":[{"href":"https:\/\/skovlycamping.dk\/de\/wp-json\/wp\/v2\/pages"}],"about":[{"href":"https:\/\/skovlycamping.dk\/de\/wp-json\/wp\/v2\/types\/page"}],"author":[{"embeddable":true,"href":"https:\/\/skovlycamping.dk\/de\/wp-json\/wp\/v2\/users\/2"}],"replies":[{"embeddable":true,"href":"https:\/\/skovlycamping.dk\/de\/wp-json\/wp\/v2\/comments?post=4518"}],"version-history":[{"count":14,"href":"https:\/\/skovlycamping.dk\/de\/wp-json\/wp\/v2\/pages\/4518\/revisions"}],"predecessor-version":[{"id":6479,"href":"https:\/\/skovlycamping.dk\/de\/wp-json\/wp\/v2\/pages\/4518\/revisions\/6479"}],"wp:attachment":[{"href":"https:\/\/skovlycamping.dk\/de\/wp-json\/wp\/v2\/media?parent=4518"}],"curies":[{"name":"wp","href":"https:\/\/api.w.org\/{rel}","templated":true}]}}