{"id":4655,"date":"2025-04-02T18:08:07","date_gmt":"2025-04-02T16:08:07","guid":{"rendered":"https:\/\/skovlycamping.dk\/?page_id=4655"},"modified":"2026-02-16T11:53:59","modified_gmt":"2026-02-16T10:53:59","slug":"kopenhagen","status":"publish","type":"page","link":"https:\/\/skovlycamping.dk\/de\/kopenhagen\/","title":{"rendered":"Kopenhagen"},"content":{"rendered":"<p>Wir sind nur 50 Autominuten von Kopenhagen entfernt, daher besteht eine gute Gelegenheit f\u00fcr einen Tagesausflug in die d\u00e4nische Hauptstadt. Wir helfen Ihnen gerne bei der Parkplatzbuchung, der Suche nach \u00f6ffentlichen Verkehrsmitteln oder bei der Auskunft \u00fcber Sehensw\u00fcrdigkeiten.<\/p>\n<p><strong>N\u00fctzliche Website:<\/strong><\/p>\n<span class='stom-button'><a href=\"https:\/\/www.visitcopenhagen.de\/?_gl=1*u7hgb2*_gcl_au*MTc4MDg1MTgxNS4xNzQzNjc3NTk3*_ga*MTg5NjU2MDE0NS4xNzE2ODE0NjYx*_ga_FC2FXV22T1*czE3NDk3Mzk4MzIkbzEyJGcxJHQxNzQ5NzQwMjgwJGo1MCRsMCRoMA..&amp;_ga=2.210490965.1995088687.1749739832-1896560145.1716814661\">Visit Copenhagen<\/a><\/span>\n<p>&nbsp;<\/p>\n<p><strong>Copenhagen Card:<br \/>\n<\/strong>Mit einer Copenhagen Card erhalten Sie kostenlosen Zugang zu \u00fcber 80 Attraktionen, kostenlose Nutzung der \u00f6ffentlichen Verkehrsmittel in der gesamten Region Kopenhagen, einen Stadtplan von Kopenhagen, Erm\u00e4\u00dfigungen bei F\u00fchrungen, Museen und anderen Erlebnissen sowie Erm\u00e4\u00dfigungen in ausgew\u00e4hlten Restaurants, Caf\u00e9s und Bars. Es besteht die M\u00f6glichkeit, eine Karte mit einer G\u00fcltigkeit von 24, 48, 72 oder 120 Stunden zu erwerben. Wenn Sie am Bahnhof Borup in den Regionalzug Richtung Kopenhagen einsteigen, ist die Karte ab Fahrtbeginn nutzbar, da Borup in der Region Kopenhagen liegt.<br \/>\nKlicken Sie f\u00fcr weitere Informationen auf den untenstehenden Link.<\/p>\n<span class='stom-button'><a href=\"https:\/\/www.viator.com\/de-DE\/tours\/Copenhagen\/Copenhagen-Card\/d463-3224CARD?mcid=25390&amp;tsem=true&amp;supci=1361923300&amp;supag=17000045604&amp;supsc=aud-2226856787438:kwd-21470566386&amp;supai=644294306145&amp;supap=&amp;supdv=c&amp;supnt=g&amp;supti=aud-2226856787438:kwd-21470566386&amp;suplp=1005099&amp;supli=&amp;m=25390&amp;supag=17000045604&amp;supsc=aud-2226856787438:kwd-21470566386&amp;supai=644294306145&amp;supap=&amp;supdv=c&amp;supnt=nt:g&amp;suplp=1005099&amp;supli=&amp;supti=aud-2226856787438:kwd-21470566386&amp;tsem=true&amp;supci=aud-2226856787438:kwd-21470566386&amp;supap1=&amp;supap2=&amp;gad_source=1&amp;gclid=CjwKCAiAjrarBhAWEiwA2qWdCMA12z4qPVTpQ2uL4IM8ItumC1OS5uk9rdCF0nMnfHoIfHwJSU8k8hoCdowQAvD_BwE&amp;localeSwitch=1\">Copenhagen card<\/a><\/span>\n<p>&nbsp;<\/p>\n<p><strong>Parken:<br \/>\n<\/strong>Wenn Sie zentral in Kopenhagen parken m\u00f6chten, empfehlen wir Ihnen den Parkplatz Vesterport, Nyrupsgade 43. Hier ist:<\/p>\n<ul>\n<li style=\"font-weight: 400;\" aria-level=\"1\">634 Parkpl\u00e4tze, davon 25 Parkpl\u00e4tze f\u00fcr Elektroautos<\/li>\n<li style=\"font-weight: 400;\" aria-level=\"1\">Maximale Fahrh\u00f6he: 2,15 m<\/li>\n<li style=\"font-weight: 400;\" aria-level=\"1\">In der N\u00e4he von Tivoli, Wallmans, Palads, Imperial, Det Ny Teater und anderen<\/li>\n<li style=\"font-weight: 400;\" aria-level=\"1\">Zahlung: Bargeld, Dankort, EasyPark App, Mastercard, Q-Park AP, Visa, QuickCard<\/li>\n<li style=\"font-weight: 400;\" aria-level=\"1\">1 Stunde (Abrechnung pro angefangener Stunde): DKK 44<\/li>\n<li style=\"font-weight: 400;\" aria-level=\"1\">Maximaler Tagessatz (Preis f\u00fcr 24 Stunden): DKK 320<\/li>\n<li style=\"font-weight: 400;\" aria-level=\"1\">\u00d6ffnungszeiten: Montag-Sonntag Eingang: 00-24 Uhr und Ausgang: 00-24 Uhr<\/li>\n<\/ul>\n<p>Klicken Sie auf den untenstehenden Link, um weitere Parkm\u00f6glichkeiten in Kopenhagen anzuzeigen.<\/p>\n<span class='stom-button'><a href=\"https:\/\/www.q-park.dk\/en-gb\/parking\/copenhagen\/\">Q-Park Copenhagen<\/a><\/span>\n<p>&nbsp;<\/p>\n<p><strong>\u00d6ffentliche Verkehrsmittel:<br \/>\n<\/strong>Planen Sie Ihre Reise mit \u00f6ffentlichen Verkehrsmitteln \u00fcber Rejseplanen.dk. Hier finden Sie Abfahrtszeiten, Preise, Informationen zur Fahrradmitnahme usw. \u2013 g\u00fcltig f\u00fcr alle \u00f6ffentlichen Verkehrsmittel in D\u00e4nemark.<\/p>\n<span class='stom-button'><a href=\"https:\/\/rejseplanen.dk\/webapp\/?language=de_DE#!P|TP!histId|0!histKey|H862322\">Rejseplanen<\/a><\/span>\n<p>&nbsp;<\/p>\n<p>Reisen Sie bequem mit dem Intercity- oder Regionalzug ab Ringsted Station, oder steigen Sie in den Regionalzug ab Borup Station ein, bzw. nehmen Sie Regional- oder S-Bahn ab \u00d8lby Station. An allen drei Bahnh\u00f6fen stehen kostenlose Parkpl\u00e4tze zur Verf\u00fcgung.<\/p>\n<p>Wenn Sie mit dem Bus vom Skovly Camping zum Bahnhof Ringsted oder Roskilde fahren m\u00f6chten, k\u00f6nnen Sie an der Hauptstra\u00dfe neben der Einfahrt zum Campingplatz einsteigen. Es handelt sich um eine &#8222;vinke&#8220; strecke, daher muss der Bus anhalten, wenn Sie durch ein deutliches Signal signalisieren, dass Sie einsteigen m\u00f6chten. Wenn Sie in Richtung Bahnhof Roskilde fahren, stellen Sie sich am besten neben den Stein neben dem benachbarten Bauernhof und wenn Sie zum Bahnhof Ringsted fahren, stellen Sie sich am besten vor das Schild \u201eSkovly Camping\u201c.<\/p>\n<p>Zwei Kinder unter 12 Jahren k\u00f6nnen in Begleitung eines Erwachsenen mit g\u00fcltigem Ticket kostenlos mit den \u00f6ffentlichen Verkehrsmitteln fahren. Ein Kind im Alter von 12-15 Jahren zahlt den Kinderpreis und kann ein Kind unter 12 Jahren kostenlos auf seinem Ticket mitnehmen.<\/p>\n<p><strong>In den Z\u00fcgen der DSB<\/strong> k\u00f6nnen Hunde und Kleintiere, die sich w\u00e4hrend der gesamten Fahrt in einer Transporttasche, Transportbox oder einem K\u00e4fig befinden, kostenlos bef\u00f6rdert werden. Die maximalen Abmessungen der Tasche oder Kiste entsprechen denen des Gep\u00e4cks (100 x 60 x 30 cm). Wenn Sie einen Hund mitbringen, der nicht in einer Tasche oder einem K\u00e4fig transportiert wird, besteht Leinenpflicht und Sie m\u00fcssen ein Kinderticket kaufen. Wenn Sie mit einem Blinden- oder Assistenzhund reisen, ist die Mitnahme kostenlos.<\/p>\n<p>Wenn Sie ein Fahrrad in einem <strong>DSB-Zug<\/strong> mitnehmen, denken Sie daran, eine Fahrradfahrkarte zu kaufen. Sie k\u00f6nnen das Ticket in der DSB-App kaufen. Klicken Sie auf den untenstehenden Link, um zu sehen, wie das geht. In der DSB-App k\u00f6nnen Sie mit VISA, VISA Debit\/VISA Electron, MasterCard und Maestro bezahlen.<\/p>\n<span class='stom-button'><a href=\"https:\/\/www.dsb.dk\/find-produkter-og-services\/dsb-app\/saadan-bestiller-du-cykelpladsbillet\/\">Bicycle parking ticket<\/a><\/span>\u00a0 <span class='stom-button'><a href=\"https:\/\/www.dsb.dk\/find-produkter-og-services\/dsb-app\/?gad_source=1&amp;gad_campaignid=784738920&amp;gbraid=0AAAAACjtYn0m3y7inurnYkW782PHNaj9N&amp;gclid=CjwKCAjw9uPCBhATEiwABHN9KyNtpJfboA4aEwhmI8oFQO5ehU-hXQwss2gpV_LHhj9HC_htLfEVFBoCq7kQAvD_BwE&amp;gclsrc=aw.ds\">DSB app<\/a><\/span>\n<p>&nbsp;<\/p>\n<p>Es besteht die M\u00f6glichkeit, einen City Pass zu erwerben, der 24, 48, 72, 96 oder 120 Stunden lang freie Fahrt im Raum Kopenhagen und\/oder Seeland erm\u00f6glicht. Wenn Sie vom Bahnhof Ringsted zum Hauptbahnhof Kopenhagen reisen, sollten Sie einen <strong>City Pass X-Large<\/strong> w\u00e4hlen. Wenn Sie hingegen am Bahnhof Borup oder am Bahnhof \u00d8lby in den Zug einsteigen, m\u00fcssen Sie einen <strong>City Pass Large<\/strong> w\u00e4hlen. Klicken Sie f\u00fcr weitere Informationen auf den untenstehenden Link.<\/p>\n<span class='stom-button'><a href=\"https:\/\/dinoffentligetransport.dk\/en\/find-tickets\/day-tickets\/city-pass\">City Pass<\/a><\/span>\n<p>&nbsp;<\/p>\n","protected":false},"excerpt":{"rendered":"<p>Wir sind nur 50 Autominuten von Kopenhagen entfernt, daher besteht eine gute Gelegenheit f\u00fcr einen Tagesausflug in die d\u00e4nische Hauptstadt&#8230;.<\/p>\n","protected":false},"author":2,"featured_media":0,"parent":0,"menu_order":0,"comment_status":"closed","ping_status":"closed","template":"","meta":{"_acf_changed":false,"footnotes":""},"acf":[],"yoast_head":"<!-- This site is optimized with the Yoast SEO plugin v23.2 - https:\/\/yoast.com\/wordpress\/plugins\/seo\/ -->\n<title>Kopenhagen - Skovly Camping v\/Mette Balleby<\/title>\n<meta name=\"robots\" content=\"index, follow, max-snippet:-1, max-image-preview:large, max-video-preview:-1\" \/>\n<link rel=\"canonical\" href=\"https:\/\/skovlycamping.dk\/de\/kopenhagen\/\" \/>\n<meta property=\"og:locale\" content=\"de_DE\" \/>\n<meta property=\"og:type\" content=\"article\" \/>\n<meta property=\"og:title\" content=\"Kopenhagen - Skovly Camping v\/Mette Balleby\" \/>\n<meta property=\"og:description\" content=\"Wir sind nur 50 Autominuten von Kopenhagen entfernt, daher besteht eine gute Gelegenheit f\u00fcr einen Tagesausflug in die d\u00e4nische Hauptstadt....\" \/>\n<meta property=\"og:url\" content=\"https:\/\/skovlycamping.dk\/de\/kopenhagen\/\" \/>\n<meta property=\"og:site_name\" content=\"Skovly Camping v\/Mette Balleby\" \/>\n<meta property=\"article:modified_time\" content=\"2026-02-16T10:53:59+00:00\" \/>\n<meta name=\"twitter:card\" content=\"summary_large_image\" \/>\n<meta name=\"twitter:label1\" content=\"Gesch\u00e4tzte Lesezeit\" \/>\n\t<meta name=\"twitter:data1\" content=\"4\u00a0Minuten\" \/>\n<!-- \/ Yoast SEO plugin. -->","yoast_head_json":{"title":"Kopenhagen - Skovly Camping v\/Mette Balleby","robots":{"index":"index","follow":"follow","max-snippet":"max-snippet:-1","max-image-preview":"max-image-preview:large","max-video-preview":"max-video-preview:-1"},"canonical":"https:\/\/skovlycamping.dk\/de\/kopenhagen\/","og_locale":"de_DE","og_type":"article","og_title":"Kopenhagen - Skovly Camping v\/Mette Balleby","og_description":"Wir sind nur 50 Autominuten von Kopenhagen entfernt, daher besteht eine gute Gelegenheit f\u00fcr einen Tagesausflug in die d\u00e4nische Hauptstadt....","og_url":"https:\/\/skovlycamping.dk\/de\/kopenhagen\/","og_site_name":"Skovly Camping v\/Mette Balleby","article_modified_time":"2026-02-16T10:53:59+00:00","twitter_card":"summary_large_image","twitter_misc":{"Gesch\u00e4tzte Lesezeit":"4\u00a0Minuten"},"schema":{"@context":"https:\/\/schema.org","@graph":[{"@type":"WebPage","@id":"https:\/\/skovlycamping.dk\/de\/kopenhagen\/","url":"https:\/\/skovlycamping.dk\/de\/kopenhagen\/","name":"Kopenhagen - Skovly Camping v\/Mette Balleby","isPartOf":{"@id":"https:\/\/skovlycamping.dk\/de\/#website"},"datePublished":"2025-04-02T16:08:07+00:00","dateModified":"2026-02-16T10:53:59+00:00","breadcrumb":{"@id":"https:\/\/skovlycamping.dk\/de\/kopenhagen\/#breadcrumb"},"inLanguage":"de","potentialAction":[{"@type":"ReadAction","target":["https:\/\/skovlycamping.dk\/de\/kopenhagen\/"]}]},{"@type":"BreadcrumbList","@id":"https:\/\/skovlycamping.dk\/de\/kopenhagen\/#breadcrumb","itemListElement":[{"@type":"ListItem","position":1,"name":"Hjem","item":"https:\/\/skovlycamping.dk\/de\/"},{"@type":"ListItem","position":2,"name":"Kopenhagen"}]},{"@type":"WebSite","@id":"https:\/\/skovlycamping.dk\/de\/#website","url":"https:\/\/skovlycamping.dk\/de\/","name":"Skovly Camping v\/Mette Balleby","description":"","potentialAction":[{"@type":"SearchAction","target":{"@type":"EntryPoint","urlTemplate":"https:\/\/skovlycamping.dk\/de\/?s={search_term_string}"},"query-input":"required name=search_term_string"}],"inLanguage":"de"}]}},"_links":{"self":[{"href":"https:\/\/skovlycamping.dk\/de\/wp-json\/wp\/v2\/pages\/4655"}],"collection":[{"href":"https:\/\/skovlycamping.dk\/de\/wp-json\/wp\/v2\/pages"}],"about":[{"href":"https:\/\/skovlycamping.dk\/de\/wp-json\/wp\/v2\/types\/page"}],"author":[{"embeddable":true,"href":"https:\/\/skovlycamping.dk\/de\/wp-json\/wp\/v2\/users\/2"}],"replies":[{"embeddable":true,"href":"https:\/\/skovlycamping.dk\/de\/wp-json\/wp\/v2\/comments?post=4655"}],"version-history":[{"count":15,"href":"https:\/\/skovlycamping.dk\/de\/wp-json\/wp\/v2\/pages\/4655\/revisions"}],"predecessor-version":[{"id":6004,"href":"https:\/\/skovlycamping.dk\/de\/wp-json\/wp\/v2\/pages\/4655\/revisions\/6004"}],"wp:attachment":[{"href":"https:\/\/skovlycamping.dk\/de\/wp-json\/wp\/v2\/media?parent=4655"}],"curies":[{"name":"wp","href":"https:\/\/api.w.org\/{rel}","templated":true}]}}