{"id":4744,"date":"2025-04-18T19:20:32","date_gmt":"2025-04-18T17:20:32","guid":{"rendered":"https:\/\/skovlycamping.dk\/?page_id=4744"},"modified":"2026-04-28T15:54:53","modified_gmt":"2026-04-28T13:54:53","slug":"aktivitaeten","status":"publish","type":"page","link":"https:\/\/skovlycamping.dk\/de\/aktivitaeten\/","title":{"rendered":"Aktivit\u00e4ten"},"content":{"rendered":"<p>W\u00e4hrend die Sommerferien haben wir Aktivit\u00e4ten am Dienstag, Mittwoch und Donnerstag geplant. Alle Details finden Sie weiter unten.<\/p>\n<p>Einige unserer Aktivit\u00e4ten kosten etwas und es gibt die M\u00f6glichkeit\u00a0 kalte Getr\u00e4nke zukaufen.<\/p>\n<p>Die Aktivitaten sind auch f\u00fcr unsere Tagesbesucher. Tagesbesucher: Der preis ist 20,- dkr,\/Person. Dann gibt es Zugang zum Spielplatz, das H\u00fcpfkissen, das Servicegeba\u00fcde und die Aktivit\u00e4ten.<\/p>\n<p>Ausserdem haben wir vielen Schatzsuchen, an denen Sie selbst teilnehmen k\u00f6nnen: Wir haben Garten-, Wald- und See-Bingo.<br \/>\nWir haben auch viele <a href=\"https:\/\/skovlycamping.dk\/de\/find2learn\/\">find2learn-Schatzsuchen<\/a>.<\/p>\n","protected":false},"excerpt":{"rendered":"<p>W\u00e4hrend die Sommerferien haben wir Aktivit\u00e4ten am Dienstag, Mittwoch und Donnerstag geplant. Alle Details finden Sie weiter unten. Einige unserer&#8230;<\/p>\n","protected":false},"author":2,"featured_media":0,"parent":0,"menu_order":0,"comment_status":"closed","ping_status":"closed","template":"","meta":{"_acf_changed":false,"footnotes":""},"acf":[],"yoast_head":"<!-- This site is optimized with the Yoast SEO plugin v23.2 - https:\/\/yoast.com\/wordpress\/plugins\/seo\/ -->\n<title>Aktivit\u00e4ten - Skovly Camping v\/Mette Balleby<\/title>\n<meta name=\"robots\" content=\"index, follow, max-snippet:-1, max-image-preview:large, max-video-preview:-1\" \/>\n<link rel=\"canonical\" href=\"https:\/\/skovlycamping.dk\/de\/aktivitaeten\/\" \/>\n<meta property=\"og:locale\" content=\"de_DE\" \/>\n<meta property=\"og:type\" content=\"article\" \/>\n<meta property=\"og:title\" content=\"Aktivit\u00e4ten - Skovly Camping v\/Mette Balleby\" \/>\n<meta property=\"og:description\" content=\"W\u00e4hrend die Sommerferien haben wir Aktivit\u00e4ten am Dienstag, Mittwoch und Donnerstag geplant. Alle Details finden Sie weiter unten. Einige unserer...\" \/>\n<meta property=\"og:url\" content=\"https:\/\/skovlycamping.dk\/de\/aktivitaeten\/\" \/>\n<meta property=\"og:site_name\" content=\"Skovly Camping v\/Mette Balleby\" \/>\n<meta property=\"article:modified_time\" content=\"2026-04-28T13:54:53+00:00\" \/>\n<meta name=\"twitter:card\" content=\"summary_large_image\" \/>\n<meta name=\"twitter:label1\" content=\"Gesch\u00e4tzte Lesezeit\" \/>\n\t<meta name=\"twitter:data1\" content=\"4\u00a0Minuten\" \/>\n<!-- \/ Yoast SEO plugin. -->","yoast_head_json":{"title":"Aktivit\u00e4ten - Skovly Camping v\/Mette Balleby","robots":{"index":"index","follow":"follow","max-snippet":"max-snippet:-1","max-image-preview":"max-image-preview:large","max-video-preview":"max-video-preview:-1"},"canonical":"https:\/\/skovlycamping.dk\/de\/aktivitaeten\/","og_locale":"de_DE","og_type":"article","og_title":"Aktivit\u00e4ten - Skovly Camping v\/Mette Balleby","og_description":"W\u00e4hrend die Sommerferien haben wir Aktivit\u00e4ten am Dienstag, Mittwoch und Donnerstag geplant. Alle Details finden Sie weiter unten. Einige unserer...","og_url":"https:\/\/skovlycamping.dk\/de\/aktivitaeten\/","og_site_name":"Skovly Camping v\/Mette Balleby","article_modified_time":"2026-04-28T13:54:53+00:00","twitter_card":"summary_large_image","twitter_misc":{"Gesch\u00e4tzte Lesezeit":"4\u00a0Minuten"},"schema":{"@context":"https:\/\/schema.org","@graph":[{"@type":"WebPage","@id":"https:\/\/skovlycamping.dk\/de\/aktivitaeten\/","url":"https:\/\/skovlycamping.dk\/de\/aktivitaeten\/","name":"Aktivit\u00e4ten - Skovly Camping v\/Mette Balleby","isPartOf":{"@id":"https:\/\/skovlycamping.dk\/de\/#website"},"datePublished":"2025-04-18T17:20:32+00:00","dateModified":"2026-04-28T13:54:53+00:00","breadcrumb":{"@id":"https:\/\/skovlycamping.dk\/de\/aktivitaeten\/#breadcrumb"},"inLanguage":"de","potentialAction":[{"@type":"ReadAction","target":["https:\/\/skovlycamping.dk\/de\/aktivitaeten\/"]}]},{"@type":"BreadcrumbList","@id":"https:\/\/skovlycamping.dk\/de\/aktivitaeten\/#breadcrumb","itemListElement":[{"@type":"ListItem","position":1,"name":"Hjem","item":"https:\/\/skovlycamping.dk\/de\/"},{"@type":"ListItem","position":2,"name":"Aktivit\u00e4ten"}]},{"@type":"WebSite","@id":"https:\/\/skovlycamping.dk\/de\/#website","url":"https:\/\/skovlycamping.dk\/de\/","name":"Skovly Camping v\/Mette Balleby","description":"","potentialAction":[{"@type":"SearchAction","target":{"@type":"EntryPoint","urlTemplate":"https:\/\/skovlycamping.dk\/de\/?s={search_term_string}"},"query-input":"required name=search_term_string"}],"inLanguage":"de"}]}},"_links":{"self":[{"href":"https:\/\/skovlycamping.dk\/de\/wp-json\/wp\/v2\/pages\/4744"}],"collection":[{"href":"https:\/\/skovlycamping.dk\/de\/wp-json\/wp\/v2\/pages"}],"about":[{"href":"https:\/\/skovlycamping.dk\/de\/wp-json\/wp\/v2\/types\/page"}],"author":[{"embeddable":true,"href":"https:\/\/skovlycamping.dk\/de\/wp-json\/wp\/v2\/users\/2"}],"replies":[{"embeddable":true,"href":"https:\/\/skovlycamping.dk\/de\/wp-json\/wp\/v2\/comments?post=4744"}],"version-history":[{"count":10,"href":"https:\/\/skovlycamping.dk\/de\/wp-json\/wp\/v2\/pages\/4744\/revisions"}],"predecessor-version":[{"id":6600,"href":"https:\/\/skovlycamping.dk\/de\/wp-json\/wp\/v2\/pages\/4744\/revisions\/6600"}],"wp:attachment":[{"href":"https:\/\/skovlycamping.dk\/de\/wp-json\/wp\/v2\/media?parent=4744"}],"curies":[{"name":"wp","href":"https:\/\/api.w.org\/{rel}","templated":true}]}}