{"id":5110,"date":"2025-08-17T16:17:16","date_gmt":"2025-08-17T14:17:16","guid":{"rendered":"https:\/\/skovlycamping.dk\/?page_id=5110"},"modified":"2026-04-09T16:38:38","modified_gmt":"2026-04-09T14:38:38","slug":"oeffnungszeiten","status":"publish","type":"page","link":"https:\/\/skovlycamping.dk\/de\/oeffnungszeiten\/","title":{"rendered":"\u00d6ffnungszeiten"},"content":{"rendered":"<h4>\u00d6ffnungszeiten f\u00fcr Telefon und Laden<\/h4>\n<p>An Wochentagen halten wir unsere Telefonzeiten knapp, da der Laden geschlossen ist und meine Aufgaben haupts\u00e4chlich drau\u00dfen auf dem Platz liegen.<br \/>\nWenn ich das Telefon nicht entgegennehmen kann, rufe ich tags\u00fcber zur\u00fcck, sobald ich am Computer sitze.<\/p>\n<p>Mit freundlichen Gr\u00fc\u00dfen<br \/>\nMette Balleby<\/p>\n<p>&nbsp;<\/p>\n<p><strong>\u00d6ffnungszeiten:<\/strong><\/p>\n<span class='stom-button'><a href=\"https:\/\/skovlycamping.dk\/de\/laden\/\">LADEN<\/a><\/span>\u00a0 <span class='stom-button'><a href=\"https:\/\/skovlycamping.dk\/de\/telefon\/\">TELEFON<\/a><\/span>\u00a0 <span class='stom-button'><a href=\"https:\/\/skovlycamping.dk\/de\/pool\/\">SCHWIMMBAD<\/a><\/span>\u00a0 <span class='stom-button'><a href=\"https:\/\/skovlycamping.dk\/de\/spiele-im-freien\/\">SPIELE IM FREIEN<\/a><\/span>\n","protected":false},"excerpt":{"rendered":"<p>\u00d6ffnungszeiten f\u00fcr Telefon und Laden An Wochentagen halten wir unsere Telefonzeiten knapp, da der Laden geschlossen ist und meine Aufgaben&#8230;<\/p>\n","protected":false},"author":2,"featured_media":0,"parent":0,"menu_order":0,"comment_status":"closed","ping_status":"closed","template":"","meta":{"_acf_changed":false,"footnotes":""},"acf":[],"yoast_head":"<!-- This site is optimized with the Yoast SEO plugin v23.2 - https:\/\/yoast.com\/wordpress\/plugins\/seo\/ -->\n<title>\u00d6ffnungszeiten - Skovly Camping v\/Mette Balleby<\/title>\n<meta name=\"robots\" content=\"index, follow, max-snippet:-1, max-image-preview:large, max-video-preview:-1\" \/>\n<link rel=\"canonical\" href=\"https:\/\/skovlycamping.dk\/de\/oeffnungszeiten\/\" \/>\n<meta property=\"og:locale\" content=\"de_DE\" \/>\n<meta property=\"og:type\" content=\"article\" \/>\n<meta property=\"og:title\" content=\"\u00d6ffnungszeiten - Skovly Camping v\/Mette Balleby\" \/>\n<meta property=\"og:description\" content=\"\u00d6ffnungszeiten f\u00fcr Telefon und Laden An Wochentagen halten wir unsere Telefonzeiten knapp, da der Laden geschlossen ist und meine Aufgaben...\" \/>\n<meta property=\"og:url\" content=\"https:\/\/skovlycamping.dk\/de\/oeffnungszeiten\/\" \/>\n<meta property=\"og:site_name\" content=\"Skovly Camping v\/Mette Balleby\" \/>\n<meta property=\"article:modified_time\" content=\"2026-04-09T14:38:38+00:00\" \/>\n<meta name=\"twitter:card\" content=\"summary_large_image\" \/>\n<meta name=\"twitter:label1\" content=\"Gesch\u00e4tzte Lesezeit\" \/>\n\t<meta name=\"twitter:data1\" content=\"1\u00a0Minute\" \/>\n<!-- \/ Yoast SEO plugin. -->","yoast_head_json":{"title":"\u00d6ffnungszeiten - Skovly Camping v\/Mette Balleby","robots":{"index":"index","follow":"follow","max-snippet":"max-snippet:-1","max-image-preview":"max-image-preview:large","max-video-preview":"max-video-preview:-1"},"canonical":"https:\/\/skovlycamping.dk\/de\/oeffnungszeiten\/","og_locale":"de_DE","og_type":"article","og_title":"\u00d6ffnungszeiten - Skovly Camping v\/Mette Balleby","og_description":"\u00d6ffnungszeiten f\u00fcr Telefon und Laden An Wochentagen halten wir unsere Telefonzeiten knapp, da der Laden geschlossen ist und meine Aufgaben...","og_url":"https:\/\/skovlycamping.dk\/de\/oeffnungszeiten\/","og_site_name":"Skovly Camping v\/Mette Balleby","article_modified_time":"2026-04-09T14:38:38+00:00","twitter_card":"summary_large_image","twitter_misc":{"Gesch\u00e4tzte Lesezeit":"1\u00a0Minute"},"schema":{"@context":"https:\/\/schema.org","@graph":[{"@type":"WebPage","@id":"https:\/\/skovlycamping.dk\/de\/oeffnungszeiten\/","url":"https:\/\/skovlycamping.dk\/de\/oeffnungszeiten\/","name":"\u00d6ffnungszeiten - Skovly Camping v\/Mette Balleby","isPartOf":{"@id":"https:\/\/skovlycamping.dk\/de\/#website"},"datePublished":"2025-08-17T14:17:16+00:00","dateModified":"2026-04-09T14:38:38+00:00","breadcrumb":{"@id":"https:\/\/skovlycamping.dk\/de\/oeffnungszeiten\/#breadcrumb"},"inLanguage":"de","potentialAction":[{"@type":"ReadAction","target":["https:\/\/skovlycamping.dk\/de\/oeffnungszeiten\/"]}]},{"@type":"BreadcrumbList","@id":"https:\/\/skovlycamping.dk\/de\/oeffnungszeiten\/#breadcrumb","itemListElement":[{"@type":"ListItem","position":1,"name":"Hjem","item":"https:\/\/skovlycamping.dk\/de\/"},{"@type":"ListItem","position":2,"name":"\u00d6ffnungszeiten"}]},{"@type":"WebSite","@id":"https:\/\/skovlycamping.dk\/de\/#website","url":"https:\/\/skovlycamping.dk\/de\/","name":"Skovly Camping v\/Mette Balleby","description":"","potentialAction":[{"@type":"SearchAction","target":{"@type":"EntryPoint","urlTemplate":"https:\/\/skovlycamping.dk\/de\/?s={search_term_string}"},"query-input":"required name=search_term_string"}],"inLanguage":"de"}]}},"_links":{"self":[{"href":"https:\/\/skovlycamping.dk\/de\/wp-json\/wp\/v2\/pages\/5110"}],"collection":[{"href":"https:\/\/skovlycamping.dk\/de\/wp-json\/wp\/v2\/pages"}],"about":[{"href":"https:\/\/skovlycamping.dk\/de\/wp-json\/wp\/v2\/types\/page"}],"author":[{"embeddable":true,"href":"https:\/\/skovlycamping.dk\/de\/wp-json\/wp\/v2\/users\/2"}],"replies":[{"embeddable":true,"href":"https:\/\/skovlycamping.dk\/de\/wp-json\/wp\/v2\/comments?post=5110"}],"version-history":[{"count":15,"href":"https:\/\/skovlycamping.dk\/de\/wp-json\/wp\/v2\/pages\/5110\/revisions"}],"predecessor-version":[{"id":6466,"href":"https:\/\/skovlycamping.dk\/de\/wp-json\/wp\/v2\/pages\/5110\/revisions\/6466"}],"wp:attachment":[{"href":"https:\/\/skovlycamping.dk\/de\/wp-json\/wp\/v2\/media?parent=5110"}],"curies":[{"name":"wp","href":"https:\/\/api.w.org\/{rel}","templated":true}]}}