{"id":5859,"date":"2026-01-19T11:10:04","date_gmt":"2026-01-19T10:10:04","guid":{"rendered":"https:\/\/skovlycamping.dk\/?page_id=5859"},"modified":"2026-02-02T11:42:09","modified_gmt":"2026-02-02T10:42:09","slug":"radurlaub","status":"publish","type":"page","link":"https:\/\/skovlycamping.dk\/de\/radurlaub\/","title":{"rendered":"Radurlaub"},"content":{"rendered":"<h3 data-start=\"106\" data-end=\"129\">Fahrradfreundlicher Aufenthalt<\/h3>\n<p data-start=\"131\" data-end=\"332\">Ab dem 1. Mai 2026 werden wir mit neuen Initiativen f\u00fcr Fahrradtouristen bereit sein.<\/p>\n<p data-start=\"131\" data-end=\"332\">Wenn Sie einen Radurlaub machen, sind Sie bei uns herzlich willkommen. Wir bieten Ihnen flexible Unterkunftsm\u00f6glichkeiten in Ihrem eigenen Zelt, Schutzh\u00fctten, Luxusschutzh\u00fctten, Campingh\u00fctte oder Zimmer \u2013 so k\u00f6nnen Sie den Aufenthalt w\u00e4hlen, der am besten zu Ihnen passt.<\/p>\n<p data-start=\"334\" data-end=\"614\">Als Radtourist haben Sie Zugang zu gem\u00fctlichen Zeltpl\u00e4tzen mit Lagerfeuer und der M\u00f6glichkeit, Brennholz zu kaufen, sowie zu einem geschlossenen und teilweise \u00fcberdachten Bereich mit Tisch und Bank. Wir stellen Werkzeug und eine Pumpe zur Verf\u00fcgung, und es besteht die M\u00f6glichkeit, Elektrofahrr\u00e4der gegen Geb\u00fchr aufzuladen.<\/p>\n<p data-start=\"616\" data-end=\"801\">Dar\u00fcber hinaus bieten wir Ihnen gute Dusch- und Toilettenanlagen, die M\u00f6glichkeit zum Waschen und Trocknen von Kleidung sowie Unterst\u00fctzung bei der Routenplanung und mit lokalen Tipps \u2013 alles, um Ihnen das bestm\u00f6gliche Radfahrerlebnis zu bieten.<\/p>\n<div id='gallery-1' class='gallery galleryid-5859 gallery-columns-4 gallery-size-medium gallery-link-file'><figure class='gallery-item'>\r\n                <div class='gallery-icon landscape'>\r\n                    <a href='https:\/\/skovlycamping.dk\/wp-content\/uploads\/2026\/01\/fix.png'><img loading=\"lazy\" decoding=\"async\" width=\"128\" height=\"128\" src=\"https:\/\/skovlycamping.dk\/wp-content\/uploads\/2026\/01\/fix.png\" class=\"attachment-medium size-medium\" alt=\"\" data-stom-height=\"128\" data-stom-width=\"128\" \/><\/a>\r\n                <\/div><\/figure><figure class='gallery-item'>\r\n                <div class='gallery-icon landscape'>\r\n                    <a href='https:\/\/skovlycamping.dk\/wp-content\/uploads\/2026\/01\/camping.png'><img loading=\"lazy\" decoding=\"async\" width=\"128\" height=\"128\" src=\"https:\/\/skovlycamping.dk\/wp-content\/uploads\/2026\/01\/camping.png\" class=\"attachment-medium size-medium\" alt=\"\" data-stom-height=\"128\" data-stom-width=\"128\" \/><\/a>\r\n                <\/div><\/figure><figure class='gallery-item'>\r\n                <div class='gallery-icon landscape'>\r\n                    <a href='https:\/\/skovlycamping.dk\/wp-content\/uploads\/2026\/01\/bicycle.png'><img loading=\"lazy\" decoding=\"async\" width=\"128\" height=\"128\" src=\"https:\/\/skovlycamping.dk\/wp-content\/uploads\/2026\/01\/bicycle.png\" class=\"attachment-medium size-medium\" alt=\"\" data-stom-height=\"128\" data-stom-width=\"128\" \/><\/a>\r\n                <\/div><\/figure><figure class='gallery-item'>\r\n                <div class='gallery-icon landscape'>\r\n                    <a href='https:\/\/skovlycamping.dk\/wp-content\/uploads\/2026\/01\/bike.png'><img loading=\"lazy\" decoding=\"async\" width=\"128\" height=\"128\" src=\"https:\/\/skovlycamping.dk\/wp-content\/uploads\/2026\/01\/bike.png\" class=\"attachment-medium size-medium\" alt=\"\" data-stom-height=\"128\" data-stom-width=\"128\" \/><\/a>\r\n                <\/div><\/figure>\r\n            <\/div>\n\n<p data-start=\"616\" data-end=\"801\">\n","protected":false},"excerpt":{"rendered":"<p>Fahrradfreundlicher Aufenthalt Ab dem 1. Mai 2026 werden wir mit neuen Initiativen f\u00fcr Fahrradtouristen bereit sein. Wenn Sie einen Radurlaub&#8230;<\/p>\n","protected":false},"author":2,"featured_media":0,"parent":0,"menu_order":0,"comment_status":"closed","ping_status":"closed","template":"","meta":{"_acf_changed":false,"footnotes":""},"acf":[],"yoast_head":"<!-- This site is optimized with the Yoast SEO plugin v23.2 - https:\/\/yoast.com\/wordpress\/plugins\/seo\/ -->\n<title>Radurlaub - Skovly Camping v\/Mette Balleby<\/title>\n<meta name=\"robots\" content=\"index, follow, max-snippet:-1, max-image-preview:large, max-video-preview:-1\" \/>\n<link rel=\"canonical\" href=\"https:\/\/skovlycamping.dk\/de\/radurlaub\/\" \/>\n<meta property=\"og:locale\" content=\"de_DE\" \/>\n<meta property=\"og:type\" content=\"article\" \/>\n<meta property=\"og:title\" content=\"Radurlaub - Skovly Camping v\/Mette Balleby\" \/>\n<meta property=\"og:description\" content=\"Fahrradfreundlicher Aufenthalt Ab dem 1. Mai 2026 werden wir mit neuen Initiativen f\u00fcr Fahrradtouristen bereit sein. Wenn Sie einen Radurlaub...\" \/>\n<meta property=\"og:url\" content=\"https:\/\/skovlycamping.dk\/de\/radurlaub\/\" \/>\n<meta property=\"og:site_name\" content=\"Skovly Camping v\/Mette Balleby\" \/>\n<meta property=\"article:modified_time\" content=\"2026-02-02T10:42:09+00:00\" \/>\n<meta name=\"twitter:card\" content=\"summary_large_image\" \/>\n<meta name=\"twitter:label1\" content=\"Gesch\u00e4tzte Lesezeit\" \/>\n\t<meta name=\"twitter:data1\" content=\"1\u00a0Minute\" \/>\n<!-- \/ Yoast SEO plugin. -->","yoast_head_json":{"title":"Radurlaub - Skovly Camping v\/Mette Balleby","robots":{"index":"index","follow":"follow","max-snippet":"max-snippet:-1","max-image-preview":"max-image-preview:large","max-video-preview":"max-video-preview:-1"},"canonical":"https:\/\/skovlycamping.dk\/de\/radurlaub\/","og_locale":"de_DE","og_type":"article","og_title":"Radurlaub - Skovly Camping v\/Mette Balleby","og_description":"Fahrradfreundlicher Aufenthalt Ab dem 1. Mai 2026 werden wir mit neuen Initiativen f\u00fcr Fahrradtouristen bereit sein. Wenn Sie einen Radurlaub...","og_url":"https:\/\/skovlycamping.dk\/de\/radurlaub\/","og_site_name":"Skovly Camping v\/Mette Balleby","article_modified_time":"2026-02-02T10:42:09+00:00","twitter_card":"summary_large_image","twitter_misc":{"Gesch\u00e4tzte Lesezeit":"1\u00a0Minute"},"schema":{"@context":"https:\/\/schema.org","@graph":[{"@type":"WebPage","@id":"https:\/\/skovlycamping.dk\/de\/radurlaub\/","url":"https:\/\/skovlycamping.dk\/de\/radurlaub\/","name":"Radurlaub - Skovly Camping v\/Mette Balleby","isPartOf":{"@id":"https:\/\/skovlycamping.dk\/de\/#website"},"datePublished":"2026-01-19T10:10:04+00:00","dateModified":"2026-02-02T10:42:09+00:00","breadcrumb":{"@id":"https:\/\/skovlycamping.dk\/de\/radurlaub\/#breadcrumb"},"inLanguage":"de","potentialAction":[{"@type":"ReadAction","target":["https:\/\/skovlycamping.dk\/de\/radurlaub\/"]}]},{"@type":"BreadcrumbList","@id":"https:\/\/skovlycamping.dk\/de\/radurlaub\/#breadcrumb","itemListElement":[{"@type":"ListItem","position":1,"name":"Hjem","item":"https:\/\/skovlycamping.dk\/de\/"},{"@type":"ListItem","position":2,"name":"Radurlaub"}]},{"@type":"WebSite","@id":"https:\/\/skovlycamping.dk\/de\/#website","url":"https:\/\/skovlycamping.dk\/de\/","name":"Skovly Camping v\/Mette Balleby","description":"","potentialAction":[{"@type":"SearchAction","target":{"@type":"EntryPoint","urlTemplate":"https:\/\/skovlycamping.dk\/de\/?s={search_term_string}"},"query-input":"required name=search_term_string"}],"inLanguage":"de"}]}},"_links":{"self":[{"href":"https:\/\/skovlycamping.dk\/de\/wp-json\/wp\/v2\/pages\/5859"}],"collection":[{"href":"https:\/\/skovlycamping.dk\/de\/wp-json\/wp\/v2\/pages"}],"about":[{"href":"https:\/\/skovlycamping.dk\/de\/wp-json\/wp\/v2\/types\/page"}],"author":[{"embeddable":true,"href":"https:\/\/skovlycamping.dk\/de\/wp-json\/wp\/v2\/users\/2"}],"replies":[{"embeddable":true,"href":"https:\/\/skovlycamping.dk\/de\/wp-json\/wp\/v2\/comments?post=5859"}],"version-history":[{"count":7,"href":"https:\/\/skovlycamping.dk\/de\/wp-json\/wp\/v2\/pages\/5859\/revisions"}],"predecessor-version":[{"id":5950,"href":"https:\/\/skovlycamping.dk\/de\/wp-json\/wp\/v2\/pages\/5859\/revisions\/5950"}],"wp:attachment":[{"href":"https:\/\/skovlycamping.dk\/de\/wp-json\/wp\/v2\/media?parent=5859"}],"curies":[{"name":"wp","href":"https:\/\/api.w.org\/{rel}","templated":true}]}}