{"id":5861,"date":"2026-01-19T11:11:10","date_gmt":"2026-01-19T10:11:10","guid":{"rendered":"https:\/\/skovlycamping.dk\/?page_id=5861"},"modified":"2026-04-28T16:07:04","modified_gmt":"2026-04-28T14:07:04","slug":"bring-dein-fahrrad-mit","status":"publish","type":"page","link":"https:\/\/skovlycamping.dk\/de\/bring-dein-fahrrad-mit\/","title":{"rendered":"Bring dein Fahrrad mit"},"content":{"rendered":"<div class=\"relative basis-auto flex-col -mb-(--composer-overlap-px) [--composer-overlap-px:28px] grow flex\">\n<div class=\"flex flex-col text-sm pb-25\">\n<article class=\"text-token-text-primary w-full focus:outline-none [--shadow-height:45px] has-data-writing-block:pointer-events-none has-data-writing-block:-mt-(--shadow-height) has-data-writing-block:pt-(--shadow-height) [&amp;:has([data-writing-block])&gt;*]:pointer-events-auto [content-visibility:auto] supports-[content-visibility:auto]:[contain-intrinsic-size:auto_100lvh] scroll-mt-[calc(var(--header-height)+min(200px,max(70px,20svh)))]\" dir=\"auto\" tabindex=\"-1\" data-turn-id=\"9843681b-be8d-4a6e-827e-ecec10294b72\" data-testid=\"conversation-turn-2\" data-scroll-anchor=\"true\" data-turn=\"assistant\">\n<div class=\"text-base my-auto mx-auto pb-10 [--thread-content-margin:--spacing(4)] @w-sm\/main:[--thread-content-margin:--spacing(6)] @w-lg\/main:[--thread-content-margin:--spacing(16)] px-(--thread-content-margin)\">\n<div class=\"[--thread-content-max-width:40rem] @w-lg\/main:[--thread-content-max-width:48rem] mx-auto max-w-(--thread-content-max-width) flex-1 group\/turn-messages focus-visible:outline-hidden relative flex w-full min-w-0 flex-col agent-turn\" tabindex=\"-1\">\n<div class=\"flex max-w-full flex-col grow\">\n<div class=\"min-h-8 text-message relative flex w-full flex-col items-end gap-2 text-start break-words whitespace-normal [.text-message+&amp;]:mt-1\" dir=\"auto\" data-message-author-role=\"assistant\" data-message-id=\"87e83089-eb28-4f39-a593-4e87e892065f\" data-message-model-slug=\"gpt-5-2\">\n<div class=\"flex w-full flex-col gap-1 empty:hidden first:pt-[1px]\">\n<div class=\"markdown prose dark:prose-invert w-full break-words light markdown-new-styling\">\n<p data-start=\"176\" data-end=\"468\">Skovly Camping liegt inmitten einer wundersch\u00f6nen, h\u00fcgeligen Landschaft, wo kleine Stra\u00dfen, Waldwege und offene Felder zu Abenteuern auf zwei R\u00e4dern einladen.<\/p>\n<p data-start=\"470\" data-end=\"764\">Mit dem Fahrrad kommt man die Stille der W\u00e4lder, den weiten Landschaften und den gem\u00fctlichen D\u00f6rfern am Wegesrand sehr nahe. Sie k\u00f6nnen an historischen Sehensw\u00fcrdigkeiten, wundersch\u00f6nen Naturgebieten und kleinen, lokalen Restaurants vorbeifahren, wo Sie eine wohlverdiente Pause einlegen k\u00f6nnen.<\/p>\n<p data-start=\"766\" data-end=\"1060\">Wir haben einen Radreisef\u00fchrer mit unseren pers\u00f6nlichen Favoriten zusammengestellt \u2013 Routen die wir selbst lieben, und das die Gegend von ihrer besten Seite zeigen. Dar\u00fcber hinaus hat die Gemeinde Ringsted vier markierte Radwege mit Beschreibungen angelegt, so dass es einfach ist, die passende Tour f\u00fcr Ihr Tempo und Ihre Stimmung zu finden.<\/p>\n<p data-start=\"1062\" data-end=\"1213\" data-is-last-node=\"\" data-is-only-node=\"\">Kurz gesagt: Skovly Camping ist der perfekte Ausgangspunkt f\u00fcr einen Radurlaub \u2013 voller Natur, Erlebnisse und kleiner Momente, die man nicht verpassen m\u00f6chte. \ud83d\udeb2\ud83c\udf3f<\/p>\n<p data-start=\"1062\" data-end=\"1213\" data-is-last-node=\"\" data-is-only-node=\"\"><strong>Wir k\u00f6nnen eine Radtour nach folgendem Ort empfehlen:<\/strong><\/p>\n<\/div>\n<\/div>\n<\/div>\n<\/div>\n<\/div>\n<\/div>\n<\/article>\n<\/div>\n<\/div>\n<p>Strassenbahnmuseum Skjolden\u00e6sholm<br \/>\nMosehusets Lebensmittelgesch\u00e4ft &amp; Pfannkuchenhaus<br \/>\nRestaurant Malerklemmen<br \/>\nKnud Lavards Kapelle<br \/>\nGyldenl\u00f8ves H\u00f8j<br \/>\nRingsted Erlebnisweg<br \/>\nVogelschutzgebiet Kv\u00e6rkeby<br \/>\nWandern im Nationalpark Skjoldungernes Land<\/p>\n<p><a href=\"https:\/\/skovlycamping.dk\/wp-content\/uploads\/2026\/01\/thumbnail-screenshot-1.jpg\"><img loading=\"lazy\" decoding=\"async\" class=\"aligncenter size-full wp-image-5813\" src=\"https:\/\/skovlycamping.dk\/wp-content\/uploads\/2026\/01\/thumbnail-screenshot-1.jpg\" alt=\"\" width=\"1042\" height=\"780\" \/><\/a><\/p>\n","protected":false},"excerpt":{"rendered":"<p>Skovly Camping liegt inmitten einer wundersch\u00f6nen, h\u00fcgeligen Landschaft, wo kleine Stra\u00dfen, Waldwege und offene Felder zu Abenteuern auf zwei R\u00e4dern&#8230;<\/p>\n","protected":false},"author":2,"featured_media":0,"parent":0,"menu_order":0,"comment_status":"closed","ping_status":"closed","template":"","meta":{"_acf_changed":false,"footnotes":""},"acf":[],"yoast_head":"<!-- This site is optimized with the Yoast SEO plugin v23.2 - https:\/\/yoast.com\/wordpress\/plugins\/seo\/ -->\n<title>Bring dein Fahrrad mit - Skovly Camping v\/Mette Balleby<\/title>\n<meta name=\"robots\" content=\"index, follow, max-snippet:-1, max-image-preview:large, max-video-preview:-1\" \/>\n<link rel=\"canonical\" href=\"https:\/\/skovlycamping.dk\/de\/bring-dein-fahrrad-mit\/\" \/>\n<meta property=\"og:locale\" content=\"de_DE\" \/>\n<meta property=\"og:type\" content=\"article\" \/>\n<meta property=\"og:title\" content=\"Bring dein Fahrrad mit - Skovly Camping v\/Mette Balleby\" \/>\n<meta property=\"og:description\" content=\"Skovly Camping liegt inmitten einer wundersch\u00f6nen, h\u00fcgeligen Landschaft, wo kleine Stra\u00dfen, Waldwege und offene Felder zu Abenteuern auf zwei R\u00e4dern...\" \/>\n<meta property=\"og:url\" content=\"https:\/\/skovlycamping.dk\/de\/bring-dein-fahrrad-mit\/\" \/>\n<meta property=\"og:site_name\" content=\"Skovly Camping v\/Mette Balleby\" \/>\n<meta property=\"article:modified_time\" content=\"2026-04-28T14:07:04+00:00\" \/>\n<meta property=\"og:image\" content=\"https:\/\/skovlycamping.dk\/wp-content\/uploads\/2026\/01\/thumbnail-screenshot-1.jpg\" \/>\n<meta name=\"twitter:card\" content=\"summary_large_image\" \/>\n<meta name=\"twitter:label1\" content=\"Gesch\u00e4tzte Lesezeit\" \/>\n\t<meta name=\"twitter:data1\" content=\"6\u00a0Minuten\" \/>\n<!-- \/ Yoast SEO plugin. -->","yoast_head_json":{"title":"Bring dein Fahrrad mit - Skovly Camping v\/Mette Balleby","robots":{"index":"index","follow":"follow","max-snippet":"max-snippet:-1","max-image-preview":"max-image-preview:large","max-video-preview":"max-video-preview:-1"},"canonical":"https:\/\/skovlycamping.dk\/de\/bring-dein-fahrrad-mit\/","og_locale":"de_DE","og_type":"article","og_title":"Bring dein Fahrrad mit - Skovly Camping v\/Mette Balleby","og_description":"Skovly Camping liegt inmitten einer wundersch\u00f6nen, h\u00fcgeligen Landschaft, wo kleine Stra\u00dfen, Waldwege und offene Felder zu Abenteuern auf zwei R\u00e4dern...","og_url":"https:\/\/skovlycamping.dk\/de\/bring-dein-fahrrad-mit\/","og_site_name":"Skovly Camping v\/Mette Balleby","article_modified_time":"2026-04-28T14:07:04+00:00","og_image":[{"url":"https:\/\/skovlycamping.dk\/wp-content\/uploads\/2026\/01\/thumbnail-screenshot-1.jpg"}],"twitter_card":"summary_large_image","twitter_misc":{"Gesch\u00e4tzte Lesezeit":"6\u00a0Minuten"},"schema":{"@context":"https:\/\/schema.org","@graph":[{"@type":"WebPage","@id":"https:\/\/skovlycamping.dk\/de\/bring-dein-fahrrad-mit\/","url":"https:\/\/skovlycamping.dk\/de\/bring-dein-fahrrad-mit\/","name":"Bring dein Fahrrad mit - Skovly Camping v\/Mette Balleby","isPartOf":{"@id":"https:\/\/skovlycamping.dk\/de\/#website"},"primaryImageOfPage":{"@id":"https:\/\/skovlycamping.dk\/de\/bring-dein-fahrrad-mit\/#primaryimage"},"image":{"@id":"https:\/\/skovlycamping.dk\/de\/bring-dein-fahrrad-mit\/#primaryimage"},"thumbnailUrl":"https:\/\/skovlycamping.dk\/wp-content\/uploads\/2026\/01\/thumbnail-screenshot-1.jpg","datePublished":"2026-01-19T10:11:10+00:00","dateModified":"2026-04-28T14:07:04+00:00","breadcrumb":{"@id":"https:\/\/skovlycamping.dk\/de\/bring-dein-fahrrad-mit\/#breadcrumb"},"inLanguage":"de","potentialAction":[{"@type":"ReadAction","target":["https:\/\/skovlycamping.dk\/de\/bring-dein-fahrrad-mit\/"]}]},{"@type":"ImageObject","inLanguage":"de","@id":"https:\/\/skovlycamping.dk\/de\/bring-dein-fahrrad-mit\/#primaryimage","url":"https:\/\/skovlycamping.dk\/wp-content\/uploads\/2026\/01\/thumbnail-screenshot-1.jpg","contentUrl":"https:\/\/skovlycamping.dk\/wp-content\/uploads\/2026\/01\/thumbnail-screenshot-1.jpg"},{"@type":"BreadcrumbList","@id":"https:\/\/skovlycamping.dk\/de\/bring-dein-fahrrad-mit\/#breadcrumb","itemListElement":[{"@type":"ListItem","position":1,"name":"Hjem","item":"https:\/\/skovlycamping.dk\/de\/"},{"@type":"ListItem","position":2,"name":"Bring dein Fahrrad mit"}]},{"@type":"WebSite","@id":"https:\/\/skovlycamping.dk\/de\/#website","url":"https:\/\/skovlycamping.dk\/de\/","name":"Skovly Camping v\/Mette Balleby","description":"","potentialAction":[{"@type":"SearchAction","target":{"@type":"EntryPoint","urlTemplate":"https:\/\/skovlycamping.dk\/de\/?s={search_term_string}"},"query-input":"required name=search_term_string"}],"inLanguage":"de"}]}},"_links":{"self":[{"href":"https:\/\/skovlycamping.dk\/de\/wp-json\/wp\/v2\/pages\/5861"}],"collection":[{"href":"https:\/\/skovlycamping.dk\/de\/wp-json\/wp\/v2\/pages"}],"about":[{"href":"https:\/\/skovlycamping.dk\/de\/wp-json\/wp\/v2\/types\/page"}],"author":[{"embeddable":true,"href":"https:\/\/skovlycamping.dk\/de\/wp-json\/wp\/v2\/users\/2"}],"replies":[{"embeddable":true,"href":"https:\/\/skovlycamping.dk\/de\/wp-json\/wp\/v2\/comments?post=5861"}],"version-history":[{"count":11,"href":"https:\/\/skovlycamping.dk\/de\/wp-json\/wp\/v2\/pages\/5861\/revisions"}],"predecessor-version":[{"id":6603,"href":"https:\/\/skovlycamping.dk\/de\/wp-json\/wp\/v2\/pages\/5861\/revisions\/6603"}],"wp:attachment":[{"href":"https:\/\/skovlycamping.dk\/de\/wp-json\/wp\/v2\/media?parent=5861"}],"curies":[{"name":"wp","href":"https:\/\/api.w.org\/{rel}","templated":true}]}}