{"id":5886,"date":"2026-01-19T12:19:45","date_gmt":"2026-01-19T11:19:45","guid":{"rendered":"https:\/\/skovlycamping.dk\/?page_id=5886"},"modified":"2026-02-16T11:17:22","modified_gmt":"2026-02-16T10:17:22","slug":"spiele-im-freien","status":"publish","type":"page","link":"https:\/\/skovlycamping.dk\/de\/spiele-im-freien\/","title":{"rendered":"Spiele im Freien"},"content":{"rendered":"<p data-start=\"46\" data-end=\"210\"><strong data-start=\"46\" data-end=\"68\">Wer sollte Eis kaufen??<\/strong><br data-start=\"68\" data-end=\"71\" \/>Familienduell \u2013 Wo beginnt die Schlacht? Beim Fu\u00dfball-Pool, Krocket oder einem der vielen anderen Spiele?<\/p>\n<p data-start=\"212\" data-end=\"328\">Alle Preise sind pro Bahn\/Spiel pro Person. Kaufen Sie ein Ticket f\u00fcr 50 kr pro Person und alle Spiele sind inklusive. Das Ticket ist f\u00fcr die gesamte Saison g\u00fcltig.<\/p>\n<p data-start=\"330\" data-end=\"482\" data-is-last-node=\"\" data-is-only-node=\"\">Sie k\u00f6nnen die Spiele und Kurse kostenlos mit Ihrer eigenen Ausr\u00fcstung nutzen, m\u00fcssen daf\u00fcr aber Ihren Platz zahlenden G\u00e4sten \u00fcberlassen.<\/p>\n","protected":false},"excerpt":{"rendered":"<p>Wer sollte Eis kaufen??Familienduell \u2013 Wo beginnt die Schlacht? Beim Fu\u00dfball-Pool, Krocket oder einem der vielen anderen Spiele? Alle Preise&#8230;<\/p>\n","protected":false},"author":2,"featured_media":0,"parent":0,"menu_order":0,"comment_status":"closed","ping_status":"closed","template":"","meta":{"_acf_changed":false,"footnotes":""},"acf":[],"yoast_head":"<!-- This site is optimized with the Yoast SEO plugin v23.2 - https:\/\/yoast.com\/wordpress\/plugins\/seo\/ -->\n<title>Spiele im Freien - Skovly Camping v\/Mette Balleby<\/title>\n<meta name=\"description\" content=\"P\u00e5 Skovly Camping tilbydes planlagte aktiviteter i helligdagsferier og h\u00f8js\u00e6sonen, skattejagter og spil \u2013 sjov for hele familien.\" \/>\n<meta name=\"robots\" content=\"index, follow, max-snippet:-1, max-image-preview:large, max-video-preview:-1\" \/>\n<link rel=\"canonical\" href=\"https:\/\/skovlycamping.dk\/de\/spiele-im-freien\/\" \/>\n<meta property=\"og:locale\" content=\"de_DE\" \/>\n<meta property=\"og:type\" content=\"article\" \/>\n<meta property=\"og:title\" content=\"Spiele im Freien - Skovly Camping v\/Mette Balleby\" \/>\n<meta property=\"og:description\" content=\"P\u00e5 Skovly Camping tilbydes planlagte aktiviteter i helligdagsferier og h\u00f8js\u00e6sonen, skattejagter og spil \u2013 sjov for hele familien.\" \/>\n<meta property=\"og:url\" content=\"https:\/\/skovlycamping.dk\/de\/spiele-im-freien\/\" \/>\n<meta property=\"og:site_name\" content=\"Skovly Camping v\/Mette Balleby\" \/>\n<meta property=\"article:modified_time\" content=\"2026-02-16T10:17:22+00:00\" \/>\n<meta name=\"twitter:card\" content=\"summary_large_image\" \/>\n<meta name=\"twitter:label1\" content=\"Gesch\u00e4tzte Lesezeit\" \/>\n\t<meta name=\"twitter:data1\" content=\"4\u00a0Minuten\" \/>\n<!-- \/ Yoast SEO plugin. -->","yoast_head_json":{"title":"Spiele im Freien - Skovly Camping v\/Mette Balleby","description":"P\u00e5 Skovly Camping tilbydes planlagte aktiviteter i helligdagsferier og h\u00f8js\u00e6sonen, skattejagter og spil \u2013 sjov for hele familien.","robots":{"index":"index","follow":"follow","max-snippet":"max-snippet:-1","max-image-preview":"max-image-preview:large","max-video-preview":"max-video-preview:-1"},"canonical":"https:\/\/skovlycamping.dk\/de\/spiele-im-freien\/","og_locale":"de_DE","og_type":"article","og_title":"Spiele im Freien - Skovly Camping v\/Mette Balleby","og_description":"P\u00e5 Skovly Camping tilbydes planlagte aktiviteter i helligdagsferier og h\u00f8js\u00e6sonen, skattejagter og spil \u2013 sjov for hele familien.","og_url":"https:\/\/skovlycamping.dk\/de\/spiele-im-freien\/","og_site_name":"Skovly Camping v\/Mette Balleby","article_modified_time":"2026-02-16T10:17:22+00:00","twitter_card":"summary_large_image","twitter_misc":{"Gesch\u00e4tzte Lesezeit":"4\u00a0Minuten"},"schema":{"@context":"https:\/\/schema.org","@graph":[{"@type":"WebPage","@id":"https:\/\/skovlycamping.dk\/de\/spiele-im-freien\/","url":"https:\/\/skovlycamping.dk\/de\/spiele-im-freien\/","name":"Spiele im Freien - Skovly Camping v\/Mette Balleby","isPartOf":{"@id":"https:\/\/skovlycamping.dk\/de\/#website"},"datePublished":"2026-01-19T11:19:45+00:00","dateModified":"2026-02-16T10:17:22+00:00","description":"P\u00e5 Skovly Camping tilbydes planlagte aktiviteter i helligdagsferier og h\u00f8js\u00e6sonen, skattejagter og spil \u2013 sjov for hele familien.","breadcrumb":{"@id":"https:\/\/skovlycamping.dk\/de\/spiele-im-freien\/#breadcrumb"},"inLanguage":"de","potentialAction":[{"@type":"ReadAction","target":["https:\/\/skovlycamping.dk\/de\/spiele-im-freien\/"]}]},{"@type":"BreadcrumbList","@id":"https:\/\/skovlycamping.dk\/de\/spiele-im-freien\/#breadcrumb","itemListElement":[{"@type":"ListItem","position":1,"name":"Hjem","item":"https:\/\/skovlycamping.dk\/de\/"},{"@type":"ListItem","position":2,"name":"Spiele im Freien"}]},{"@type":"WebSite","@id":"https:\/\/skovlycamping.dk\/de\/#website","url":"https:\/\/skovlycamping.dk\/de\/","name":"Skovly Camping v\/Mette Balleby","description":"","potentialAction":[{"@type":"SearchAction","target":{"@type":"EntryPoint","urlTemplate":"https:\/\/skovlycamping.dk\/de\/?s={search_term_string}"},"query-input":"required name=search_term_string"}],"inLanguage":"de"}]}},"_links":{"self":[{"href":"https:\/\/skovlycamping.dk\/de\/wp-json\/wp\/v2\/pages\/5886"}],"collection":[{"href":"https:\/\/skovlycamping.dk\/de\/wp-json\/wp\/v2\/pages"}],"about":[{"href":"https:\/\/skovlycamping.dk\/de\/wp-json\/wp\/v2\/types\/page"}],"author":[{"embeddable":true,"href":"https:\/\/skovlycamping.dk\/de\/wp-json\/wp\/v2\/users\/2"}],"replies":[{"embeddable":true,"href":"https:\/\/skovlycamping.dk\/de\/wp-json\/wp\/v2\/comments?post=5886"}],"version-history":[{"count":10,"href":"https:\/\/skovlycamping.dk\/de\/wp-json\/wp\/v2\/pages\/5886\/revisions"}],"predecessor-version":[{"id":5998,"href":"https:\/\/skovlycamping.dk\/de\/wp-json\/wp\/v2\/pages\/5886\/revisions\/5998"}],"wp:attachment":[{"href":"https:\/\/skovlycamping.dk\/de\/wp-json\/wp\/v2\/media?parent=5886"}],"curies":[{"name":"wp","href":"https:\/\/api.w.org\/{rel}","templated":true}]}}