{"id":6042,"date":"2026-02-18T13:29:57","date_gmt":"2026-02-18T12:29:57","guid":{"rendered":"https:\/\/skovlycamping.dk\/?page_id=6042"},"modified":"2026-02-19T12:18:18","modified_gmt":"2026-02-19T11:18:18","slug":"luksus-shelter-de","status":"publish","type":"page","link":"https:\/\/skovlycamping.dk\/de\/luksus-shelter-de\/","title":{"rendered":"Luxus-Schutzh\u00fctte"},"content":{"rendered":"<p><strong>Neu ab dem 1. Mai 2026.<\/strong><\/p>\n<p>Unsere zwei neuen Luxus-Schutzh\u00fctten sind ideal f\u00fcr Paare oder Alleinreisende mit leichtem Gep\u00e4ck. Hier genie\u00dfen Sie extra Komfort mit Matratzen und \u00fcberdachtem Tisch-Bank-Set \u2013 ideal, wenn Sie die Freiheit der Natur erleben, aber auf das Zelt verzichten m\u00f6chten.<\/p>\n<p>Hier schlafen Sie hoch \u00fcber dem Boden \u2013 die hohe Bauweise der Schutzh\u00fctte sorgt f\u00fcr eine ruhige und stimmungsvolle \u00dcbernachtung ganz nah an der Natur.<\/p>\n<p>Unsere Luxus-Schutzh\u00fctten sind mit Matratzen ausgestattet.<\/p>\n<p>&nbsp;<\/p>\n<div id='gallery-1' class='gallery galleryid-6042 gallery-columns-2 gallery-size-thumbnail gallery-link-none'><figure class='gallery-item'>\r\n                <div class='gallery-icon landscape'>\r\n                    <img loading=\"lazy\" decoding=\"async\" width=\"300\" height=\"300\" src=\"https:\/\/skovlycamping.dk\/wp-content\/uploads\/2026\/02\/chatgpt-image-8-jan-2026-130927-1.png\" class=\"attachment-thumbnail size-thumbnail\" alt=\"\" aria-describedby=\"gallery-1-5982\" \/>\r\n                <\/div>\r\n                    <figcaption class='wp-caption-text gallery-caption' id='gallery-1-5982'>\r\n                    Dieses Bild ist KI-generiert\r\n                    <\/figcaption><\/figure><figure class='gallery-item'>\r\n                <div class='gallery-icon landscape'>\r\n                    <img loading=\"lazy\" decoding=\"async\" width=\"300\" height=\"225\" src=\"https:\/\/skovlycamping.dk\/wp-content\/uploads\/2026\/02\/photo-2024-03-15-11-14-06.jpg\" class=\"attachment-thumbnail size-thumbnail\" alt=\"\" \/>\r\n                <\/div><\/figure>\r\n            <\/div>\n\n<p>&nbsp;<\/p>\n","protected":false},"excerpt":{"rendered":"<p>Neu ab dem 1. Mai 2026. Unsere zwei neuen Luxus-Schutzh\u00fctten sind ideal f\u00fcr Paare oder Alleinreisende mit leichtem Gep\u00e4ck. Hier&#8230;<\/p>\n","protected":false},"author":2,"featured_media":0,"parent":0,"menu_order":0,"comment_status":"closed","ping_status":"closed","template":"","meta":{"_acf_changed":false,"footnotes":""},"acf":[],"yoast_head":"<!-- This site is optimized with the Yoast SEO plugin v23.2 - https:\/\/yoast.com\/wordpress\/plugins\/seo\/ -->\n<title>Luxus-Schutzh\u00fctte - Skovly Camping v\/Mette Balleby<\/title>\n<meta name=\"robots\" content=\"index, follow, max-snippet:-1, max-image-preview:large, max-video-preview:-1\" \/>\n<link rel=\"canonical\" href=\"https:\/\/skovlycamping.dk\/de\/luksus-shelter-de\/\" \/>\n<meta property=\"og:locale\" content=\"de_DE\" \/>\n<meta property=\"og:type\" content=\"article\" \/>\n<meta property=\"og:title\" content=\"Luxus-Schutzh\u00fctte - Skovly Camping v\/Mette Balleby\" \/>\n<meta property=\"og:description\" content=\"Neu ab dem 1. Mai 2026. Unsere zwei neuen Luxus-Schutzh\u00fctten sind ideal f\u00fcr Paare oder Alleinreisende mit leichtem Gep\u00e4ck. Hier...\" \/>\n<meta property=\"og:url\" content=\"https:\/\/skovlycamping.dk\/de\/luksus-shelter-de\/\" \/>\n<meta property=\"og:site_name\" content=\"Skovly Camping v\/Mette Balleby\" \/>\n<meta property=\"article:modified_time\" content=\"2026-02-19T11:18:18+00:00\" \/>\n<meta property=\"og:image\" content=\"https:\/\/skovlycamping.dk\/wp-content\/uploads\/2026\/02\/chatgpt-image-8-jan-2026-130927-1.png\" \/>\n<meta name=\"twitter:card\" content=\"summary_large_image\" \/>\n<meta name=\"twitter:label1\" content=\"Gesch\u00e4tzte Lesezeit\" \/>\n\t<meta name=\"twitter:data1\" content=\"1\u00a0Minute\" \/>\n<!-- \/ Yoast SEO plugin. -->","yoast_head_json":{"title":"Luxus-Schutzh\u00fctte - Skovly Camping v\/Mette Balleby","robots":{"index":"index","follow":"follow","max-snippet":"max-snippet:-1","max-image-preview":"max-image-preview:large","max-video-preview":"max-video-preview:-1"},"canonical":"https:\/\/skovlycamping.dk\/de\/luksus-shelter-de\/","og_locale":"de_DE","og_type":"article","og_title":"Luxus-Schutzh\u00fctte - Skovly Camping v\/Mette Balleby","og_description":"Neu ab dem 1. Mai 2026. Unsere zwei neuen Luxus-Schutzh\u00fctten sind ideal f\u00fcr Paare oder Alleinreisende mit leichtem Gep\u00e4ck. Hier...","og_url":"https:\/\/skovlycamping.dk\/de\/luksus-shelter-de\/","og_site_name":"Skovly Camping v\/Mette Balleby","article_modified_time":"2026-02-19T11:18:18+00:00","og_image":[{"url":"https:\/\/skovlycamping.dk\/wp-content\/uploads\/2026\/02\/chatgpt-image-8-jan-2026-130927-1.png"}],"twitter_card":"summary_large_image","twitter_misc":{"Gesch\u00e4tzte Lesezeit":"1\u00a0Minute"},"schema":{"@context":"https:\/\/schema.org","@graph":[{"@type":"WebPage","@id":"https:\/\/skovlycamping.dk\/de\/luksus-shelter-de\/","url":"https:\/\/skovlycamping.dk\/de\/luksus-shelter-de\/","name":"Luxus-Schutzh\u00fctte - Skovly Camping v\/Mette Balleby","isPartOf":{"@id":"https:\/\/skovlycamping.dk\/de\/#website"},"datePublished":"2026-02-18T12:29:57+00:00","dateModified":"2026-02-19T11:18:18+00:00","breadcrumb":{"@id":"https:\/\/skovlycamping.dk\/de\/luksus-shelter-de\/#breadcrumb"},"inLanguage":"de","potentialAction":[{"@type":"ReadAction","target":["https:\/\/skovlycamping.dk\/de\/luksus-shelter-de\/"]}]},{"@type":"BreadcrumbList","@id":"https:\/\/skovlycamping.dk\/de\/luksus-shelter-de\/#breadcrumb","itemListElement":[{"@type":"ListItem","position":1,"name":"Hjem","item":"https:\/\/skovlycamping.dk\/de\/"},{"@type":"ListItem","position":2,"name":"Luxus-Schutzh\u00fctte"}]},{"@type":"WebSite","@id":"https:\/\/skovlycamping.dk\/de\/#website","url":"https:\/\/skovlycamping.dk\/de\/","name":"Skovly Camping v\/Mette Balleby","description":"","potentialAction":[{"@type":"SearchAction","target":{"@type":"EntryPoint","urlTemplate":"https:\/\/skovlycamping.dk\/de\/?s={search_term_string}"},"query-input":"required name=search_term_string"}],"inLanguage":"de"}]}},"_links":{"self":[{"href":"https:\/\/skovlycamping.dk\/de\/wp-json\/wp\/v2\/pages\/6042"}],"collection":[{"href":"https:\/\/skovlycamping.dk\/de\/wp-json\/wp\/v2\/pages"}],"about":[{"href":"https:\/\/skovlycamping.dk\/de\/wp-json\/wp\/v2\/types\/page"}],"author":[{"embeddable":true,"href":"https:\/\/skovlycamping.dk\/de\/wp-json\/wp\/v2\/users\/2"}],"replies":[{"embeddable":true,"href":"https:\/\/skovlycamping.dk\/de\/wp-json\/wp\/v2\/comments?post=6042"}],"version-history":[{"count":8,"href":"https:\/\/skovlycamping.dk\/de\/wp-json\/wp\/v2\/pages\/6042\/revisions"}],"predecessor-version":[{"id":6074,"href":"https:\/\/skovlycamping.dk\/de\/wp-json\/wp\/v2\/pages\/6042\/revisions\/6074"}],"wp:attachment":[{"href":"https:\/\/skovlycamping.dk\/de\/wp-json\/wp\/v2\/media?parent=6042"}],"curies":[{"name":"wp","href":"https:\/\/api.w.org\/{rel}","templated":true}]}}