{"id":6079,"date":"2026-02-23T09:22:55","date_gmt":"2026-02-23T08:22:55","guid":{"rendered":"https:\/\/skovlycamping.dk\/?page_id=6079"},"modified":"2026-02-23T09:22:55","modified_gmt":"2026-02-23T08:22:55","slug":"grosse-huette","status":"publish","type":"page","link":"https:\/\/skovlycamping.dk\/de\/grosse-huette\/","title":{"rendered":"Gro\u00dfe H\u00fctte"},"content":{"rendered":"<h5><strong>&#8211; die H\u00fctten mit den blauen Fenstern<\/strong><\/h5>\n<p>&nbsp;<\/p>\n<h4>Praktische Informationen:<\/h4>\n<ul>\n<li><strong>Der Preis:\u00a0<\/strong>ist pro 24 Stunden inklusive Strom und maximaler Personenzahl<\/li>\n<li><strong>Anzahl Personen:\u00a0<\/strong>maximal 6 Personen<\/li>\n<li><strong>Schlafplatz:\u00a0<\/strong>Schlafsofa im Wohnzimmer, Schlafzimmer mit Etagenbett und Schlafempore<\/li>\n<li><strong>Bettdecke\/Kissen:\u00a0<\/strong>ist in der h\u00fctte<\/li>\n<li><strong>Leinen (Bettlaken, Bettdecken- und Kissenbez\u00fcge):\u00a0<\/strong>Sie m\u00fcssen Ihre eigenen mitbringen. Ansonsten kann es f\u00fcr DKK 75 pro Set inklusive Handtuch gemietet werden<\/li>\n<li><strong>K\u00fcche:\u00a0<\/strong>Kochnische mit K\u00fchlschrank mit kleinem Gefrierfach, Wasserkocher, Kaffeemaschine, Kochfeld, Geschirr und K\u00fcchenutensilien (Topf, Pfanne, Sch\u00fcsseln usw.)<\/li>\n<li><strong>Toilette\/Dusche:\u00a0<\/strong>nein \/ nein<\/li>\n<li><strong>Wasser:\u00a0<\/strong>ja<\/li>\n<li><strong>Rauchen:\u00a0<\/strong>ja, au\u00dferhalb der h\u00fctte<\/li>\n<li><strong>Haustiere:\u00a0<\/strong>ja, DKK 25 pro Tag pro Haustiere (unabh\u00e4ngig von der Gr\u00f6\u00dfe)<\/li>\n<li><strong>Anzahl der N\u00e4chte:\u00a0<\/strong>vom 15. Aug \u2013 30. Jun \u2013 mindestens 1 Nacht und vom 30. Jun \u2013 15. Aug \u2013 mindestens 4 N\u00e4chte<\/li>\n<li><strong>Endreinigung:<\/strong>\u00a0Wir \u00fcbernehmen das, Preis DKK 350<\/li>\n<\/ul>\n","protected":false},"excerpt":{"rendered":"<p>&#8211; die H\u00fctten mit den blauen Fenstern &nbsp; Praktische Informationen: Der Preis:\u00a0ist pro 24 Stunden inklusive Strom und maximaler Personenzahl&#8230;<\/p>\n","protected":false},"author":2,"featured_media":0,"parent":0,"menu_order":0,"comment_status":"closed","ping_status":"closed","template":"","meta":{"_acf_changed":false,"footnotes":""},"acf":[],"yoast_head":"<!-- This site is optimized with the Yoast SEO plugin v23.2 - https:\/\/yoast.com\/wordpress\/plugins\/seo\/ -->\n<title>Gro\u00dfe H\u00fctte - Skovly Camping v\/Mette Balleby<\/title>\n<meta name=\"robots\" content=\"index, follow, max-snippet:-1, max-image-preview:large, max-video-preview:-1\" \/>\n<link rel=\"canonical\" href=\"https:\/\/skovlycamping.dk\/de\/grosse-huette\/\" \/>\n<meta property=\"og:locale\" content=\"de_DE\" \/>\n<meta property=\"og:type\" content=\"article\" \/>\n<meta property=\"og:title\" content=\"Gro\u00dfe H\u00fctte - Skovly Camping v\/Mette Balleby\" \/>\n<meta property=\"og:description\" content=\"&#8211; die H\u00fctten mit den blauen Fenstern &nbsp; Praktische Informationen: Der Preis:\u00a0ist pro 24 Stunden inklusive Strom und maximaler Personenzahl...\" \/>\n<meta property=\"og:url\" content=\"https:\/\/skovlycamping.dk\/de\/grosse-huette\/\" \/>\n<meta property=\"og:site_name\" content=\"Skovly Camping v\/Mette Balleby\" \/>\n<meta name=\"twitter:card\" content=\"summary_large_image\" \/>\n<meta name=\"twitter:label1\" content=\"Gesch\u00e4tzte Lesezeit\" \/>\n\t<meta name=\"twitter:data1\" content=\"2\u00a0Minuten\" \/>\n<!-- \/ Yoast SEO plugin. -->","yoast_head_json":{"title":"Gro\u00dfe H\u00fctte - Skovly Camping v\/Mette Balleby","robots":{"index":"index","follow":"follow","max-snippet":"max-snippet:-1","max-image-preview":"max-image-preview:large","max-video-preview":"max-video-preview:-1"},"canonical":"https:\/\/skovlycamping.dk\/de\/grosse-huette\/","og_locale":"de_DE","og_type":"article","og_title":"Gro\u00dfe H\u00fctte - Skovly Camping v\/Mette Balleby","og_description":"&#8211; die H\u00fctten mit den blauen Fenstern &nbsp; Praktische Informationen: Der Preis:\u00a0ist pro 24 Stunden inklusive Strom und maximaler Personenzahl...","og_url":"https:\/\/skovlycamping.dk\/de\/grosse-huette\/","og_site_name":"Skovly Camping v\/Mette Balleby","twitter_card":"summary_large_image","twitter_misc":{"Gesch\u00e4tzte Lesezeit":"2\u00a0Minuten"},"schema":{"@context":"https:\/\/schema.org","@graph":[{"@type":"WebPage","@id":"https:\/\/skovlycamping.dk\/de\/grosse-huette\/","url":"https:\/\/skovlycamping.dk\/de\/grosse-huette\/","name":"Gro\u00dfe H\u00fctte - Skovly Camping v\/Mette Balleby","isPartOf":{"@id":"https:\/\/skovlycamping.dk\/de\/#website"},"datePublished":"2026-02-23T08:22:55+00:00","dateModified":"2026-02-23T08:22:55+00:00","breadcrumb":{"@id":"https:\/\/skovlycamping.dk\/de\/grosse-huette\/#breadcrumb"},"inLanguage":"de","potentialAction":[{"@type":"ReadAction","target":["https:\/\/skovlycamping.dk\/de\/grosse-huette\/"]}]},{"@type":"BreadcrumbList","@id":"https:\/\/skovlycamping.dk\/de\/grosse-huette\/#breadcrumb","itemListElement":[{"@type":"ListItem","position":1,"name":"Hjem","item":"https:\/\/skovlycamping.dk\/de\/"},{"@type":"ListItem","position":2,"name":"Gro\u00dfe H\u00fctte"}]},{"@type":"WebSite","@id":"https:\/\/skovlycamping.dk\/de\/#website","url":"https:\/\/skovlycamping.dk\/de\/","name":"Skovly Camping v\/Mette Balleby","description":"","potentialAction":[{"@type":"SearchAction","target":{"@type":"EntryPoint","urlTemplate":"https:\/\/skovlycamping.dk\/de\/?s={search_term_string}"},"query-input":"required name=search_term_string"}],"inLanguage":"de"}]}},"_links":{"self":[{"href":"https:\/\/skovlycamping.dk\/de\/wp-json\/wp\/v2\/pages\/6079"}],"collection":[{"href":"https:\/\/skovlycamping.dk\/de\/wp-json\/wp\/v2\/pages"}],"about":[{"href":"https:\/\/skovlycamping.dk\/de\/wp-json\/wp\/v2\/types\/page"}],"author":[{"embeddable":true,"href":"https:\/\/skovlycamping.dk\/de\/wp-json\/wp\/v2\/users\/2"}],"replies":[{"embeddable":true,"href":"https:\/\/skovlycamping.dk\/de\/wp-json\/wp\/v2\/comments?post=6079"}],"version-history":[{"count":1,"href":"https:\/\/skovlycamping.dk\/de\/wp-json\/wp\/v2\/pages\/6079\/revisions"}],"predecessor-version":[{"id":6082,"href":"https:\/\/skovlycamping.dk\/de\/wp-json\/wp\/v2\/pages\/6079\/revisions\/6082"}],"wp:attachment":[{"href":"https:\/\/skovlycamping.dk\/de\/wp-json\/wp\/v2\/media?parent=6079"}],"curies":[{"name":"wp","href":"https:\/\/api.w.org\/{rel}","templated":true}]}}