{"id":6540,"date":"2026-04-19T16:17:46","date_gmt":"2026-04-19T14:17:46","guid":{"rendered":"https:\/\/skovlycamping.dk\/?page_id=6540"},"modified":"2026-04-28T16:41:33","modified_gmt":"2026-04-28T14:41:33","slug":"campinghutten","status":"publish","type":"page","link":"https:\/\/skovlycamping.dk\/de\/campinghutten\/","title":{"rendered":"Campingh\u00fctten"},"content":{"rendered":"<p>Unsere Campingh\u00fctten liegen gruppiert in der N\u00e4he des Servicegeb\u00e4udes. Unser kleines \u201eH\u00fcttenstadt\u201c besteht aus 6 H\u00fctten in den Kategorien klein, mittelgro\u00df und gro\u00df, siehe Details unter jeder Kategorie. Die \u201eH\u00fcttenstadt\u201c verf\u00fcgt \u00fcber einen gemeinsamen Ess-Gebiet mit Tischen\/B\u00e4nken, neben eines Spielplatzes f\u00fcr die Kleinen.<\/p>\n<p><strong>Allgemein f\u00fcr alle H\u00fctten:<\/strong><\/p>\n<ul>\n<li>Im Preis sind die Anzahl der Personen, Endreinigung und Strom enthalten.<\/li>\n<li>Hunde sind in den H\u00fctten erlaubt, jedoch nicht in den M\u00f6beln.<\/li>\n<li>Alle H\u00fctten sind Nichtraucherh\u00fctten.<\/li>\n<li>Die H\u00fctten werden im Winter nicht vermietet.<\/li>\n<\/ul>\n<p>In der Sommerhochsaison m\u00fcssen Sie\u00a0 die mittelgro\u00dfe und gro\u00dfe H\u00fctten ab minimum von 4 Tagen vermietet.<\/p>\n<span class='stom-button'><a href=\"https:\/\/skovlycamping.dk\/de\/lille-hytte\/\">Kleine H\u00fctte<\/a><\/span>\u00a0 \u00a0<span class='stom-button'><a href=\"https:\/\/skovlycamping.dk\/de\/mellem-hytte\/\">Mittelgro\u00dfe H\u00fctte<\/a><\/span>\u00a0 \u00a0<span class='stom-button'><a href=\"https:\/\/skovlycamping.dk\/de\/stor-hytte\/\">Gro\u00dfe H\u00fctte<\/a><\/span>\n<p>&nbsp;<\/p>\n<p>&nbsp;<\/p>\n<div id='gallery-1' class='gallery galleryid-6540 gallery-columns-3 gallery-size-medium gallery-link-file'><figure class='gallery-item'>\r\n                <div class='gallery-icon landscape'>\r\n                    <a href='https:\/\/skovlycamping.dk\/wp-content\/uploads\/2024\/10\/lille-hytte-6-scaled.jpeg'><img loading=\"lazy\" decoding=\"async\" width=\"600\" height=\"399\" src=\"https:\/\/skovlycamping.dk\/wp-content\/uploads\/2024\/10\/lille-hytte-6-600x399.jpeg\" class=\"attachment-medium size-medium\" alt=\"\" data-stom-height=\"1360\" data-stom-width=\"2048\" srcset=\"https:\/\/skovlycamping.dk\/wp-content\/uploads\/2024\/10\/lille-hytte-6-600x399.jpeg 600w, https:\/\/skovlycamping.dk\/wp-content\/uploads\/2024\/10\/lille-hytte-6-1920x1275.jpeg 1920w, https:\/\/skovlycamping.dk\/wp-content\/uploads\/2024\/10\/lille-hytte-6-768x510.jpeg 768w, https:\/\/skovlycamping.dk\/wp-content\/uploads\/2024\/10\/lille-hytte-6-1536x1020.jpeg 1536w, https:\/\/skovlycamping.dk\/wp-content\/uploads\/2024\/10\/lille-hytte-6-scaled.jpeg 2048w, https:\/\/skovlycamping.dk\/wp-content\/uploads\/2024\/10\/lille-hytte-6-1024x680.jpeg 1024w, https:\/\/skovlycamping.dk\/wp-content\/uploads\/2024\/10\/lille-hytte-6-1200x797.jpeg 1200w, https:\/\/skovlycamping.dk\/wp-content\/uploads\/2024\/10\/lille-hytte-6-1366x907.jpeg 1366w, https:\/\/skovlycamping.dk\/wp-content\/uploads\/2024\/10\/lille-hytte-6-1600x1063.jpeg 1600w\" sizes=\"(min-width: 1200px) 1200px, 100vw\" \/><\/a>\r\n                <\/div><\/figure><figure class='gallery-item'>\r\n                <div class='gallery-icon landscape'>\r\n                    <a href='https:\/\/skovlycamping.dk\/wp-content\/uploads\/2024\/10\/mellem-hytte-7-scaled.jpg'><img loading=\"lazy\" decoding=\"async\" width=\"600\" height=\"399\" src=\"https:\/\/skovlycamping.dk\/wp-content\/uploads\/2024\/10\/mellem-hytte-7-600x399.jpg\" class=\"attachment-medium size-medium\" alt=\"testing\" data-stom-height=\"1360\" data-stom-width=\"2048\" srcset=\"https:\/\/skovlycamping.dk\/wp-content\/uploads\/2024\/10\/mellem-hytte-7-600x399.jpg 600w, https:\/\/skovlycamping.dk\/wp-content\/uploads\/2024\/10\/mellem-hytte-7-1920x1275.jpg 1920w, https:\/\/skovlycamping.dk\/wp-content\/uploads\/2024\/10\/mellem-hytte-7-768x510.jpg 768w, https:\/\/skovlycamping.dk\/wp-content\/uploads\/2024\/10\/mellem-hytte-7-1536x1020.jpg 1536w, https:\/\/skovlycamping.dk\/wp-content\/uploads\/2024\/10\/mellem-hytte-7-scaled.jpg 2048w, https:\/\/skovlycamping.dk\/wp-content\/uploads\/2024\/10\/mellem-hytte-7-1024x680.jpg 1024w, https:\/\/skovlycamping.dk\/wp-content\/uploads\/2024\/10\/mellem-hytte-7-1200x797.jpg 1200w, https:\/\/skovlycamping.dk\/wp-content\/uploads\/2024\/10\/mellem-hytte-7-1366x907.jpg 1366w, https:\/\/skovlycamping.dk\/wp-content\/uploads\/2024\/10\/mellem-hytte-7-1600x1063.jpg 1600w\" sizes=\"(min-width: 1200px) 1200px, 100vw\" \/><\/a>\r\n                <\/div><\/figure><figure class='gallery-item'>\r\n                <div class='gallery-icon landscape'>\r\n                    <a href='https:\/\/skovlycamping.dk\/wp-content\/uploads\/2024\/10\/stor-hytte-7-scaled.jpg'><img loading=\"lazy\" decoding=\"async\" width=\"600\" height=\"399\" src=\"https:\/\/skovlycamping.dk\/wp-content\/uploads\/2024\/10\/stor-hytte-7-600x399.jpg\" class=\"attachment-medium size-medium\" alt=\"\" data-stom-height=\"1360\" data-stom-width=\"2048\" srcset=\"https:\/\/skovlycamping.dk\/wp-content\/uploads\/2024\/10\/stor-hytte-7-600x399.jpg 600w, https:\/\/skovlycamping.dk\/wp-content\/uploads\/2024\/10\/stor-hytte-7-1920x1275.jpg 1920w, https:\/\/skovlycamping.dk\/wp-content\/uploads\/2024\/10\/stor-hytte-7-768x510.jpg 768w, https:\/\/skovlycamping.dk\/wp-content\/uploads\/2024\/10\/stor-hytte-7-1536x1020.jpg 1536w, https:\/\/skovlycamping.dk\/wp-content\/uploads\/2024\/10\/stor-hytte-7-scaled.jpg 2048w, https:\/\/skovlycamping.dk\/wp-content\/uploads\/2024\/10\/stor-hytte-7-1024x680.jpg 1024w, https:\/\/skovlycamping.dk\/wp-content\/uploads\/2024\/10\/stor-hytte-7-1200x797.jpg 1200w, https:\/\/skovlycamping.dk\/wp-content\/uploads\/2024\/10\/stor-hytte-7-1366x907.jpg 1366w, https:\/\/skovlycamping.dk\/wp-content\/uploads\/2024\/10\/stor-hytte-7-1600x1063.jpg 1600w\" sizes=\"(min-width: 1200px) 1200px, 100vw\" \/><\/a>\r\n                <\/div><\/figure>\r\n            <\/div>\n\n","protected":false},"excerpt":{"rendered":"<p>Unsere Campingh\u00fctten liegen gruppiert in der N\u00e4he des Servicegeb\u00e4udes. Unser kleines \u201eH\u00fcttenstadt\u201c besteht aus 6 H\u00fctten in den Kategorien klein,&#8230;<\/p>\n","protected":false},"author":2,"featured_media":0,"parent":0,"menu_order":0,"comment_status":"closed","ping_status":"closed","template":"","meta":{"_acf_changed":false,"footnotes":""},"acf":[],"yoast_head":"<!-- This site is optimized with the Yoast SEO plugin v23.2 - https:\/\/yoast.com\/wordpress\/plugins\/seo\/ -->\n<title>Campingh\u00fctten - Skovly Camping v\/Mette Balleby<\/title>\n<meta name=\"robots\" content=\"index, follow, max-snippet:-1, max-image-preview:large, max-video-preview:-1\" \/>\n<link rel=\"canonical\" href=\"https:\/\/skovlycamping.dk\/de\/campinghutten\/\" \/>\n<meta property=\"og:locale\" content=\"de_DE\" \/>\n<meta property=\"og:type\" content=\"article\" \/>\n<meta property=\"og:title\" content=\"Campingh\u00fctten - Skovly Camping v\/Mette Balleby\" \/>\n<meta property=\"og:description\" content=\"Unsere Campingh\u00fctten liegen gruppiert in der N\u00e4he des Servicegeb\u00e4udes. Unser kleines \u201eH\u00fcttenstadt\u201c besteht aus 6 H\u00fctten in den Kategorien klein,...\" \/>\n<meta property=\"og:url\" content=\"https:\/\/skovlycamping.dk\/de\/campinghutten\/\" \/>\n<meta property=\"og:site_name\" content=\"Skovly Camping v\/Mette Balleby\" \/>\n<meta property=\"article:modified_time\" content=\"2026-04-28T14:41:33+00:00\" \/>\n<meta property=\"og:image\" content=\"https:\/\/skovlycamping.dk\/wp-content\/uploads\/2024\/10\/lille-hytte-6-600x399.jpeg\" \/>\n<meta name=\"twitter:card\" content=\"summary_large_image\" \/>\n<meta name=\"twitter:label1\" content=\"Gesch\u00e4tzte Lesezeit\" \/>\n\t<meta name=\"twitter:data1\" content=\"1\u00a0Minute\" \/>\n<!-- \/ Yoast SEO plugin. -->","yoast_head_json":{"title":"Campingh\u00fctten - Skovly Camping v\/Mette Balleby","robots":{"index":"index","follow":"follow","max-snippet":"max-snippet:-1","max-image-preview":"max-image-preview:large","max-video-preview":"max-video-preview:-1"},"canonical":"https:\/\/skovlycamping.dk\/de\/campinghutten\/","og_locale":"de_DE","og_type":"article","og_title":"Campingh\u00fctten - Skovly Camping v\/Mette Balleby","og_description":"Unsere Campingh\u00fctten liegen gruppiert in der N\u00e4he des Servicegeb\u00e4udes. Unser kleines \u201eH\u00fcttenstadt\u201c besteht aus 6 H\u00fctten in den Kategorien klein,...","og_url":"https:\/\/skovlycamping.dk\/de\/campinghutten\/","og_site_name":"Skovly Camping v\/Mette Balleby","article_modified_time":"2026-04-28T14:41:33+00:00","og_image":[{"url":"https:\/\/skovlycamping.dk\/wp-content\/uploads\/2024\/10\/lille-hytte-6-600x399.jpeg"}],"twitter_card":"summary_large_image","twitter_misc":{"Gesch\u00e4tzte Lesezeit":"1\u00a0Minute"},"schema":{"@context":"https:\/\/schema.org","@graph":[{"@type":"WebPage","@id":"https:\/\/skovlycamping.dk\/de\/campinghutten\/","url":"https:\/\/skovlycamping.dk\/de\/campinghutten\/","name":"Campingh\u00fctten - Skovly Camping v\/Mette Balleby","isPartOf":{"@id":"https:\/\/skovlycamping.dk\/de\/#website"},"datePublished":"2026-04-19T14:17:46+00:00","dateModified":"2026-04-28T14:41:33+00:00","breadcrumb":{"@id":"https:\/\/skovlycamping.dk\/de\/campinghutten\/#breadcrumb"},"inLanguage":"de","potentialAction":[{"@type":"ReadAction","target":["https:\/\/skovlycamping.dk\/de\/campinghutten\/"]}]},{"@type":"BreadcrumbList","@id":"https:\/\/skovlycamping.dk\/de\/campinghutten\/#breadcrumb","itemListElement":[{"@type":"ListItem","position":1,"name":"Hjem","item":"https:\/\/skovlycamping.dk\/de\/"},{"@type":"ListItem","position":2,"name":"Campingh\u00fctten"}]},{"@type":"WebSite","@id":"https:\/\/skovlycamping.dk\/de\/#website","url":"https:\/\/skovlycamping.dk\/de\/","name":"Skovly Camping v\/Mette Balleby","description":"","potentialAction":[{"@type":"SearchAction","target":{"@type":"EntryPoint","urlTemplate":"https:\/\/skovlycamping.dk\/de\/?s={search_term_string}"},"query-input":"required name=search_term_string"}],"inLanguage":"de"}]}},"_links":{"self":[{"href":"https:\/\/skovlycamping.dk\/de\/wp-json\/wp\/v2\/pages\/6540"}],"collection":[{"href":"https:\/\/skovlycamping.dk\/de\/wp-json\/wp\/v2\/pages"}],"about":[{"href":"https:\/\/skovlycamping.dk\/de\/wp-json\/wp\/v2\/types\/page"}],"author":[{"embeddable":true,"href":"https:\/\/skovlycamping.dk\/de\/wp-json\/wp\/v2\/users\/2"}],"replies":[{"embeddable":true,"href":"https:\/\/skovlycamping.dk\/de\/wp-json\/wp\/v2\/comments?post=6540"}],"version-history":[{"count":5,"href":"https:\/\/skovlycamping.dk\/de\/wp-json\/wp\/v2\/pages\/6540\/revisions"}],"predecessor-version":[{"id":6609,"href":"https:\/\/skovlycamping.dk\/de\/wp-json\/wp\/v2\/pages\/6540\/revisions\/6609"}],"wp:attachment":[{"href":"https:\/\/skovlycamping.dk\/de\/wp-json\/wp\/v2\/media?parent=6540"}],"curies":[{"name":"wp","href":"https:\/\/api.w.org\/{rel}","templated":true}]}}