{"id":5878,"date":"2026-01-19T11:44:10","date_gmt":"2026-01-19T10:44:10","guid":{"rendered":"https:\/\/skovlycamping.dk\/?page_id=5878"},"modified":"2026-04-23T15:13:16","modified_gmt":"2026-04-23T13:13:16","slug":"outdoor-games","status":"publish","type":"page","link":"https:\/\/skovlycamping.dk\/en\/outdoor-games\/","title":{"rendered":"Outdoor games"},"content":{"rendered":"<p data-start=\"46\" data-end=\"210\"><strong data-start=\"46\" data-end=\"68\">Who&#8217;s going to buy ice cream?<\/strong><br data-start=\"68\" data-end=\"71\" \/>Family duel \u2013 where does the battle starts? At football pool, croquet or one of the many other games?<\/p>\n<p data-start=\"212\" data-end=\"328\">All prices are per court\/game per person. Buy a ticket for 50 kr. per person and get all the games included. The ticket is valid for an entire season.<\/p>\n<p data-start=\"330\" data-end=\"482\" data-is-last-node=\"\" data-is-only-node=\"\">It is possible to use the games and courses for free with your own equipment, but you must make way for paying guests.<\/p>\n","protected":false},"excerpt":{"rendered":"<p>Who&#8217;s going to buy ice cream?Family duel \u2013 where does the battle starts? At football pool, croquet or one of&#8230;<\/p>\n","protected":false},"author":2,"featured_media":0,"parent":0,"menu_order":0,"comment_status":"closed","ping_status":"closed","template":"","meta":{"_acf_changed":false,"footnotes":""},"acf":[],"yoast_head":"<!-- This site is optimized with the Yoast SEO plugin v23.2 - https:\/\/yoast.com\/wordpress\/plugins\/seo\/ -->\n<title>Outdoor games - Skovly Camping v\/Mette Balleby<\/title>\n<meta name=\"description\" content=\"P\u00e5 Skovly Camping tilbydes planlagte aktiviteter i helligdagsferier og h\u00f8js\u00e6sonen, skattejagter og spil \u2013 sjov for hele familien.\" \/>\n<meta name=\"robots\" content=\"index, follow, max-snippet:-1, max-image-preview:large, max-video-preview:-1\" \/>\n<link rel=\"canonical\" href=\"https:\/\/skovlycamping.dk\/en\/outdoor-games\/\" \/>\n<meta property=\"og:locale\" content=\"en_US\" \/>\n<meta property=\"og:type\" content=\"article\" \/>\n<meta property=\"og:title\" content=\"Outdoor games - Skovly Camping v\/Mette Balleby\" \/>\n<meta property=\"og:description\" content=\"P\u00e5 Skovly Camping tilbydes planlagte aktiviteter i helligdagsferier og h\u00f8js\u00e6sonen, skattejagter og spil \u2013 sjov for hele familien.\" \/>\n<meta property=\"og:url\" content=\"https:\/\/skovlycamping.dk\/en\/outdoor-games\/\" \/>\n<meta property=\"og:site_name\" content=\"Skovly Camping v\/Mette Balleby\" \/>\n<meta property=\"article:modified_time\" content=\"2026-04-23T13:13:16+00:00\" \/>\n<meta name=\"twitter:card\" content=\"summary_large_image\" \/>\n<meta name=\"twitter:label1\" content=\"Est. reading time\" \/>\n\t<meta name=\"twitter:data1\" content=\"4 minutes\" \/>\n<!-- \/ Yoast SEO plugin. -->","yoast_head_json":{"title":"Outdoor games - Skovly Camping v\/Mette Balleby","description":"P\u00e5 Skovly Camping tilbydes planlagte aktiviteter i helligdagsferier og h\u00f8js\u00e6sonen, skattejagter og spil \u2013 sjov for hele familien.","robots":{"index":"index","follow":"follow","max-snippet":"max-snippet:-1","max-image-preview":"max-image-preview:large","max-video-preview":"max-video-preview:-1"},"canonical":"https:\/\/skovlycamping.dk\/en\/outdoor-games\/","og_locale":"en_US","og_type":"article","og_title":"Outdoor games - Skovly Camping v\/Mette Balleby","og_description":"P\u00e5 Skovly Camping tilbydes planlagte aktiviteter i helligdagsferier og h\u00f8js\u00e6sonen, skattejagter og spil \u2013 sjov for hele familien.","og_url":"https:\/\/skovlycamping.dk\/en\/outdoor-games\/","og_site_name":"Skovly Camping v\/Mette Balleby","article_modified_time":"2026-04-23T13:13:16+00:00","twitter_card":"summary_large_image","twitter_misc":{"Est. reading time":"4 minutes"},"schema":{"@context":"https:\/\/schema.org","@graph":[{"@type":"WebPage","@id":"https:\/\/skovlycamping.dk\/en\/outdoor-games\/","url":"https:\/\/skovlycamping.dk\/en\/outdoor-games\/","name":"Outdoor games - Skovly Camping v\/Mette Balleby","isPartOf":{"@id":"https:\/\/skovlycamping.dk\/en\/#website"},"datePublished":"2026-01-19T10:44:10+00:00","dateModified":"2026-04-23T13:13:16+00:00","description":"P\u00e5 Skovly Camping tilbydes planlagte aktiviteter i helligdagsferier og h\u00f8js\u00e6sonen, skattejagter og spil \u2013 sjov for hele familien.","breadcrumb":{"@id":"https:\/\/skovlycamping.dk\/en\/outdoor-games\/#breadcrumb"},"inLanguage":"en-US","potentialAction":[{"@type":"ReadAction","target":["https:\/\/skovlycamping.dk\/en\/outdoor-games\/"]}]},{"@type":"BreadcrumbList","@id":"https:\/\/skovlycamping.dk\/en\/outdoor-games\/#breadcrumb","itemListElement":[{"@type":"ListItem","position":1,"name":"Hjem","item":"https:\/\/skovlycamping.dk\/en\/"},{"@type":"ListItem","position":2,"name":"Outdoor games"}]},{"@type":"WebSite","@id":"https:\/\/skovlycamping.dk\/en\/#website","url":"https:\/\/skovlycamping.dk\/en\/","name":"Skovly Camping v\/Mette Balleby","description":"","potentialAction":[{"@type":"SearchAction","target":{"@type":"EntryPoint","urlTemplate":"https:\/\/skovlycamping.dk\/en\/?s={search_term_string}"},"query-input":"required name=search_term_string"}],"inLanguage":"en-US"}]}},"_links":{"self":[{"href":"https:\/\/skovlycamping.dk\/en\/wp-json\/wp\/v2\/pages\/5878"}],"collection":[{"href":"https:\/\/skovlycamping.dk\/en\/wp-json\/wp\/v2\/pages"}],"about":[{"href":"https:\/\/skovlycamping.dk\/en\/wp-json\/wp\/v2\/types\/page"}],"author":[{"embeddable":true,"href":"https:\/\/skovlycamping.dk\/en\/wp-json\/wp\/v2\/users\/2"}],"replies":[{"embeddable":true,"href":"https:\/\/skovlycamping.dk\/en\/wp-json\/wp\/v2\/comments?post=5878"}],"version-history":[{"count":5,"href":"https:\/\/skovlycamping.dk\/en\/wp-json\/wp\/v2\/pages\/5878\/revisions"}],"predecessor-version":[{"id":6578,"href":"https:\/\/skovlycamping.dk\/en\/wp-json\/wp\/v2\/pages\/5878\/revisions\/6578"}],"wp:attachment":[{"href":"https:\/\/skovlycamping.dk\/en\/wp-json\/wp\/v2\/media?parent=5878"}],"curies":[{"name":"wp","href":"https:\/\/api.w.org\/{rel}","templated":true}]}}