{"id":6523,"date":"2026-04-19T10:54:10","date_gmt":"2026-04-19T08:54:10","guid":{"rendered":"https:\/\/skovlycamping.dk\/?page_id=6523"},"modified":"2026-04-19T10:54:10","modified_gmt":"2026-04-19T08:54:10","slug":"vodatent-safaritelte","status":"publish","type":"page","link":"https:\/\/skovlycamping.dk\/nl\/vodatent-safaritelte\/","title":{"rendered":"Vodatent &#8211; Safaritelte"},"content":{"rendered":"<div class=\"flex max-w-full flex-col grow\">\n<div class=\"min-h-8 text-message relative flex w-full flex-col items-end gap-2 text-start break-words whitespace-normal [.text-message+&amp;]:mt-1\" dir=\"auto\" data-message-author-role=\"assistant\" data-message-id=\"325108a0-9bfd-4ffa-a558-863b37b24256\" data-message-model-slug=\"gpt-5-2\">\n<div class=\"flex w-full flex-col gap-1 empty:hidden first:pt-[1px]\">\n<div class=\"markdown prose dark:prose-invert w-full wrap-break-word light markdown-new-styling\">\n<p data-start=\"0\" data-end=\"196\"><strong>Nyhed 2026<\/strong><\/p>\n<p data-start=\"0\" data-end=\"251\">Oplev den perfekte kombination af natur og komfort i vores hyggelige safaritelte \u2013 idyllisk placeret med skoven helt t\u00e6t p\u00e5.\u00a0Teltene har en rummelig, overd\u00e6kket veranda, hvor I kan nyde morgenkaffen, samle familien til br\u00e6tspil eller slappe af efter en dag fuld af oplevelser.<\/p>\n<p data-start=\"489\" data-end=\"682\" data-is-last-node=\"\" data-is-only-node=\"\">Der er plads til op til 5 personer \u2013 perfekt til b\u00e5de familien eller en hyggelig tur med vennerne. Her f\u00e5r I \u00e6gte feriestemning i smukke, rolige omgivelser med naturen som n\u00e6rmeste nabo. \ud83c\udf3f\u2728<\/p>\n<p data-start=\"476\" data-end=\"707\" data-is-last-node=\"\" data-is-only-node=\"\">Derudover er der k\u00f8leskab, kaffemaskine og elkedel. Safariteltet har ogs\u00e5 to sovekabiner. Den ene sovekabine har en dobbeltseng (160&#215;200 cm), og den anden har en enkeltseng samt en k\u00f8jeseng. Alle senge er inklusive dyner og puder.<\/p>\n<\/div>\n<\/div>\n<\/div>\n<\/div>\n<h4><\/h4>\n<p>&nbsp;<\/p>\n<h4><span style=\"color: #000000;\">Praktisk info:<\/span><\/h4>\n<ul>\n<li><strong>Prisen:\u00a0<\/strong>er pr. d\u00f8gn inkl. str\u00f8m og max antal personer<\/li>\n<li><strong>Personantal: <\/strong>max 5 personer<\/li>\n<li><strong>Sengeplads:<\/strong> dobbeltseng, enkeltseng samt en k\u00f8jeseng<\/li>\n<li><strong>Dyne\/pude:\u00a0<\/strong>er i teltet<\/li>\n<li><strong>Linned (lagen, dyne- og pudebetr\u00e6k): <\/strong>skal I selv medbringe. Kan lejes for 75 kr. pr. s\u00e6t inkl. h\u00e5ndkl\u00e6de<\/li>\n<li><strong>K\u00f8kken: <\/strong>k\u00f8kken med k\u00f8leskab m\/ lille fryser, elkedel, kaffemaskine, kogeplade med to enheder, service samt k\u00f8kkengrej (gryde, pande, sk\u00e5le osv.)<\/li>\n<li><strong>Toilet\/bad:<\/strong> nej \/ nej<\/li>\n<li><strong>Vand:<\/strong> nej<\/li>\n<li><strong>Rygning:<\/strong> ja, udenfor teltet<\/li>\n<li><strong>Husdyr: <\/strong>ja, 25 kr. pr. d\u00f8gn pr. husdyr (uanset st\u00f8rrelse)<\/li>\n<li><strong>Antal n\u00e6tter: <\/strong>S\u00e6sonen l\u00f8ber 1. april &#8211; 30. oktober, min. 1 dag i lav s\u00e6son og min. 4 dage i h\u00f8js\u00e6son, se s\u00e6soner nedenfor.<\/li>\n<li><strong>Obligatorisk slutreng\u00f8ring: <\/strong>den klarer vi, pris 350 kr.<\/li>\n<\/ul>\n<p><iframe id=\"iframe-vodatent\" style=\"min-width: 100%; width: 100%; height: 1000px;\" src=\"https:\/\/embed.vodatent.com\/da\/skovly-camping\" frameborder=\"0\" scrolling=\"yes\"><\/iframe><br \/>\n<script>\n    iFrameResize({ log: false, scrolling: true }, \"#iframe-vodatent\")\n<\/script><\/p>\n","protected":false},"excerpt":{"rendered":"<p>Nyhed 2026 Oplev den perfekte kombination af natur og komfort i vores hyggelige safaritelte \u2013 idyllisk placeret med skoven helt&#8230;<\/p>\n","protected":false},"author":2,"featured_media":0,"parent":0,"menu_order":0,"comment_status":"closed","ping_status":"closed","template":"","meta":{"_acf_changed":false,"footnotes":""},"acf":[],"yoast_head":"<!-- This site is optimized with the Yoast SEO plugin v23.2 - https:\/\/yoast.com\/wordpress\/plugins\/seo\/ -->\n<title>Vodatent - Safaritelte - Skovly Camping v\/Mette Balleby<\/title>\n<meta name=\"robots\" content=\"index, follow, max-snippet:-1, max-image-preview:large, max-video-preview:-1\" \/>\n<link rel=\"canonical\" href=\"https:\/\/skovlycamping.dk\/nl\/vodatent-safaritelte\/\" \/>\n<meta property=\"og:locale\" content=\"nl_NL\" \/>\n<meta property=\"og:type\" content=\"article\" \/>\n<meta property=\"og:title\" content=\"Vodatent - Safaritelte - Skovly Camping v\/Mette Balleby\" \/>\n<meta property=\"og:description\" content=\"Nyhed 2026 Oplev den perfekte kombination af natur og komfort i vores hyggelige safaritelte \u2013 idyllisk placeret med skoven helt...\" \/>\n<meta property=\"og:url\" content=\"https:\/\/skovlycamping.dk\/nl\/vodatent-safaritelte\/\" \/>\n<meta property=\"og:site_name\" content=\"Skovly Camping v\/Mette Balleby\" \/>\n<meta name=\"twitter:card\" content=\"summary_large_image\" \/>\n<meta name=\"twitter:label1\" content=\"Geschatte leestijd\" \/>\n\t<meta name=\"twitter:data1\" content=\"2 minuten\" \/>\n<!-- \/ Yoast SEO plugin. -->","yoast_head_json":{"title":"Vodatent - Safaritelte - Skovly Camping v\/Mette Balleby","robots":{"index":"index","follow":"follow","max-snippet":"max-snippet:-1","max-image-preview":"max-image-preview:large","max-video-preview":"max-video-preview:-1"},"canonical":"https:\/\/skovlycamping.dk\/nl\/vodatent-safaritelte\/","og_locale":"nl_NL","og_type":"article","og_title":"Vodatent - Safaritelte - Skovly Camping v\/Mette Balleby","og_description":"Nyhed 2026 Oplev den perfekte kombination af natur og komfort i vores hyggelige safaritelte \u2013 idyllisk placeret med skoven helt...","og_url":"https:\/\/skovlycamping.dk\/nl\/vodatent-safaritelte\/","og_site_name":"Skovly Camping v\/Mette Balleby","twitter_card":"summary_large_image","twitter_misc":{"Geschatte leestijd":"2 minuten"},"schema":{"@context":"https:\/\/schema.org","@graph":[{"@type":"WebPage","@id":"https:\/\/skovlycamping.dk\/nl\/vodatent-safaritelte\/","url":"https:\/\/skovlycamping.dk\/nl\/vodatent-safaritelte\/","name":"Vodatent - Safaritelte - Skovly Camping v\/Mette Balleby","isPartOf":{"@id":"https:\/\/skovlycamping.dk\/nl\/#website"},"datePublished":"2026-04-19T08:54:10+00:00","dateModified":"2026-04-19T08:54:10+00:00","breadcrumb":{"@id":"https:\/\/skovlycamping.dk\/nl\/vodatent-safaritelte\/#breadcrumb"},"inLanguage":"nl-NL","potentialAction":[{"@type":"ReadAction","target":["https:\/\/skovlycamping.dk\/nl\/vodatent-safaritelte\/"]}]},{"@type":"BreadcrumbList","@id":"https:\/\/skovlycamping.dk\/nl\/vodatent-safaritelte\/#breadcrumb","itemListElement":[{"@type":"ListItem","position":1,"name":"Hjem","item":"https:\/\/skovlycamping.dk\/nl\/"},{"@type":"ListItem","position":2,"name":"Vodatent &#8211; Safaritelte"}]},{"@type":"WebSite","@id":"https:\/\/skovlycamping.dk\/nl\/#website","url":"https:\/\/skovlycamping.dk\/nl\/","name":"Skovly Camping v\/Mette Balleby","description":"","potentialAction":[{"@type":"SearchAction","target":{"@type":"EntryPoint","urlTemplate":"https:\/\/skovlycamping.dk\/nl\/?s={search_term_string}"},"query-input":"required name=search_term_string"}],"inLanguage":"nl-NL"}]}},"_links":{"self":[{"href":"https:\/\/skovlycamping.dk\/nl\/wp-json\/wp\/v2\/pages\/6523"}],"collection":[{"href":"https:\/\/skovlycamping.dk\/nl\/wp-json\/wp\/v2\/pages"}],"about":[{"href":"https:\/\/skovlycamping.dk\/nl\/wp-json\/wp\/v2\/types\/page"}],"author":[{"embeddable":true,"href":"https:\/\/skovlycamping.dk\/nl\/wp-json\/wp\/v2\/users\/2"}],"replies":[{"embeddable":true,"href":"https:\/\/skovlycamping.dk\/nl\/wp-json\/wp\/v2\/comments?post=6523"}],"version-history":[{"count":1,"href":"https:\/\/skovlycamping.dk\/nl\/wp-json\/wp\/v2\/pages\/6523\/revisions"}],"predecessor-version":[{"id":6528,"href":"https:\/\/skovlycamping.dk\/nl\/wp-json\/wp\/v2\/pages\/6523\/revisions\/6528"}],"wp:attachment":[{"href":"https:\/\/skovlycamping.dk\/nl\/wp-json\/wp\/v2\/media?parent=6523"}],"curies":[{"name":"wp","href":"https:\/\/api.w.org\/{rel}","templated":true}]}}